{"id":221,"date":"2017-04-04T09:02:06","date_gmt":"2017-04-04T09:02:06","guid":{"rendered":"http:\/\/www.indubombas.es\/?page_id=221"},"modified":"2017-04-11T07:45:59","modified_gmt":"2017-04-11T07:45:59","slug":"bombas-canal-lateral","status":"publish","type":"page","link":"https:\/\/www.indubombas.es\/index.php\/productos\/speck\/bombas-canal-lateral\/","title":{"rendered":"Bombas de canal lateral"},"content":{"rendered":"<table class=\" aligncenter\" style=\"width: 892px;\">\n<tbody>\n<tr>\n<td style=\"width: 1315px;\" colspan=\"3\">\n<h3><span style=\"font-family: arial, helvetica, sans-serif; font-size: 20px;\"><strong>Ventajas<\/strong><\/span><\/h3>\n<ul>\n<li><span style=\"font-family: arial, helvetica, sans-serif; font-size: 16px;\">Bombas fiables de uso universal<\/span><\/li>\n<li><span style=\"font-family: arial, helvetica, sans-serif; font-size: 16px;\">Dise\u00f1adas para la alimentaci\u00f3n, el llenado y el vaciado en las condiciones f\u00edsicas m\u00e1s dif\u00edciles<\/span><\/li>\n<\/ul>\n<h3><span style=\"font-family: arial, helvetica, sans-serif; font-size: 20px;\"><strong>Construcci\u00f3n<\/strong><\/span><\/h3>\n<ul>\n<li><span style=\"font-family: arial, helvetica, sans-serif; font-size: 16px;\">Sistema modular con 6 series<\/span><\/li>\n<li><span style=\"font-family: arial, helvetica, sans-serif; font-size: 16px;\">Bombas modulares horizontales multietapa con placa base o anillo linterna, con rodamientos exteriores o cojinetes de deslizamiento interiores<\/span><\/li>\n<li><span style=\"font-family: arial, helvetica, sans-serif; font-size: 16px;\">Consultar cierres mec\u00e1nicos de simple y doble efecto en funci\u00f3n del fluido<\/span><\/li>\n<li><span style=\"font-family: arial, helvetica, sans-serif; font-size: 16px;\">Amplia gama de accionamientos magn\u00e9ticos para la mejor configuraci\u00f3n con respecto al punto de servicio<\/span><\/li>\n<li><span style=\"font-family: arial, helvetica, sans-serif; font-size: 16px;\">Separadores de cer\u00e1mica opcionales para evitar p\u00e9rdidas por corrientes par\u00e1sitas<\/span><\/li>\n<li><span style=\"font-family: arial, helvetica, sans-serif; font-size: 16px;\">Bomba combinada ASK \/ ASK-MK con etapa previa NPSH adicional (impulsor radial)<\/span><\/li>\n<li><span style=\"font-family: arial, helvetica, sans-serif; font-size: 16px;\">Ejecuciones de bronce y fundici\u00f3n esferoidal<\/span><\/li>\n<li><span style=\"font-family: arial, helvetica, sans-serif; font-size: 16px;\">La peque\u00f1a bomba de canal lateral GY con cierre mec\u00e1nico completa el margen de alimentaci\u00f3n inferior.<\/span><\/li>\n<\/ul>\n<h3><span style=\"font-family: arial, helvetica, sans-serif; font-size: 20px;\"><strong>Gama de potencia<\/strong><\/span><\/h3>\n<ul>\n<li><span style=\"font-family: arial, helvetica, sans-serif; font-size: 16px;\">PN 40<\/span><\/li>\n<li><span style=\"font-family: arial, helvetica, sans-serif; font-size: 16px;\">Hm\u00e1x 400 m (50 Hz)<\/span><\/li>\n<li><span style=\"font-family: arial, helvetica, sans-serif; font-size: 16px;\">Qm\u00e1x 42 m\u00b3\/h (50 Hz)<\/span><\/li>\n<li><span style=\"font-family: arial, helvetica, sans-serif; font-size: 16px;\">Tm\u00e1x<\/span><br \/>\n<span style=\"font-family: arial, helvetica, sans-serif; font-size: 16px;\"> Agua caliente hasta 180 \u00b0C<\/span><br \/>\n<span style=\"font-family: arial, helvetica, sans-serif; font-size: 16px;\"> Aceites portadores de calor de -100 \u00b0C a 350 \u00b0C<\/span><br \/>\n<span style=\"font-family: arial, helvetica, sans-serif; font-size: 16px;\"> Consultar otros fluidos<\/span><\/li>\n<li><span style=\"font-family: arial, helvetica, sans-serif; font-size: 16px;\">ATEX II 2GD IIC cb TX<\/span><\/li>\n<\/ul>\n<\/td>\n<\/tr>\n<tr>\n<td style=\"width: 600px;\">\n<h2><a title=\"Modelo SKG\" href=\"https:\/\/www.indubombas.es\/index.php\/productos\/speck\/bombas-canal-lateral\/modelo-skg\/\"><span style=\"font-family: arial, helvetica, sans-serif;\"><strong>Modelo SKG<\/strong><\/span><\/a><\/h2>\n<\/td>\n<td style=\"width: 87px;\"><\/td>\n<td style=\"width: 628px;\">\n<h2><a title=\"Modelo ASKG\" href=\"https:\/\/www.indubombas.es\/index.php\/productos\/speck\/bombas-canal-lateral\/modelo-askg\/\"><span style=\"font-family: arial, helvetica, sans-serif;\"><strong>Modelo ASKG<\/strong><\/span><\/a><\/h2>\n<\/td>\n<\/tr>\n<tr>\n<td style=\"width: 600px;\"><a title=\"Modelo ASKG\" href=\"https:\/\/www.indubombas.es\/index.php\/productos\/speck\/bombas-canal-lateral\/modelo-askg\/\"><span style=\"font-family: arial, helvetica, sans-serif;\">\u00a0<\/span><\/a><a href=\"https:\/\/www.indubombas.es\/index.php\/productos\/speck\/bombas-canal-lateral\/modelo-skg\/\"><img loading=\"lazy\" decoding=\"async\" class=\"alignnone wp-image-227\" src=\"https:\/\/www.indubombas.es\/wp-content\/uploads\/2017\/04\/skg.png\" alt=\"\" width=\"420\" height=\"304\" srcset=\"https:\/\/www.indubombas.es\/wp-content\/uploads\/2017\/04\/skg.png 618w, https:\/\/www.indubombas.es\/wp-content\/uploads\/2017\/04\/skg-300x217.png 300w\" sizes=\"auto, (max-width: 420px) 100vw, 420px\" \/><\/a><\/td>\n<td style=\"width: 87px;\"><\/td>\n<td style=\"width: 628px;\">\n<h3><a href=\"https:\/\/www.indubombas.es\/index.php\/productos\/speck\/bombas-canal-lateral\/modelo-askg\/\"><img loading=\"lazy\" decoding=\"async\" class=\"alignnone wp-image-234\" src=\"https:\/\/www.indubombas.es\/wp-content\/uploads\/2017\/04\/ASKG.png\" alt=\"\" width=\"420\" height=\"304\" srcset=\"https:\/\/www.indubombas.es\/wp-content\/uploads\/2017\/04\/ASKG.png 618w, https:\/\/www.indubombas.es\/wp-content\/uploads\/2017\/04\/ASKG-300x217.png 300w\" sizes=\"auto, (max-width: 420px) 100vw, 420px\" \/><\/a><\/h3>\n<\/td>\n<\/tr>\n<\/tbody>\n<\/table>\n","protected":false},"excerpt":{"rendered":"<p>Ventajas Bombas fiables de uso universal Dise\u00f1adas para la alimentaci\u00f3n, el llenado y el vaciado en las condiciones f\u00edsicas m\u00e1s dif\u00edciles Construcci\u00f3n Sistema modular con 6 series Bombas modulares horizontales multietapa con placa base o anillo linterna, con rodamientos exteriores o cojinetes de deslizamiento interiores Consultar cierres mec\u00e1nicos de simple y doble efecto en funci\u00f3n [&hellip;]<\/p>\n","protected":false},"author":1,"featured_media":0,"parent":169,"menu_order":0,"comment_status":"closed","ping_status":"closed","template":"","meta":{"_acf_changed":false,"footnotes":""},"class_list":["post-221","page","type-page","status-publish","czr-hentry"],"acf":[],"yoast_head":"<!-- This site is optimized with the Yoast SEO plugin v27.0 - https:\/\/yoast.com\/product\/yoast-seo-wordpress\/ -->\n<title>Bombas de canal lateral<\/title>\n<meta name=\"robots\" content=\"index, follow, max-snippet:-1, max-image-preview:large, max-video-preview:-1\" \/>\n<link rel=\"canonical\" href=\"https:\/\/www.indubombas.es\/index.php\/productos\/speck\/bombas-canal-lateral\/\" \/>\n<meta property=\"og:locale\" content=\"es_ES\" \/>\n<meta property=\"og:type\" content=\"article\" \/>\n<meta property=\"og:title\" content=\"Bombas de canal lateral\" \/>\n<meta property=\"og:description\" content=\"Ventajas Bombas fiables de uso universal Dise\u00f1adas para la alimentaci\u00f3n, el llenado y el vaciado en las condiciones f\u00edsicas m\u00e1s dif\u00edciles Construcci\u00f3n Sistema modular con 6 series Bombas modulares horizontales multietapa con placa base o anillo linterna, con rodamientos exteriores o cojinetes de deslizamiento interiores Consultar cierres mec\u00e1nicos de simple y doble efecto en funci\u00f3n [&hellip;]\" \/>\n<meta property=\"og:url\" content=\"https:\/\/www.indubombas.es\/index.php\/productos\/speck\/bombas-canal-lateral\/\" \/>\n<meta property=\"og:site_name\" content=\"InduBombas\" \/>\n<meta property=\"article:modified_time\" content=\"2017-04-11T07:45:59+00:00\" \/>\n<meta property=\"og:image\" content=\"http:\/\/www.indubombas.es\/wp-content\/uploads\/2017\/04\/skg.png\" \/>\n<meta name=\"twitter:card\" content=\"summary_large_image\" \/>\n<meta name=\"twitter:label1\" content=\"Tiempo de lectura\" \/>\n\t<meta name=\"twitter:data1\" content=\"1 minuto\" \/>\n<script type=\"application\/ld+json\" class=\"yoast-schema-graph\">{\"@context\":\"https:\/\/schema.org\",\"@graph\":[{\"@type\":\"WebPage\",\"@id\":\"https:\/\/www.indubombas.es\/index.php\/productos\/speck\/bombas-canal-lateral\/\",\"url\":\"https:\/\/www.indubombas.es\/index.php\/productos\/speck\/bombas-canal-lateral\/\",\"name\":\"Bombas de canal lateral\",\"isPartOf\":{\"@id\":\"https:\/\/www.indubombas.es\/#website\"},\"primaryImageOfPage\":{\"@id\":\"https:\/\/www.indubombas.es\/index.php\/productos\/speck\/bombas-canal-lateral\/#primaryimage\"},\"image\":{\"@id\":\"https:\/\/www.indubombas.es\/index.php\/productos\/speck\/bombas-canal-lateral\/#primaryimage\"},\"thumbnailUrl\":\"http:\/\/www.indubombas.es\/wp-content\/uploads\/2017\/04\/skg.png\",\"datePublished\":\"2017-04-04T09:02:06+00:00\",\"dateModified\":\"2017-04-11T07:45:59+00:00\",\"breadcrumb\":{\"@id\":\"https:\/\/www.indubombas.es\/index.php\/productos\/speck\/bombas-canal-lateral\/#breadcrumb\"},\"inLanguage\":\"es\",\"potentialAction\":[{\"@type\":\"ReadAction\",\"target\":[\"https:\/\/www.indubombas.es\/index.php\/productos\/speck\/bombas-canal-lateral\/\"]}]},{\"@type\":\"ImageObject\",\"inLanguage\":\"es\",\"@id\":\"https:\/\/www.indubombas.es\/index.php\/productos\/speck\/bombas-canal-lateral\/#primaryimage\",\"url\":\"http:\/\/www.indubombas.es\/wp-content\/uploads\/2017\/04\/skg.png\",\"contentUrl\":\"http:\/\/www.indubombas.es\/wp-content\/uploads\/2017\/04\/skg.png\"},{\"@type\":\"BreadcrumbList\",\"@id\":\"https:\/\/www.indubombas.es\/index.php\/productos\/speck\/bombas-canal-lateral\/#breadcrumb\",\"itemListElement\":[{\"@type\":\"ListItem\",\"position\":1,\"name\":\"Portada\",\"item\":\"https:\/\/www.indubombas.es\/\"},{\"@type\":\"ListItem\",\"position\":2,\"name\":\"Productos\",\"item\":\"https:\/\/www.indubombas.es\/index.php\/productos\/\"},{\"@type\":\"ListItem\",\"position\":3,\"name\":\"SPECK\",\"item\":\"https:\/\/www.indubombas.es\/index.php\/productos\/speck\/\"},{\"@type\":\"ListItem\",\"position\":4,\"name\":\"Bombas de canal lateral\"}]},{\"@type\":\"WebSite\",\"@id\":\"https:\/\/www.indubombas.es\/#website\",\"url\":\"https:\/\/www.indubombas.es\/\",\"name\":\"InduBombas\",\"description\":\"\",\"publisher\":{\"@id\":\"https:\/\/www.indubombas.es\/#organization\"},\"potentialAction\":[{\"@type\":\"SearchAction\",\"target\":{\"@type\":\"EntryPoint\",\"urlTemplate\":\"https:\/\/www.indubombas.es\/?s={search_term_string}\"},\"query-input\":{\"@type\":\"PropertyValueSpecification\",\"valueRequired\":true,\"valueName\":\"search_term_string\"}}],\"inLanguage\":\"es\"},{\"@type\":\"Organization\",\"@id\":\"https:\/\/www.indubombas.es\/#organization\",\"name\":\"Indubombas\",\"url\":\"https:\/\/www.indubombas.es\/\",\"logo\":{\"@type\":\"ImageObject\",\"inLanguage\":\"es\",\"@id\":\"https:\/\/www.indubombas.es\/#\/schema\/logo\/image\/\",\"url\":\"http:\/\/www.indubombas.es\/wp-content\/uploads\/2017\/03\/cropped-Logo-INDUBOMBAS-1.jpg\",\"contentUrl\":\"http:\/\/www.indubombas.es\/wp-content\/uploads\/2017\/03\/cropped-Logo-INDUBOMBAS-1.jpg\",\"width\":2667,\"height\":1181,\"caption\":\"Indubombas\"},\"image\":{\"@id\":\"https:\/\/www.indubombas.es\/#\/schema\/logo\/image\/\"}}]}<\/script>\n<!-- \/ Yoast SEO plugin. -->","yoast_head_json":{"title":"Bombas de canal lateral","robots":{"index":"index","follow":"follow","max-snippet":"max-snippet:-1","max-image-preview":"max-image-preview:large","max-video-preview":"max-video-preview:-1"},"canonical":"https:\/\/www.indubombas.es\/index.php\/productos\/speck\/bombas-canal-lateral\/","og_locale":"es_ES","og_type":"article","og_title":"Bombas de canal lateral","og_description":"Ventajas Bombas fiables de uso universal Dise\u00f1adas para la alimentaci\u00f3n, el llenado y el vaciado en las condiciones f\u00edsicas m\u00e1s dif\u00edciles Construcci\u00f3n Sistema modular con 6 series Bombas modulares horizontales multietapa con placa base o anillo linterna, con rodamientos exteriores o cojinetes de deslizamiento interiores Consultar cierres mec\u00e1nicos de simple y doble efecto en funci\u00f3n [&hellip;]","og_url":"https:\/\/www.indubombas.es\/index.php\/productos\/speck\/bombas-canal-lateral\/","og_site_name":"InduBombas","article_modified_time":"2017-04-11T07:45:59+00:00","og_image":[{"url":"http:\/\/www.indubombas.es\/wp-content\/uploads\/2017\/04\/skg.png","type":"","width":"","height":""}],"twitter_card":"summary_large_image","twitter_misc":{"Tiempo de lectura":"1 minuto"},"schema":{"@context":"https:\/\/schema.org","@graph":[{"@type":"WebPage","@id":"https:\/\/www.indubombas.es\/index.php\/productos\/speck\/bombas-canal-lateral\/","url":"https:\/\/www.indubombas.es\/index.php\/productos\/speck\/bombas-canal-lateral\/","name":"Bombas de canal lateral","isPartOf":{"@id":"https:\/\/www.indubombas.es\/#website"},"primaryImageOfPage":{"@id":"https:\/\/www.indubombas.es\/index.php\/productos\/speck\/bombas-canal-lateral\/#primaryimage"},"image":{"@id":"https:\/\/www.indubombas.es\/index.php\/productos\/speck\/bombas-canal-lateral\/#primaryimage"},"thumbnailUrl":"http:\/\/www.indubombas.es\/wp-content\/uploads\/2017\/04\/skg.png","datePublished":"2017-04-04T09:02:06+00:00","dateModified":"2017-04-11T07:45:59+00:00","breadcrumb":{"@id":"https:\/\/www.indubombas.es\/index.php\/productos\/speck\/bombas-canal-lateral\/#breadcrumb"},"inLanguage":"es","potentialAction":[{"@type":"ReadAction","target":["https:\/\/www.indubombas.es\/index.php\/productos\/speck\/bombas-canal-lateral\/"]}]},{"@type":"ImageObject","inLanguage":"es","@id":"https:\/\/www.indubombas.es\/index.php\/productos\/speck\/bombas-canal-lateral\/#primaryimage","url":"http:\/\/www.indubombas.es\/wp-content\/uploads\/2017\/04\/skg.png","contentUrl":"http:\/\/www.indubombas.es\/wp-content\/uploads\/2017\/04\/skg.png"},{"@type":"BreadcrumbList","@id":"https:\/\/www.indubombas.es\/index.php\/productos\/speck\/bombas-canal-lateral\/#breadcrumb","itemListElement":[{"@type":"ListItem","position":1,"name":"Portada","item":"https:\/\/www.indubombas.es\/"},{"@type":"ListItem","position":2,"name":"Productos","item":"https:\/\/www.indubombas.es\/index.php\/productos\/"},{"@type":"ListItem","position":3,"name":"SPECK","item":"https:\/\/www.indubombas.es\/index.php\/productos\/speck\/"},{"@type":"ListItem","position":4,"name":"Bombas de canal lateral"}]},{"@type":"WebSite","@id":"https:\/\/www.indubombas.es\/#website","url":"https:\/\/www.indubombas.es\/","name":"InduBombas","description":"","publisher":{"@id":"https:\/\/www.indubombas.es\/#organization"},"potentialAction":[{"@type":"SearchAction","target":{"@type":"EntryPoint","urlTemplate":"https:\/\/www.indubombas.es\/?s={search_term_string}"},"query-input":{"@type":"PropertyValueSpecification","valueRequired":true,"valueName":"search_term_string"}}],"inLanguage":"es"},{"@type":"Organization","@id":"https:\/\/www.indubombas.es\/#organization","name":"Indubombas","url":"https:\/\/www.indubombas.es\/","logo":{"@type":"ImageObject","inLanguage":"es","@id":"https:\/\/www.indubombas.es\/#\/schema\/logo\/image\/","url":"http:\/\/www.indubombas.es\/wp-content\/uploads\/2017\/03\/cropped-Logo-INDUBOMBAS-1.jpg","contentUrl":"http:\/\/www.indubombas.es\/wp-content\/uploads\/2017\/03\/cropped-Logo-INDUBOMBAS-1.jpg","width":2667,"height":1181,"caption":"Indubombas"},"image":{"@id":"https:\/\/www.indubombas.es\/#\/schema\/logo\/image\/"}}]}},"_links":{"self":[{"href":"https:\/\/www.indubombas.es\/index.php\/wp-json\/wp\/v2\/pages\/221","targetHints":{"allow":["GET"]}}],"collection":[{"href":"https:\/\/www.indubombas.es\/index.php\/wp-json\/wp\/v2\/pages"}],"about":[{"href":"https:\/\/www.indubombas.es\/index.php\/wp-json\/wp\/v2\/types\/page"}],"author":[{"embeddable":true,"href":"https:\/\/www.indubombas.es\/index.php\/wp-json\/wp\/v2\/users\/1"}],"replies":[{"embeddable":true,"href":"https:\/\/www.indubombas.es\/index.php\/wp-json\/wp\/v2\/comments?post=221"}],"version-history":[{"count":25,"href":"https:\/\/www.indubombas.es\/index.php\/wp-json\/wp\/v2\/pages\/221\/revisions"}],"predecessor-version":[{"id":611,"href":"https:\/\/www.indubombas.es\/index.php\/wp-json\/wp\/v2\/pages\/221\/revisions\/611"}],"up":[{"embeddable":true,"href":"https:\/\/www.indubombas.es\/index.php\/wp-json\/wp\/v2\/pages\/169"}],"wp:attachment":[{"href":"https:\/\/www.indubombas.es\/index.php\/wp-json\/wp\/v2\/media?parent=221"}],"curies":[{"name":"wp","href":"https:\/\/api.w.org\/{rel}","templated":true}]}}