{"id":310,"date":"2017-04-04T15:43:59","date_gmt":"2017-04-04T15:43:59","guid":{"rendered":"http:\/\/www.indubombas.es\/?page_id=310"},"modified":"2017-04-11T08:47:26","modified_gmt":"2017-04-11T08:47:26","slug":"bombas-monobloc","status":"publish","type":"page","link":"https:\/\/www.indubombas.es\/index.php\/productos\/speck\/bombas-monobloc\/","title":{"rendered":"Bombas monobloc"},"content":{"rendered":"<table class=\" aligncenter\" style=\"width: 904px;\">\n<tbody>\n<tr>\n<td style=\"width: 843px;\" colspan=\"2\">\n<h3><strong>Ventajas<\/strong><\/h3>\n<ul>\n<li>Bombas de uso universal que son apropiadas para muchas aplicaciones industriales.<\/li>\n<li>Dimensiones reducidas<\/li>\n<\/ul>\n<h3><strong>Construcci\u00f3n<\/strong><\/h3>\n<ol>\n<li>El eje del motor es el eje del la bomba<\/li>\n<li>Conexiones roscadas<\/li>\n<li>Cierre mec\u00e1nico de carb\u00f3n, SiC o FKM. Consultar otras ejecuciones de materiales distintos en funci\u00f3n del fluido<\/li>\n<li>Ejecuciones en fundici\u00f3n gris o acero inoxidable<\/li>\n<\/ol>\n<h3><strong>Gama de potencia<\/strong><\/h3>\n<ul>\n<li>Hmax 10 \u2013 55 m (50 Hz)<br \/>\nQmax 11 \u2013 14 m\u00b3\/h (50 Hz<\/li>\n<li>Tm\u00e1x<br \/>\nAgua hasta 140 \u00b0C<br \/>\nAceite hasta 140 \u00b0C<br \/>\nConsultar otros fluidos<\/li>\n<li>ATEX II 2GD IIC cb TX<\/li>\n<\/ul>\n<\/td>\n<\/tr>\n<tr>\n<td style=\"width: 427px;\">\n<h3><a title=\"Modelo ME-303-1\" href=\"https:\/\/www.indubombas.es\/index.php\/productos\/speck\/bombas-monobloc\/modelo-me-303-1\/\"><strong> Modelo<\/strong> <strong>ME-303-1<\/strong><\/a><\/h3>\n<\/td>\n<td style=\"width: 416px;\">\n<h3>\u00a0<a title=\"Modelo MZ-35 \/ 40-2\" href=\"https:\/\/www.indubombas.es\/index.php\/productos\/speck\/bombas-monobloc\/modelo-mz-35-40-2\/\"><strong>Modelo<\/strong> <strong>MZ-35 \/ 40-2<\/strong><\/a><\/h3>\n<\/td>\n<\/tr>\n<tr>\n<td style=\"width: 427px;\">\n<h3><a href=\"https:\/\/www.indubombas.es\/index.php\/productos\/speck\/bombas-monobloc\/modelo-me-303-1\/\"><img loading=\"lazy\" decoding=\"async\" class=\"aligncenter wp-image-311\" src=\"https:\/\/www.indubombas.es\/wp-content\/uploads\/2017\/04\/me-303.jpg\" alt=\"\" width=\"401\" height=\"300\" srcset=\"https:\/\/www.indubombas.es\/wp-content\/uploads\/2017\/04\/me-303.jpg 400w, https:\/\/www.indubombas.es\/wp-content\/uploads\/2017\/04\/me-303-300x225.jpg 300w\" sizes=\"auto, (max-width: 401px) 100vw, 401px\" \/><\/a><\/h3>\n<\/td>\n<td style=\"width: 416px;\">\n<h3><a href=\"https:\/\/www.indubombas.es\/index.php\/productos\/speck\/bombas-monobloc\/modelo-mz-35-40-2\/\"><img loading=\"lazy\" decoding=\"async\" class=\"aligncenter wp-image-314\" src=\"https:\/\/www.indubombas.es\/wp-content\/uploads\/2017\/04\/MZ-35-2.png\" alt=\"\" width=\"400\" height=\"289\" srcset=\"https:\/\/www.indubombas.es\/wp-content\/uploads\/2017\/04\/MZ-35-2.png 618w, https:\/\/www.indubombas.es\/wp-content\/uploads\/2017\/04\/MZ-35-2-300x217.png 300w\" sizes=\"auto, (max-width: 400px) 100vw, 400px\" \/><\/a><\/h3>\n<\/td>\n<\/tr>\n<\/tbody>\n<\/table>\n","protected":false},"excerpt":{"rendered":"<p>Ventajas Bombas de uso universal que son apropiadas para muchas aplicaciones industriales. Dimensiones reducidas Construcci\u00f3n El eje del motor es el eje del la bomba Conexiones roscadas Cierre mec\u00e1nico de carb\u00f3n, SiC o FKM. Consultar otras ejecuciones de materiales distintos en funci\u00f3n del fluido Ejecuciones en fundici\u00f3n gris o acero inoxidable Gama de potencia Hmax [&hellip;]<\/p>\n","protected":false},"author":1,"featured_media":0,"parent":169,"menu_order":0,"comment_status":"closed","ping_status":"closed","template":"","meta":{"_acf_changed":false,"footnotes":""},"class_list":["post-310","page","type-page","status-publish","czr-hentry"],"acf":[],"yoast_head":"<!-- This site is optimized with the Yoast SEO plugin v27.0 - https:\/\/yoast.com\/product\/yoast-seo-wordpress\/ -->\n<title>Bombas monobloc<\/title>\n<meta name=\"robots\" content=\"index, follow, max-snippet:-1, max-image-preview:large, max-video-preview:-1\" \/>\n<link rel=\"canonical\" href=\"https:\/\/www.indubombas.es\/index.php\/productos\/speck\/bombas-monobloc\/\" \/>\n<meta property=\"og:locale\" content=\"es_ES\" \/>\n<meta property=\"og:type\" content=\"article\" \/>\n<meta property=\"og:title\" content=\"Bombas monobloc\" \/>\n<meta property=\"og:description\" content=\"Ventajas Bombas de uso universal que son apropiadas para muchas aplicaciones industriales. Dimensiones reducidas Construcci\u00f3n El eje del motor es el eje del la bomba Conexiones roscadas Cierre mec\u00e1nico de carb\u00f3n, SiC o FKM. Consultar otras ejecuciones de materiales distintos en funci\u00f3n del fluido Ejecuciones en fundici\u00f3n gris o acero inoxidable Gama de potencia Hmax [&hellip;]\" \/>\n<meta property=\"og:url\" content=\"https:\/\/www.indubombas.es\/index.php\/productos\/speck\/bombas-monobloc\/\" \/>\n<meta property=\"og:site_name\" content=\"InduBombas\" \/>\n<meta property=\"article:modified_time\" content=\"2017-04-11T08:47:26+00:00\" \/>\n<meta property=\"og:image\" content=\"http:\/\/www.indubombas.es\/wp-content\/uploads\/2017\/04\/me-303.jpg\" \/>\n<meta name=\"twitter:card\" content=\"summary_large_image\" \/>\n<script type=\"application\/ld+json\" class=\"yoast-schema-graph\">{\"@context\":\"https:\/\/schema.org\",\"@graph\":[{\"@type\":\"WebPage\",\"@id\":\"https:\/\/www.indubombas.es\/index.php\/productos\/speck\/bombas-monobloc\/\",\"url\":\"https:\/\/www.indubombas.es\/index.php\/productos\/speck\/bombas-monobloc\/\",\"name\":\"Bombas monobloc\",\"isPartOf\":{\"@id\":\"https:\/\/www.indubombas.es\/#website\"},\"primaryImageOfPage\":{\"@id\":\"https:\/\/www.indubombas.es\/index.php\/productos\/speck\/bombas-monobloc\/#primaryimage\"},\"image\":{\"@id\":\"https:\/\/www.indubombas.es\/index.php\/productos\/speck\/bombas-monobloc\/#primaryimage\"},\"thumbnailUrl\":\"http:\/\/www.indubombas.es\/wp-content\/uploads\/2017\/04\/me-303.jpg\",\"datePublished\":\"2017-04-04T15:43:59+00:00\",\"dateModified\":\"2017-04-11T08:47:26+00:00\",\"breadcrumb\":{\"@id\":\"https:\/\/www.indubombas.es\/index.php\/productos\/speck\/bombas-monobloc\/#breadcrumb\"},\"inLanguage\":\"es\",\"potentialAction\":[{\"@type\":\"ReadAction\",\"target\":[\"https:\/\/www.indubombas.es\/index.php\/productos\/speck\/bombas-monobloc\/\"]}]},{\"@type\":\"ImageObject\",\"inLanguage\":\"es\",\"@id\":\"https:\/\/www.indubombas.es\/index.php\/productos\/speck\/bombas-monobloc\/#primaryimage\",\"url\":\"http:\/\/www.indubombas.es\/wp-content\/uploads\/2017\/04\/me-303.jpg\",\"contentUrl\":\"http:\/\/www.indubombas.es\/wp-content\/uploads\/2017\/04\/me-303.jpg\"},{\"@type\":\"BreadcrumbList\",\"@id\":\"https:\/\/www.indubombas.es\/index.php\/productos\/speck\/bombas-monobloc\/#breadcrumb\",\"itemListElement\":[{\"@type\":\"ListItem\",\"position\":1,\"name\":\"Portada\",\"item\":\"https:\/\/www.indubombas.es\/\"},{\"@type\":\"ListItem\",\"position\":2,\"name\":\"Productos\",\"item\":\"https:\/\/www.indubombas.es\/index.php\/productos\/\"},{\"@type\":\"ListItem\",\"position\":3,\"name\":\"SPECK\",\"item\":\"https:\/\/www.indubombas.es\/index.php\/productos\/speck\/\"},{\"@type\":\"ListItem\",\"position\":4,\"name\":\"Bombas monobloc\"}]},{\"@type\":\"WebSite\",\"@id\":\"https:\/\/www.indubombas.es\/#website\",\"url\":\"https:\/\/www.indubombas.es\/\",\"name\":\"InduBombas\",\"description\":\"\",\"publisher\":{\"@id\":\"https:\/\/www.indubombas.es\/#organization\"},\"potentialAction\":[{\"@type\":\"SearchAction\",\"target\":{\"@type\":\"EntryPoint\",\"urlTemplate\":\"https:\/\/www.indubombas.es\/?s={search_term_string}\"},\"query-input\":{\"@type\":\"PropertyValueSpecification\",\"valueRequired\":true,\"valueName\":\"search_term_string\"}}],\"inLanguage\":\"es\"},{\"@type\":\"Organization\",\"@id\":\"https:\/\/www.indubombas.es\/#organization\",\"name\":\"Indubombas\",\"url\":\"https:\/\/www.indubombas.es\/\",\"logo\":{\"@type\":\"ImageObject\",\"inLanguage\":\"es\",\"@id\":\"https:\/\/www.indubombas.es\/#\/schema\/logo\/image\/\",\"url\":\"http:\/\/www.indubombas.es\/wp-content\/uploads\/2017\/03\/cropped-Logo-INDUBOMBAS-1.jpg\",\"contentUrl\":\"http:\/\/www.indubombas.es\/wp-content\/uploads\/2017\/03\/cropped-Logo-INDUBOMBAS-1.jpg\",\"width\":2667,\"height\":1181,\"caption\":\"Indubombas\"},\"image\":{\"@id\":\"https:\/\/www.indubombas.es\/#\/schema\/logo\/image\/\"}}]}<\/script>\n<!-- \/ Yoast SEO plugin. -->","yoast_head_json":{"title":"Bombas monobloc","robots":{"index":"index","follow":"follow","max-snippet":"max-snippet:-1","max-image-preview":"max-image-preview:large","max-video-preview":"max-video-preview:-1"},"canonical":"https:\/\/www.indubombas.es\/index.php\/productos\/speck\/bombas-monobloc\/","og_locale":"es_ES","og_type":"article","og_title":"Bombas monobloc","og_description":"Ventajas Bombas de uso universal que son apropiadas para muchas aplicaciones industriales. Dimensiones reducidas Construcci\u00f3n El eje del motor es el eje del la bomba Conexiones roscadas Cierre mec\u00e1nico de carb\u00f3n, SiC o FKM. Consultar otras ejecuciones de materiales distintos en funci\u00f3n del fluido Ejecuciones en fundici\u00f3n gris o acero inoxidable Gama de potencia Hmax [&hellip;]","og_url":"https:\/\/www.indubombas.es\/index.php\/productos\/speck\/bombas-monobloc\/","og_site_name":"InduBombas","article_modified_time":"2017-04-11T08:47:26+00:00","og_image":[{"url":"http:\/\/www.indubombas.es\/wp-content\/uploads\/2017\/04\/me-303.jpg","type":"","width":"","height":""}],"twitter_card":"summary_large_image","schema":{"@context":"https:\/\/schema.org","@graph":[{"@type":"WebPage","@id":"https:\/\/www.indubombas.es\/index.php\/productos\/speck\/bombas-monobloc\/","url":"https:\/\/www.indubombas.es\/index.php\/productos\/speck\/bombas-monobloc\/","name":"Bombas monobloc","isPartOf":{"@id":"https:\/\/www.indubombas.es\/#website"},"primaryImageOfPage":{"@id":"https:\/\/www.indubombas.es\/index.php\/productos\/speck\/bombas-monobloc\/#primaryimage"},"image":{"@id":"https:\/\/www.indubombas.es\/index.php\/productos\/speck\/bombas-monobloc\/#primaryimage"},"thumbnailUrl":"http:\/\/www.indubombas.es\/wp-content\/uploads\/2017\/04\/me-303.jpg","datePublished":"2017-04-04T15:43:59+00:00","dateModified":"2017-04-11T08:47:26+00:00","breadcrumb":{"@id":"https:\/\/www.indubombas.es\/index.php\/productos\/speck\/bombas-monobloc\/#breadcrumb"},"inLanguage":"es","potentialAction":[{"@type":"ReadAction","target":["https:\/\/www.indubombas.es\/index.php\/productos\/speck\/bombas-monobloc\/"]}]},{"@type":"ImageObject","inLanguage":"es","@id":"https:\/\/www.indubombas.es\/index.php\/productos\/speck\/bombas-monobloc\/#primaryimage","url":"http:\/\/www.indubombas.es\/wp-content\/uploads\/2017\/04\/me-303.jpg","contentUrl":"http:\/\/www.indubombas.es\/wp-content\/uploads\/2017\/04\/me-303.jpg"},{"@type":"BreadcrumbList","@id":"https:\/\/www.indubombas.es\/index.php\/productos\/speck\/bombas-monobloc\/#breadcrumb","itemListElement":[{"@type":"ListItem","position":1,"name":"Portada","item":"https:\/\/www.indubombas.es\/"},{"@type":"ListItem","position":2,"name":"Productos","item":"https:\/\/www.indubombas.es\/index.php\/productos\/"},{"@type":"ListItem","position":3,"name":"SPECK","item":"https:\/\/www.indubombas.es\/index.php\/productos\/speck\/"},{"@type":"ListItem","position":4,"name":"Bombas monobloc"}]},{"@type":"WebSite","@id":"https:\/\/www.indubombas.es\/#website","url":"https:\/\/www.indubombas.es\/","name":"InduBombas","description":"","publisher":{"@id":"https:\/\/www.indubombas.es\/#organization"},"potentialAction":[{"@type":"SearchAction","target":{"@type":"EntryPoint","urlTemplate":"https:\/\/www.indubombas.es\/?s={search_term_string}"},"query-input":{"@type":"PropertyValueSpecification","valueRequired":true,"valueName":"search_term_string"}}],"inLanguage":"es"},{"@type":"Organization","@id":"https:\/\/www.indubombas.es\/#organization","name":"Indubombas","url":"https:\/\/www.indubombas.es\/","logo":{"@type":"ImageObject","inLanguage":"es","@id":"https:\/\/www.indubombas.es\/#\/schema\/logo\/image\/","url":"http:\/\/www.indubombas.es\/wp-content\/uploads\/2017\/03\/cropped-Logo-INDUBOMBAS-1.jpg","contentUrl":"http:\/\/www.indubombas.es\/wp-content\/uploads\/2017\/03\/cropped-Logo-INDUBOMBAS-1.jpg","width":2667,"height":1181,"caption":"Indubombas"},"image":{"@id":"https:\/\/www.indubombas.es\/#\/schema\/logo\/image\/"}}]}},"_links":{"self":[{"href":"https:\/\/www.indubombas.es\/index.php\/wp-json\/wp\/v2\/pages\/310","targetHints":{"allow":["GET"]}}],"collection":[{"href":"https:\/\/www.indubombas.es\/index.php\/wp-json\/wp\/v2\/pages"}],"about":[{"href":"https:\/\/www.indubombas.es\/index.php\/wp-json\/wp\/v2\/types\/page"}],"author":[{"embeddable":true,"href":"https:\/\/www.indubombas.es\/index.php\/wp-json\/wp\/v2\/users\/1"}],"replies":[{"embeddable":true,"href":"https:\/\/www.indubombas.es\/index.php\/wp-json\/wp\/v2\/comments?post=310"}],"version-history":[{"count":13,"href":"https:\/\/www.indubombas.es\/index.php\/wp-json\/wp\/v2\/pages\/310\/revisions"}],"predecessor-version":[{"id":662,"href":"https:\/\/www.indubombas.es\/index.php\/wp-json\/wp\/v2\/pages\/310\/revisions\/662"}],"up":[{"embeddable":true,"href":"https:\/\/www.indubombas.es\/index.php\/wp-json\/wp\/v2\/pages\/169"}],"wp:attachment":[{"href":"https:\/\/www.indubombas.es\/index.php\/wp-json\/wp\/v2\/media?parent=310"}],"curies":[{"name":"wp","href":"https:\/\/api.w.org\/{rel}","templated":true}]}}