{"id":317,"date":"2017-04-04T16:13:51","date_gmt":"2017-04-04T16:13:51","guid":{"rendered":"http:\/\/www.indubombas.es\/?page_id=317"},"modified":"2017-04-11T09:09:14","modified_gmt":"2017-04-11T09:09:14","slug":"bombas-verticales","status":"publish","type":"page","link":"https:\/\/www.indubombas.es\/index.php\/productos\/speck\/bombas-verticales\/","title":{"rendered":"Bombas Verticales"},"content":{"rendered":"<table class=\" aligncenter\" style=\"width: 955px;\">\n<tbody>\n<tr style=\"height: 772px;\">\n<td style=\"height: 772px; width: 1514px;\" colspan=\"4\">\n<h2 style=\"text-align: left;\"><span style=\"font-family: arial, helvetica, sans-serif;\">Bombas con impulsor perif\u00e9rico &#8211; Bombas sumergibles sin junta<\/span><\/h2>\n<h3 style=\"text-align: left;\"><span style=\"font-family: arial, helvetica, sans-serif;\"><strong>Ventajas<\/strong><\/span><\/h3>\n<ul style=\"text-align: left;\">\n<li><span style=\"font-family: arial, helvetica, sans-serif;\">Bombas de uso universal para circuitos abiertos<\/span><\/li>\n<li><span style=\"font-family: arial, helvetica, sans-serif;\">Sin juntas, por lo que no necesitan mantenimiento<\/span><\/li>\n<li><span style=\"font-family: arial, helvetica, sans-serif;\">Dimensiones reducidas<\/span><\/li>\n<\/ul>\n<h3 style=\"text-align: left;\"><span style=\"font-family: arial, helvetica, sans-serif;\"><strong>Construcci\u00f3n<\/strong><\/span><\/h3>\n<ul style=\"text-align: left;\">\n<li><span style=\"font-family: arial, helvetica, sans-serif;\">Bombas verticales de una o varias etapas<\/span><\/li>\n<li><span style=\"font-family: arial, helvetica, sans-serif;\">Conexi\u00f3n de presi\u00f3n horizontal con roscas<\/span><\/li>\n<li><span style=\"font-family: arial, helvetica, sans-serif;\">Disponibles diversas profundidades de inmersi\u00f3n<\/span><\/li>\n<li><span style=\"font-family: arial, helvetica, sans-serif;\">Cojinetes de deslizamiento resistentes<\/span><\/li>\n<\/ul>\n<p style=\"text-align: left;\"><span style=\"font-family: arial, helvetica, sans-serif;\"><strong>Ejecuciones<\/strong>:<\/span><\/p>\n<ul style=\"text-align: left;\">\n<li><span style=\"font-family: arial, helvetica, sans-serif;\">T-401\/601 de acero inoxidable<\/span><\/li>\n<li><span style=\"font-family: arial, helvetica, sans-serif;\">TM-201 \u2013 TM-701 de metal no ferroso<\/span><\/li>\n<li><span style=\"font-family: arial, helvetica, sans-serif;\">T-1001 \u2013 T-2001 de metal no ferroso<\/span><\/li>\n<\/ul>\n<h3 style=\"text-align: left;\"><span style=\"font-family: arial, helvetica, sans-serif;\"><strong>Gama de potencia<\/strong><\/span><\/h3>\n<ul style=\"text-align: left;\">\n<li><span style=\"font-family: arial, helvetica, sans-serif;\">Hm\u00e1x 20 \u2013 85 m (50 Hz)<\/span><\/li>\n<li><span style=\"font-family: arial, helvetica, sans-serif;\">Qm\u00e1x 25 \u2013 200 l\/min (50 Hz)<\/span><\/li>\n<li><span style=\"font-family: arial, helvetica, sans-serif;\">Tm\u00e1x<\/span><br \/>\n<span style=\"font-family: arial, helvetica, sans-serif;\"> Agua hasta 90 \u00b0C<\/span><br \/>\n<span style=\"font-family: arial, helvetica, sans-serif;\"> Aceite hasta 150 \u00b0C, consultar hasta 200\u00b0 C<\/span><br \/>\n<span style=\"font-family: arial, helvetica, sans-serif;\"> Consultar otros fluidos<\/span><\/li>\n<\/ul>\n<\/td>\n<\/tr>\n<tr style=\"height: 28px;\">\n<td style=\"height: 28px; width: 525.833px;\">\n<h2><span style=\"font-family: arial, helvetica, sans-serif; font-size: 20px;\"> <a href=\"https:\/\/www.indubombas.es\/index.php\/productos\/speck\/bombas-verticales\/modelo-t-401\/\">Modelo T-401<\/a><\/span><\/h2>\n<\/td>\n<td style=\"height: 28px; width: 384.167px;\">\n<h2><span style=\"font-size: 20px;\"><a href=\"https:\/\/www.indubombas.es\/index.php\/productos\/speck\/bombas-verticales\/modelo-tm-201\/\">Modelo TM-201<\/a><\/span><\/h2>\n<\/td>\n<td style=\"height: 28px; width: 594px;\">\n<h2><span style=\"font-size: 20px;\"><a href=\"https:\/\/www.indubombas.es\/index.php\/productos\/speck\/bombas-verticales\/674-2\/\">Modelo T-1001<\/a> <\/span><\/h2>\n<\/td>\n<\/tr>\n<tr style=\"height: 28px;\">\n<td style=\"height: 28px; width: 525.833px;\">\n<h2><span style=\"font-family: arial, helvetica, sans-serif;\">\u00a0<a href=\"https:\/\/www.indubombas.es\/index.php\/productos\/speck\/bombas-verticales\/modelo-t-401\/\"><img loading=\"lazy\" decoding=\"async\" class=\"alignnone wp-image-320\" src=\"https:\/\/www.indubombas.es\/wp-content\/uploads\/2017\/04\/T-401_01_.png\" alt=\"\" width=\"280\" height=\"202\" srcset=\"https:\/\/www.indubombas.es\/wp-content\/uploads\/2017\/04\/T-401_01_.png 618w, https:\/\/www.indubombas.es\/wp-content\/uploads\/2017\/04\/T-401_01_-300x217.png 300w\" sizes=\"auto, (max-width: 280px) 100vw, 280px\" \/><\/a><\/span><\/h2>\n<\/td>\n<td style=\"height: 28px; width: 384.167px;\">\n<h2><a href=\"https:\/\/www.indubombas.es\/index.php\/productos\/speck\/bombas-verticales\/modelo-tm-201\/\"><img loading=\"lazy\" decoding=\"async\" class=\"aligncenter wp-image-321\" src=\"https:\/\/www.indubombas.es\/wp-content\/uploads\/2017\/04\/tm-201l.jpg\" alt=\"\" width=\"254\" height=\"254\" srcset=\"https:\/\/www.indubombas.es\/wp-content\/uploads\/2017\/04\/tm-201l.jpg 400w, https:\/\/www.indubombas.es\/wp-content\/uploads\/2017\/04\/tm-201l-150x150.jpg 150w, https:\/\/www.indubombas.es\/wp-content\/uploads\/2017\/04\/tm-201l-300x300.jpg 300w\" sizes=\"auto, (max-width: 254px) 100vw, 254px\" \/><\/a><\/h2>\n<\/td>\n<td style=\"height: 28px; width: 594px;\"><a href=\"https:\/\/www.indubombas.es\/index.php\/productos\/speck\/bombas-verticales\/674-2\/\"><img loading=\"lazy\" decoding=\"async\" class=\"aligncenter wp-image-327\" src=\"https:\/\/www.indubombas.es\/wp-content\/uploads\/2017\/04\/T-1501.png\" alt=\"\" width=\"420\" height=\"304\" srcset=\"https:\/\/www.indubombas.es\/wp-content\/uploads\/2017\/04\/T-1501.png 618w, https:\/\/www.indubombas.es\/wp-content\/uploads\/2017\/04\/T-1501-300x217.png 300w\" sizes=\"auto, (max-width: 420px) 100vw, 420px\" \/><\/a><\/td>\n<\/tr>\n<\/tbody>\n<\/table>\n","protected":false},"excerpt":{"rendered":"<p>Bombas con impulsor perif\u00e9rico &#8211; Bombas sumergibles sin junta Ventajas Bombas de uso universal para circuitos abiertos Sin juntas, por lo que no necesitan mantenimiento Dimensiones reducidas Construcci\u00f3n Bombas verticales de una o varias etapas Conexi\u00f3n de presi\u00f3n horizontal con roscas Disponibles diversas profundidades de inmersi\u00f3n Cojinetes de deslizamiento resistentes Ejecuciones: T-401\/601 de acero inoxidable [&hellip;]<\/p>\n","protected":false},"author":1,"featured_media":0,"parent":169,"menu_order":0,"comment_status":"closed","ping_status":"closed","template":"","meta":{"_acf_changed":false,"footnotes":""},"class_list":["post-317","page","type-page","status-publish","czr-hentry"],"acf":[],"yoast_head":"<!-- This site is optimized with the Yoast SEO plugin v27.0 - https:\/\/yoast.com\/product\/yoast-seo-wordpress\/ -->\n<title>Bombas Verticales<\/title>\n<meta name=\"robots\" content=\"index, follow, max-snippet:-1, max-image-preview:large, max-video-preview:-1\" \/>\n<link rel=\"canonical\" href=\"https:\/\/www.indubombas.es\/index.php\/productos\/speck\/bombas-verticales\/\" \/>\n<meta property=\"og:locale\" content=\"es_ES\" \/>\n<meta property=\"og:type\" content=\"article\" \/>\n<meta property=\"og:title\" content=\"Bombas Verticales\" \/>\n<meta property=\"og:description\" content=\"Bombas con impulsor perif\u00e9rico &#8211; Bombas sumergibles sin junta Ventajas Bombas de uso universal para circuitos abiertos Sin juntas, por lo que no necesitan mantenimiento Dimensiones reducidas Construcci\u00f3n Bombas verticales de una o varias etapas Conexi\u00f3n de presi\u00f3n horizontal con roscas Disponibles diversas profundidades de inmersi\u00f3n Cojinetes de deslizamiento resistentes Ejecuciones: T-401\/601 de acero inoxidable [&hellip;]\" \/>\n<meta property=\"og:url\" content=\"https:\/\/www.indubombas.es\/index.php\/productos\/speck\/bombas-verticales\/\" \/>\n<meta property=\"og:site_name\" content=\"InduBombas\" \/>\n<meta property=\"article:modified_time\" content=\"2017-04-11T09:09:14+00:00\" \/>\n<meta property=\"og:image\" content=\"http:\/\/www.indubombas.es\/wp-content\/uploads\/2017\/04\/T-401_01_.png\" \/>\n<meta name=\"twitter:card\" content=\"summary_large_image\" \/>\n<meta name=\"twitter:label1\" content=\"Tiempo de lectura\" \/>\n\t<meta name=\"twitter:data1\" content=\"1 minuto\" \/>\n<script type=\"application\/ld+json\" class=\"yoast-schema-graph\">{\"@context\":\"https:\/\/schema.org\",\"@graph\":[{\"@type\":\"WebPage\",\"@id\":\"https:\/\/www.indubombas.es\/index.php\/productos\/speck\/bombas-verticales\/\",\"url\":\"https:\/\/www.indubombas.es\/index.php\/productos\/speck\/bombas-verticales\/\",\"name\":\"Bombas Verticales\",\"isPartOf\":{\"@id\":\"https:\/\/www.indubombas.es\/#website\"},\"primaryImageOfPage\":{\"@id\":\"https:\/\/www.indubombas.es\/index.php\/productos\/speck\/bombas-verticales\/#primaryimage\"},\"image\":{\"@id\":\"https:\/\/www.indubombas.es\/index.php\/productos\/speck\/bombas-verticales\/#primaryimage\"},\"thumbnailUrl\":\"http:\/\/www.indubombas.es\/wp-content\/uploads\/2017\/04\/T-401_01_.png\",\"datePublished\":\"2017-04-04T16:13:51+00:00\",\"dateModified\":\"2017-04-11T09:09:14+00:00\",\"breadcrumb\":{\"@id\":\"https:\/\/www.indubombas.es\/index.php\/productos\/speck\/bombas-verticales\/#breadcrumb\"},\"inLanguage\":\"es\",\"potentialAction\":[{\"@type\":\"ReadAction\",\"target\":[\"https:\/\/www.indubombas.es\/index.php\/productos\/speck\/bombas-verticales\/\"]}]},{\"@type\":\"ImageObject\",\"inLanguage\":\"es\",\"@id\":\"https:\/\/www.indubombas.es\/index.php\/productos\/speck\/bombas-verticales\/#primaryimage\",\"url\":\"http:\/\/www.indubombas.es\/wp-content\/uploads\/2017\/04\/T-401_01_.png\",\"contentUrl\":\"http:\/\/www.indubombas.es\/wp-content\/uploads\/2017\/04\/T-401_01_.png\"},{\"@type\":\"BreadcrumbList\",\"@id\":\"https:\/\/www.indubombas.es\/index.php\/productos\/speck\/bombas-verticales\/#breadcrumb\",\"itemListElement\":[{\"@type\":\"ListItem\",\"position\":1,\"name\":\"Portada\",\"item\":\"https:\/\/www.indubombas.es\/\"},{\"@type\":\"ListItem\",\"position\":2,\"name\":\"Productos\",\"item\":\"https:\/\/www.indubombas.es\/index.php\/productos\/\"},{\"@type\":\"ListItem\",\"position\":3,\"name\":\"SPECK\",\"item\":\"https:\/\/www.indubombas.es\/index.php\/productos\/speck\/\"},{\"@type\":\"ListItem\",\"position\":4,\"name\":\"Bombas Verticales\"}]},{\"@type\":\"WebSite\",\"@id\":\"https:\/\/www.indubombas.es\/#website\",\"url\":\"https:\/\/www.indubombas.es\/\",\"name\":\"InduBombas\",\"description\":\"\",\"publisher\":{\"@id\":\"https:\/\/www.indubombas.es\/#organization\"},\"potentialAction\":[{\"@type\":\"SearchAction\",\"target\":{\"@type\":\"EntryPoint\",\"urlTemplate\":\"https:\/\/www.indubombas.es\/?s={search_term_string}\"},\"query-input\":{\"@type\":\"PropertyValueSpecification\",\"valueRequired\":true,\"valueName\":\"search_term_string\"}}],\"inLanguage\":\"es\"},{\"@type\":\"Organization\",\"@id\":\"https:\/\/www.indubombas.es\/#organization\",\"name\":\"Indubombas\",\"url\":\"https:\/\/www.indubombas.es\/\",\"logo\":{\"@type\":\"ImageObject\",\"inLanguage\":\"es\",\"@id\":\"https:\/\/www.indubombas.es\/#\/schema\/logo\/image\/\",\"url\":\"http:\/\/www.indubombas.es\/wp-content\/uploads\/2017\/03\/cropped-Logo-INDUBOMBAS-1.jpg\",\"contentUrl\":\"http:\/\/www.indubombas.es\/wp-content\/uploads\/2017\/03\/cropped-Logo-INDUBOMBAS-1.jpg\",\"width\":2667,\"height\":1181,\"caption\":\"Indubombas\"},\"image\":{\"@id\":\"https:\/\/www.indubombas.es\/#\/schema\/logo\/image\/\"}}]}<\/script>\n<!-- \/ Yoast SEO plugin. -->","yoast_head_json":{"title":"Bombas Verticales","robots":{"index":"index","follow":"follow","max-snippet":"max-snippet:-1","max-image-preview":"max-image-preview:large","max-video-preview":"max-video-preview:-1"},"canonical":"https:\/\/www.indubombas.es\/index.php\/productos\/speck\/bombas-verticales\/","og_locale":"es_ES","og_type":"article","og_title":"Bombas Verticales","og_description":"Bombas con impulsor perif\u00e9rico &#8211; Bombas sumergibles sin junta Ventajas Bombas de uso universal para circuitos abiertos Sin juntas, por lo que no necesitan mantenimiento Dimensiones reducidas Construcci\u00f3n Bombas verticales de una o varias etapas Conexi\u00f3n de presi\u00f3n horizontal con roscas Disponibles diversas profundidades de inmersi\u00f3n Cojinetes de deslizamiento resistentes Ejecuciones: T-401\/601 de acero inoxidable [&hellip;]","og_url":"https:\/\/www.indubombas.es\/index.php\/productos\/speck\/bombas-verticales\/","og_site_name":"InduBombas","article_modified_time":"2017-04-11T09:09:14+00:00","og_image":[{"url":"http:\/\/www.indubombas.es\/wp-content\/uploads\/2017\/04\/T-401_01_.png","type":"","width":"","height":""}],"twitter_card":"summary_large_image","twitter_misc":{"Tiempo de lectura":"1 minuto"},"schema":{"@context":"https:\/\/schema.org","@graph":[{"@type":"WebPage","@id":"https:\/\/www.indubombas.es\/index.php\/productos\/speck\/bombas-verticales\/","url":"https:\/\/www.indubombas.es\/index.php\/productos\/speck\/bombas-verticales\/","name":"Bombas Verticales","isPartOf":{"@id":"https:\/\/www.indubombas.es\/#website"},"primaryImageOfPage":{"@id":"https:\/\/www.indubombas.es\/index.php\/productos\/speck\/bombas-verticales\/#primaryimage"},"image":{"@id":"https:\/\/www.indubombas.es\/index.php\/productos\/speck\/bombas-verticales\/#primaryimage"},"thumbnailUrl":"http:\/\/www.indubombas.es\/wp-content\/uploads\/2017\/04\/T-401_01_.png","datePublished":"2017-04-04T16:13:51+00:00","dateModified":"2017-04-11T09:09:14+00:00","breadcrumb":{"@id":"https:\/\/www.indubombas.es\/index.php\/productos\/speck\/bombas-verticales\/#breadcrumb"},"inLanguage":"es","potentialAction":[{"@type":"ReadAction","target":["https:\/\/www.indubombas.es\/index.php\/productos\/speck\/bombas-verticales\/"]}]},{"@type":"ImageObject","inLanguage":"es","@id":"https:\/\/www.indubombas.es\/index.php\/productos\/speck\/bombas-verticales\/#primaryimage","url":"http:\/\/www.indubombas.es\/wp-content\/uploads\/2017\/04\/T-401_01_.png","contentUrl":"http:\/\/www.indubombas.es\/wp-content\/uploads\/2017\/04\/T-401_01_.png"},{"@type":"BreadcrumbList","@id":"https:\/\/www.indubombas.es\/index.php\/productos\/speck\/bombas-verticales\/#breadcrumb","itemListElement":[{"@type":"ListItem","position":1,"name":"Portada","item":"https:\/\/www.indubombas.es\/"},{"@type":"ListItem","position":2,"name":"Productos","item":"https:\/\/www.indubombas.es\/index.php\/productos\/"},{"@type":"ListItem","position":3,"name":"SPECK","item":"https:\/\/www.indubombas.es\/index.php\/productos\/speck\/"},{"@type":"ListItem","position":4,"name":"Bombas Verticales"}]},{"@type":"WebSite","@id":"https:\/\/www.indubombas.es\/#website","url":"https:\/\/www.indubombas.es\/","name":"InduBombas","description":"","publisher":{"@id":"https:\/\/www.indubombas.es\/#organization"},"potentialAction":[{"@type":"SearchAction","target":{"@type":"EntryPoint","urlTemplate":"https:\/\/www.indubombas.es\/?s={search_term_string}"},"query-input":{"@type":"PropertyValueSpecification","valueRequired":true,"valueName":"search_term_string"}}],"inLanguage":"es"},{"@type":"Organization","@id":"https:\/\/www.indubombas.es\/#organization","name":"Indubombas","url":"https:\/\/www.indubombas.es\/","logo":{"@type":"ImageObject","inLanguage":"es","@id":"https:\/\/www.indubombas.es\/#\/schema\/logo\/image\/","url":"http:\/\/www.indubombas.es\/wp-content\/uploads\/2017\/03\/cropped-Logo-INDUBOMBAS-1.jpg","contentUrl":"http:\/\/www.indubombas.es\/wp-content\/uploads\/2017\/03\/cropped-Logo-INDUBOMBAS-1.jpg","width":2667,"height":1181,"caption":"Indubombas"},"image":{"@id":"https:\/\/www.indubombas.es\/#\/schema\/logo\/image\/"}}]}},"_links":{"self":[{"href":"https:\/\/www.indubombas.es\/index.php\/wp-json\/wp\/v2\/pages\/317","targetHints":{"allow":["GET"]}}],"collection":[{"href":"https:\/\/www.indubombas.es\/index.php\/wp-json\/wp\/v2\/pages"}],"about":[{"href":"https:\/\/www.indubombas.es\/index.php\/wp-json\/wp\/v2\/types\/page"}],"author":[{"embeddable":true,"href":"https:\/\/www.indubombas.es\/index.php\/wp-json\/wp\/v2\/users\/1"}],"replies":[{"embeddable":true,"href":"https:\/\/www.indubombas.es\/index.php\/wp-json\/wp\/v2\/comments?post=317"}],"version-history":[{"count":24,"href":"https:\/\/www.indubombas.es\/index.php\/wp-json\/wp\/v2\/pages\/317\/revisions"}],"predecessor-version":[{"id":678,"href":"https:\/\/www.indubombas.es\/index.php\/wp-json\/wp\/v2\/pages\/317\/revisions\/678"}],"up":[{"embeddable":true,"href":"https:\/\/www.indubombas.es\/index.php\/wp-json\/wp\/v2\/pages\/169"}],"wp:attachment":[{"href":"https:\/\/www.indubombas.es\/index.php\/wp-json\/wp\/v2\/media?parent=317"}],"curies":[{"name":"wp","href":"https:\/\/api.w.org\/{rel}","templated":true}]}}