{"id":330,"date":"2017-04-04T17:35:19","date_gmt":"2017-04-04T17:35:19","guid":{"rendered":"http:\/\/www.indubombas.es\/?page_id=330"},"modified":"2017-04-11T10:38:54","modified_gmt":"2017-04-11T10:38:54","slug":"bombas-de-impulsor-periferico-mecanico","status":"publish","type":"page","link":"https:\/\/www.indubombas.es\/index.php\/productos\/speck\/bombas-de-impulsor-periferico-3\/bombas-de-impulsor-periferico-mecanico\/","title":{"rendered":"Bombas de impulsor perif\u00e9rico"},"content":{"rendered":"<table class=\" aligncenter\" style=\"width: 843.833px;\">\n<tbody>\n<tr style=\"height: 54px;\">\n<td style=\"height: 54px; width: 820.833px;\" colspan=\"2\">\n<h2 style=\"text-align: left;\"><span style=\"font-family: arial, helvetica, sans-serif;\">Bombas monobloc con cierre mec\u00e1nico<\/span><\/h2>\n<\/td>\n<\/tr>\n<tr style=\"height: 712px;\">\n<td style=\"height: 712px; width: 467px;\">\n<h3><span style=\"font-family: arial, helvetica, sans-serif; font-size: 20px;\"><strong>Ventajas<\/strong><\/span><\/h3>\n<ul>\n<li><span style=\"font-family: arial, helvetica, sans-serif; font-size: 16px;\">Bombas de uso universal que son apropiadas para muchas aplicaciones industriales.<\/span><\/li>\n<li><span style=\"font-family: arial, helvetica, sans-serif; font-size: 16px;\">Dimensiones reducidas<\/span><\/li>\n<\/ul>\n<h3><span style=\"font-family: arial, helvetica, sans-serif; font-size: 20px;\"><strong>Construcci\u00f3n<\/strong><\/span><\/h3>\n<ul>\n<li><span style=\"font-family: arial, helvetica, sans-serif; font-size: 16px;\">El eje del motor es el eje de la bomba<\/span><\/li>\n<li><span style=\"font-family: arial, helvetica, sans-serif; font-size: 16px;\">Posici\u00f3n de conexi\u00f3n top\/top, consultar ax\/top<\/span><\/li>\n<li><span style=\"font-family: arial, helvetica, sans-serif; font-size: 16px;\">Conexiones roscadas o bridas SAE<\/span><\/li>\n<li><span style=\"font-family: arial, helvetica, sans-serif; font-size: 16px;\">De aspiraci\u00f3n normal, consultar autoaspirantes<\/span><\/li>\n<li><span style=\"font-family: arial, helvetica, sans-serif; font-size: 16px;\">Cierre mec\u00e1nico de carb\u00f3n, SiC o FKM. Consultar otras ejecuciones de materiales distintos en funci\u00f3n del fluido<\/span><\/li>\n<li><span style=\"font-family: arial, helvetica, sans-serif; font-size: 16px;\">Ejecuciones de metal no ferroso, acero inoxidable y pl\u00e1stico de gran calidad<\/span><\/li>\n<\/ul>\n<h3><span style=\"font-family: arial, helvetica, sans-serif; font-size: 20px;\"><strong>Gama de potencia<\/strong><\/span><\/h3>\n<ul>\n<li><span style=\"font-family: arial, helvetica, sans-serif; font-size: 16px;\">Hm\u00e1x 35 \u2013 115 m (50 Hz)<\/span><\/li>\n<li><span style=\"font-family: arial, helvetica, sans-serif; font-size: 16px;\">Qm\u00e1x 12 \u2013 180 l\/min (50 Hz)<\/span><\/li>\n<li><span style=\"font-family: arial, helvetica, sans-serif; font-size: 16px;\">Tm\u00e1x<\/span><br \/>\n<span style=\"font-family: arial, helvetica, sans-serif; font-size: 16px;\"> Agua hasta 140 \u00b0C<\/span><br \/>\n<span style=\"font-family: arial, helvetica, sans-serif; font-size: 16px;\"> Aceite hasta 180 \u00b0C<\/span><br \/>\n<span style=\"font-family: arial, helvetica, sans-serif; font-size: 16px;\"> Consultar otros fluidos<\/span><\/li>\n<li><span style=\"font-family: arial, helvetica, sans-serif; font-size: 16px;\">ATEX II 2GD IIC cb TX<\/span><\/li>\n<\/ul>\n<\/td>\n<td style=\"height: 712px; width: 353.833px;\"><span style=\"font-family: arial, helvetica, sans-serif;\"><img loading=\"lazy\" decoding=\"async\" class=\"size-full wp-image-331 aligncenter\" src=\"https:\/\/www.indubombas.es\/wp-content\/uploads\/2017\/04\/impulsorpereferico.jpg\" alt=\"\" width=\"400\" height=\"300\" srcset=\"https:\/\/www.indubombas.es\/wp-content\/uploads\/2017\/04\/impulsorpereferico.jpg 400w, https:\/\/www.indubombas.es\/wp-content\/uploads\/2017\/04\/impulsorpereferico-300x225.jpg 300w\" sizes=\"auto, (max-width: 400px) 100vw, 400px\" \/><\/span><\/td>\n<\/tr>\n<tr style=\"height: 28px;\">\n<td style=\"height: 28px; width: 820.833px;\" colspan=\"2\"><span style=\"font-family: arial, helvetica, sans-serif;\">Bombas de impulsor perif\u00e9rico- Bombas monobloque con cierre mec\u00e1nico<\/span><\/p>\n<p><span style=\"font-family: arial, helvetica, sans-serif;\"><img loading=\"lazy\" decoding=\"async\" class=\"alignnone size-full wp-image-478\" src=\"https:\/\/www.indubombas.es\/wp-content\/uploads\/2017\/04\/monobloc-impulsor-1.jpg\" alt=\"\" width=\"975\" height=\"875\" srcset=\"https:\/\/www.indubombas.es\/wp-content\/uploads\/2017\/04\/monobloc-impulsor-1.jpg 975w, https:\/\/www.indubombas.es\/wp-content\/uploads\/2017\/04\/monobloc-impulsor-1-300x269.jpg 300w, https:\/\/www.indubombas.es\/wp-content\/uploads\/2017\/04\/monobloc-impulsor-1-768x689.jpg 768w\" sizes=\"auto, (max-width: 975px) 100vw, 975px\" \/>\u00a0<\/span><\/td>\n<\/tr>\n<\/tbody>\n<\/table>\n","protected":false},"excerpt":{"rendered":"<p>Bombas monobloc con cierre mec\u00e1nico Ventajas Bombas de uso universal que son apropiadas para muchas aplicaciones industriales. Dimensiones reducidas Construcci\u00f3n El eje del motor es el eje de la bomba Posici\u00f3n de conexi\u00f3n top\/top, consultar ax\/top Conexiones roscadas o bridas SAE De aspiraci\u00f3n normal, consultar autoaspirantes Cierre mec\u00e1nico de carb\u00f3n, SiC o FKM. Consultar otras [&hellip;]<\/p>\n","protected":false},"author":1,"featured_media":0,"parent":681,"menu_order":0,"comment_status":"closed","ping_status":"closed","template":"","meta":{"_acf_changed":false,"footnotes":""},"class_list":["post-330","page","type-page","status-publish","czr-hentry"],"acf":[],"yoast_head":"<!-- This site is optimized with the Yoast SEO plugin v27.0 - https:\/\/yoast.com\/product\/yoast-seo-wordpress\/ -->\n<title>Bombas de impulsor perif\u00e9rico<\/title>\n<meta name=\"robots\" content=\"index, follow, max-snippet:-1, max-image-preview:large, max-video-preview:-1\" \/>\n<link rel=\"canonical\" href=\"https:\/\/www.indubombas.es\/index.php\/productos\/speck\/bombas-de-impulsor-periferico-3\/bombas-de-impulsor-periferico-mecanico\/\" \/>\n<meta property=\"og:locale\" content=\"es_ES\" \/>\n<meta property=\"og:type\" content=\"article\" \/>\n<meta property=\"og:title\" content=\"Bombas de impulsor perif\u00e9rico\" \/>\n<meta property=\"og:description\" content=\"Bombas monobloc con cierre mec\u00e1nico Ventajas Bombas de uso universal que son apropiadas para muchas aplicaciones industriales. Dimensiones reducidas Construcci\u00f3n El eje del motor es el eje de la bomba Posici\u00f3n de conexi\u00f3n top\/top, consultar ax\/top Conexiones roscadas o bridas SAE De aspiraci\u00f3n normal, consultar autoaspirantes Cierre mec\u00e1nico de carb\u00f3n, SiC o FKM. Consultar otras [&hellip;]\" \/>\n<meta property=\"og:url\" content=\"https:\/\/www.indubombas.es\/index.php\/productos\/speck\/bombas-de-impulsor-periferico-3\/bombas-de-impulsor-periferico-mecanico\/\" \/>\n<meta property=\"og:site_name\" content=\"InduBombas\" \/>\n<meta property=\"article:modified_time\" content=\"2017-04-11T10:38:54+00:00\" \/>\n<meta property=\"og:image\" content=\"http:\/\/www.indubombas.es\/wp-content\/uploads\/2017\/04\/impulsorpereferico.jpg\" \/>\n<meta name=\"twitter:card\" content=\"summary_large_image\" \/>\n<meta name=\"twitter:label1\" content=\"Tiempo de lectura\" \/>\n\t<meta name=\"twitter:data1\" content=\"1 minuto\" \/>\n<script type=\"application\/ld+json\" class=\"yoast-schema-graph\">{\"@context\":\"https:\/\/schema.org\",\"@graph\":[{\"@type\":\"WebPage\",\"@id\":\"https:\/\/www.indubombas.es\/index.php\/productos\/speck\/bombas-de-impulsor-periferico-3\/bombas-de-impulsor-periferico-mecanico\/\",\"url\":\"https:\/\/www.indubombas.es\/index.php\/productos\/speck\/bombas-de-impulsor-periferico-3\/bombas-de-impulsor-periferico-mecanico\/\",\"name\":\"Bombas de impulsor perif\u00e9rico\",\"isPartOf\":{\"@id\":\"https:\/\/www.indubombas.es\/#website\"},\"primaryImageOfPage\":{\"@id\":\"https:\/\/www.indubombas.es\/index.php\/productos\/speck\/bombas-de-impulsor-periferico-3\/bombas-de-impulsor-periferico-mecanico\/#primaryimage\"},\"image\":{\"@id\":\"https:\/\/www.indubombas.es\/index.php\/productos\/speck\/bombas-de-impulsor-periferico-3\/bombas-de-impulsor-periferico-mecanico\/#primaryimage\"},\"thumbnailUrl\":\"http:\/\/www.indubombas.es\/wp-content\/uploads\/2017\/04\/impulsorpereferico.jpg\",\"datePublished\":\"2017-04-04T17:35:19+00:00\",\"dateModified\":\"2017-04-11T10:38:54+00:00\",\"breadcrumb\":{\"@id\":\"https:\/\/www.indubombas.es\/index.php\/productos\/speck\/bombas-de-impulsor-periferico-3\/bombas-de-impulsor-periferico-mecanico\/#breadcrumb\"},\"inLanguage\":\"es\",\"potentialAction\":[{\"@type\":\"ReadAction\",\"target\":[\"https:\/\/www.indubombas.es\/index.php\/productos\/speck\/bombas-de-impulsor-periferico-3\/bombas-de-impulsor-periferico-mecanico\/\"]}]},{\"@type\":\"ImageObject\",\"inLanguage\":\"es\",\"@id\":\"https:\/\/www.indubombas.es\/index.php\/productos\/speck\/bombas-de-impulsor-periferico-3\/bombas-de-impulsor-periferico-mecanico\/#primaryimage\",\"url\":\"http:\/\/www.indubombas.es\/wp-content\/uploads\/2017\/04\/impulsorpereferico.jpg\",\"contentUrl\":\"http:\/\/www.indubombas.es\/wp-content\/uploads\/2017\/04\/impulsorpereferico.jpg\"},{\"@type\":\"BreadcrumbList\",\"@id\":\"https:\/\/www.indubombas.es\/index.php\/productos\/speck\/bombas-de-impulsor-periferico-3\/bombas-de-impulsor-periferico-mecanico\/#breadcrumb\",\"itemListElement\":[{\"@type\":\"ListItem\",\"position\":1,\"name\":\"Portada\",\"item\":\"https:\/\/www.indubombas.es\/\"},{\"@type\":\"ListItem\",\"position\":2,\"name\":\"Productos\",\"item\":\"https:\/\/www.indubombas.es\/index.php\/productos\/\"},{\"@type\":\"ListItem\",\"position\":3,\"name\":\"SPECK\",\"item\":\"https:\/\/www.indubombas.es\/index.php\/productos\/speck\/\"},{\"@type\":\"ListItem\",\"position\":4,\"name\":\"Bombas de impulsor perif\u00e9rico\",\"item\":\"https:\/\/www.indubombas.es\/index.php\/productos\/speck\/bombas-de-impulsor-periferico-3\/\"},{\"@type\":\"ListItem\",\"position\":5,\"name\":\"Bombas de impulsor perif\u00e9rico\"}]},{\"@type\":\"WebSite\",\"@id\":\"https:\/\/www.indubombas.es\/#website\",\"url\":\"https:\/\/www.indubombas.es\/\",\"name\":\"InduBombas\",\"description\":\"\",\"publisher\":{\"@id\":\"https:\/\/www.indubombas.es\/#organization\"},\"potentialAction\":[{\"@type\":\"SearchAction\",\"target\":{\"@type\":\"EntryPoint\",\"urlTemplate\":\"https:\/\/www.indubombas.es\/?s={search_term_string}\"},\"query-input\":{\"@type\":\"PropertyValueSpecification\",\"valueRequired\":true,\"valueName\":\"search_term_string\"}}],\"inLanguage\":\"es\"},{\"@type\":\"Organization\",\"@id\":\"https:\/\/www.indubombas.es\/#organization\",\"name\":\"Indubombas\",\"url\":\"https:\/\/www.indubombas.es\/\",\"logo\":{\"@type\":\"ImageObject\",\"inLanguage\":\"es\",\"@id\":\"https:\/\/www.indubombas.es\/#\/schema\/logo\/image\/\",\"url\":\"http:\/\/www.indubombas.es\/wp-content\/uploads\/2017\/03\/cropped-Logo-INDUBOMBAS-1.jpg\",\"contentUrl\":\"http:\/\/www.indubombas.es\/wp-content\/uploads\/2017\/03\/cropped-Logo-INDUBOMBAS-1.jpg\",\"width\":2667,\"height\":1181,\"caption\":\"Indubombas\"},\"image\":{\"@id\":\"https:\/\/www.indubombas.es\/#\/schema\/logo\/image\/\"}}]}<\/script>\n<!-- \/ Yoast SEO plugin. -->","yoast_head_json":{"title":"Bombas de impulsor perif\u00e9rico","robots":{"index":"index","follow":"follow","max-snippet":"max-snippet:-1","max-image-preview":"max-image-preview:large","max-video-preview":"max-video-preview:-1"},"canonical":"https:\/\/www.indubombas.es\/index.php\/productos\/speck\/bombas-de-impulsor-periferico-3\/bombas-de-impulsor-periferico-mecanico\/","og_locale":"es_ES","og_type":"article","og_title":"Bombas de impulsor perif\u00e9rico","og_description":"Bombas monobloc con cierre mec\u00e1nico Ventajas Bombas de uso universal que son apropiadas para muchas aplicaciones industriales. Dimensiones reducidas Construcci\u00f3n El eje del motor es el eje de la bomba Posici\u00f3n de conexi\u00f3n top\/top, consultar ax\/top Conexiones roscadas o bridas SAE De aspiraci\u00f3n normal, consultar autoaspirantes Cierre mec\u00e1nico de carb\u00f3n, SiC o FKM. Consultar otras [&hellip;]","og_url":"https:\/\/www.indubombas.es\/index.php\/productos\/speck\/bombas-de-impulsor-periferico-3\/bombas-de-impulsor-periferico-mecanico\/","og_site_name":"InduBombas","article_modified_time":"2017-04-11T10:38:54+00:00","og_image":[{"url":"http:\/\/www.indubombas.es\/wp-content\/uploads\/2017\/04\/impulsorpereferico.jpg","type":"","width":"","height":""}],"twitter_card":"summary_large_image","twitter_misc":{"Tiempo de lectura":"1 minuto"},"schema":{"@context":"https:\/\/schema.org","@graph":[{"@type":"WebPage","@id":"https:\/\/www.indubombas.es\/index.php\/productos\/speck\/bombas-de-impulsor-periferico-3\/bombas-de-impulsor-periferico-mecanico\/","url":"https:\/\/www.indubombas.es\/index.php\/productos\/speck\/bombas-de-impulsor-periferico-3\/bombas-de-impulsor-periferico-mecanico\/","name":"Bombas de impulsor perif\u00e9rico","isPartOf":{"@id":"https:\/\/www.indubombas.es\/#website"},"primaryImageOfPage":{"@id":"https:\/\/www.indubombas.es\/index.php\/productos\/speck\/bombas-de-impulsor-periferico-3\/bombas-de-impulsor-periferico-mecanico\/#primaryimage"},"image":{"@id":"https:\/\/www.indubombas.es\/index.php\/productos\/speck\/bombas-de-impulsor-periferico-3\/bombas-de-impulsor-periferico-mecanico\/#primaryimage"},"thumbnailUrl":"http:\/\/www.indubombas.es\/wp-content\/uploads\/2017\/04\/impulsorpereferico.jpg","datePublished":"2017-04-04T17:35:19+00:00","dateModified":"2017-04-11T10:38:54+00:00","breadcrumb":{"@id":"https:\/\/www.indubombas.es\/index.php\/productos\/speck\/bombas-de-impulsor-periferico-3\/bombas-de-impulsor-periferico-mecanico\/#breadcrumb"},"inLanguage":"es","potentialAction":[{"@type":"ReadAction","target":["https:\/\/www.indubombas.es\/index.php\/productos\/speck\/bombas-de-impulsor-periferico-3\/bombas-de-impulsor-periferico-mecanico\/"]}]},{"@type":"ImageObject","inLanguage":"es","@id":"https:\/\/www.indubombas.es\/index.php\/productos\/speck\/bombas-de-impulsor-periferico-3\/bombas-de-impulsor-periferico-mecanico\/#primaryimage","url":"http:\/\/www.indubombas.es\/wp-content\/uploads\/2017\/04\/impulsorpereferico.jpg","contentUrl":"http:\/\/www.indubombas.es\/wp-content\/uploads\/2017\/04\/impulsorpereferico.jpg"},{"@type":"BreadcrumbList","@id":"https:\/\/www.indubombas.es\/index.php\/productos\/speck\/bombas-de-impulsor-periferico-3\/bombas-de-impulsor-periferico-mecanico\/#breadcrumb","itemListElement":[{"@type":"ListItem","position":1,"name":"Portada","item":"https:\/\/www.indubombas.es\/"},{"@type":"ListItem","position":2,"name":"Productos","item":"https:\/\/www.indubombas.es\/index.php\/productos\/"},{"@type":"ListItem","position":3,"name":"SPECK","item":"https:\/\/www.indubombas.es\/index.php\/productos\/speck\/"},{"@type":"ListItem","position":4,"name":"Bombas de impulsor perif\u00e9rico","item":"https:\/\/www.indubombas.es\/index.php\/productos\/speck\/bombas-de-impulsor-periferico-3\/"},{"@type":"ListItem","position":5,"name":"Bombas de impulsor perif\u00e9rico"}]},{"@type":"WebSite","@id":"https:\/\/www.indubombas.es\/#website","url":"https:\/\/www.indubombas.es\/","name":"InduBombas","description":"","publisher":{"@id":"https:\/\/www.indubombas.es\/#organization"},"potentialAction":[{"@type":"SearchAction","target":{"@type":"EntryPoint","urlTemplate":"https:\/\/www.indubombas.es\/?s={search_term_string}"},"query-input":{"@type":"PropertyValueSpecification","valueRequired":true,"valueName":"search_term_string"}}],"inLanguage":"es"},{"@type":"Organization","@id":"https:\/\/www.indubombas.es\/#organization","name":"Indubombas","url":"https:\/\/www.indubombas.es\/","logo":{"@type":"ImageObject","inLanguage":"es","@id":"https:\/\/www.indubombas.es\/#\/schema\/logo\/image\/","url":"http:\/\/www.indubombas.es\/wp-content\/uploads\/2017\/03\/cropped-Logo-INDUBOMBAS-1.jpg","contentUrl":"http:\/\/www.indubombas.es\/wp-content\/uploads\/2017\/03\/cropped-Logo-INDUBOMBAS-1.jpg","width":2667,"height":1181,"caption":"Indubombas"},"image":{"@id":"https:\/\/www.indubombas.es\/#\/schema\/logo\/image\/"}}]}},"_links":{"self":[{"href":"https:\/\/www.indubombas.es\/index.php\/wp-json\/wp\/v2\/pages\/330","targetHints":{"allow":["GET"]}}],"collection":[{"href":"https:\/\/www.indubombas.es\/index.php\/wp-json\/wp\/v2\/pages"}],"about":[{"href":"https:\/\/www.indubombas.es\/index.php\/wp-json\/wp\/v2\/types\/page"}],"author":[{"embeddable":true,"href":"https:\/\/www.indubombas.es\/index.php\/wp-json\/wp\/v2\/users\/1"}],"replies":[{"embeddable":true,"href":"https:\/\/www.indubombas.es\/index.php\/wp-json\/wp\/v2\/comments?post=330"}],"version-history":[{"count":11,"href":"https:\/\/www.indubombas.es\/index.php\/wp-json\/wp\/v2\/pages\/330\/revisions"}],"predecessor-version":[{"id":691,"href":"https:\/\/www.indubombas.es\/index.php\/wp-json\/wp\/v2\/pages\/330\/revisions\/691"}],"up":[{"embeddable":true,"href":"https:\/\/www.indubombas.es\/index.php\/wp-json\/wp\/v2\/pages\/681"}],"wp:attachment":[{"href":"https:\/\/www.indubombas.es\/index.php\/wp-json\/wp\/v2\/media?parent=330"}],"curies":[{"name":"wp","href":"https:\/\/api.w.org\/{rel}","templated":true}]}}