{"id":426,"date":"2017-04-05T09:06:39","date_gmt":"2017-04-05T09:06:39","guid":{"rendered":"http:\/\/www.indubombas.es\/?page_id=426"},"modified":"2017-04-11T08:28:56","modified_gmt":"2017-04-11T08:28:56","slug":"modelo-toemn-toema-toemi","status":"publish","type":"page","link":"https:\/\/www.indubombas.es\/index.php\/productos\/speck\/modelo-toemn-toema-toemi\/","title":{"rendered":"Modelo TOEMN, TOEMA, TOEMI"},"content":{"rendered":"<table class=\" aligncenter\" style=\"width: 886.854px;\">\n<tbody>\n<tr style=\"height: 296.333px;\">\n<td style=\"width: 448px; height: 296.333px;\"><span style=\"font-size: 20px;\"><img loading=\"lazy\" decoding=\"async\" class=\"wp-image-278\" src=\"https:\/\/www.indubombas.es\/wp-content\/uploads\/2017\/04\/csm_TOE-MN-100-200_dc24fc7af5.png\" alt=\"\" width=\"420\" height=\"304\" srcset=\"https:\/\/www.indubombas.es\/wp-content\/uploads\/2017\/04\/csm_TOE-MN-100-200_dc24fc7af5.png 618w, https:\/\/www.indubombas.es\/wp-content\/uploads\/2017\/04\/csm_TOE-MN-100-200_dc24fc7af5-300x217.png 300w\" sizes=\"auto, (max-width: 420px) 100vw, 420px\" \/><\/span><\/td>\n<td style=\"width: 416.854px; height: 296.333px;\">\n<h4><span style=\"font-size: 20px;\"><strong>Heat transfer pumps with magnetic coupling<\/strong><\/span><\/h4>\n<p><span style=\"font-size: 20px;\">\u00a0<\/span><\/td>\n<\/tr>\n<tr style=\"height: 508px;\">\n<td style=\"width: 448px; height: 508px;\"><span style=\"font-size: 20px;\"><strong>Fluidos<\/strong><\/span><\/p>\n<ul>\n<li><span style=\"font-size: 16px;\">Modelo en fundici\u00f3n esferoidal:<\/span><\/li>\n<li><span style=\"font-size: 16px;\">Aceite t\u00e9rmico -40 \u2013 +350 \u00b0C<\/span><\/li>\n<li><span style=\"font-size: 16px;\">Modelo en acero inoxidable:<\/span><\/li>\n<li><span style=\"font-size: 16px;\">Aceite t\u00e9rmico -100 \u2013 +250 \u00b0C<\/span><\/li>\n<\/ul>\n<p><span style=\"font-size: 20px;\"><strong>Motor<\/strong><\/span><\/p>\n<ul>\n<li><span style=\"font-size: 16px;\">-\/-<\/span><\/li>\n<\/ul>\n<p><span style=\"font-size: 20px;\"><strong>Materiales<\/strong><\/span><\/p>\n<ul>\n<li><span style=\"font-size: 16px;\">Acero inoxidable<\/span><\/li>\n<li><span style=\"font-size: 16px;\">Fundici\u00f3n esferoidal<\/span><\/li>\n<\/ul>\n<\/td>\n<td style=\"width: 416.854px; height: 508px;\">&nbsp;<\/p>\n<p><span style=\"font-size: 20px;\"><strong>Conexi\u00f3n aspiraci\u00f3n<\/strong><\/span><\/p>\n<ul>\n<li><span style=\"font-size: 16px;\">DN 50 \u2013 DN 150<\/span><\/li>\n<\/ul>\n<p><span style=\"font-size: 20px;\"><strong>Conexi\u00f3n impulsi\u00f3n<\/strong><\/span><\/p>\n<ul>\n<li><span style=\"font-size: 16px;\">DN 32 \u2013 DN 125<\/span><\/li>\n<\/ul>\n<p><span style=\"font-size: 20px;\"><strong>Junta<\/strong><\/span><\/p>\n<ul>\n<li><span style=\"font-size: 16px;\">Separador \/ Accionamiento magn\u00e9tico<\/span><\/li>\n<\/ul>\n<p><span style=\"font-size: 20px;\"><strong>Dimensiones (A\/Alt\/P)<\/strong><\/span><\/p>\n<ul>\n<li><span style=\"font-size: 16px;\">-\/-<\/span><\/li>\n<\/ul>\n<p><span style=\"color: #ffffff; font-size: 20px;\">.<\/span><\/td>\n<\/tr>\n<tr style=\"height: 294px;\">\n<td style=\"width: 864.854px; height: 294px;\" colspan=\"2\"><span style=\"font-size: 20px;\"><strong><u>Ventajas<\/u><\/strong><\/span><\/p>\n<ul>\n<li><span style=\"font-size: 16px;\">Hidr\u00e1ulica idem serie TOEGN \/ GA \/ MN \/ MA<\/span><\/li>\n<li><span style=\"font-size: 16px;\">Hidr\u00e1ulica idem serie TOEGI y TOEMI<\/span><\/li>\n<li><span style=\"font-size: 16px;\">Transporte de portadores de calor sint\u00e9ticos con baja viscosidad hasta 350\u00a0\u00b0C<\/span><\/li>\n<li><span style=\"font-size: 16px;\">Cojinete deslizante con lubricaci\u00f3n hidrodin\u00e1mico en SiC<\/span><\/li>\n<li><span style=\"font-size: 16px;\">Caja de impulsores laterales resistentes<\/span><\/li>\n<\/ul>\n<p><span style=\"font-size: 20px;\">\u00a0<\/span><span style=\"font-size: 20px;\">\u00a0<\/span><span style=\"font-size: 20px;\">\u00a0<\/span><\/td>\n<\/tr>\n<\/tbody>\n<\/table>\n","protected":false},"excerpt":{"rendered":"<p>Heat transfer pumps with magnetic coupling \u00a0 Fluidos Modelo en fundici\u00f3n esferoidal: Aceite t\u00e9rmico -40 \u2013 +350 \u00b0C Modelo en acero inoxidable: Aceite t\u00e9rmico -100 \u2013 +250 \u00b0C Motor -\/- Materiales Acero inoxidable Fundici\u00f3n esferoidal &nbsp; Conexi\u00f3n aspiraci\u00f3n DN 50 \u2013 DN 150 Conexi\u00f3n impulsi\u00f3n DN 32 \u2013 DN 125 Junta Separador \/ Accionamiento magn\u00e9tico [&hellip;]<\/p>\n","protected":false},"author":1,"featured_media":0,"parent":169,"menu_order":0,"comment_status":"closed","ping_status":"closed","template":"","meta":{"_acf_changed":false,"footnotes":""},"class_list":["post-426","page","type-page","status-publish","czr-hentry"],"acf":[],"yoast_head":"<!-- This site is optimized with the Yoast SEO plugin v27.0 - https:\/\/yoast.com\/product\/yoast-seo-wordpress\/ -->\n<title>Modelo TOEMN, TOEMA, TOEMI<\/title>\n<meta name=\"robots\" content=\"index, follow, max-snippet:-1, max-image-preview:large, max-video-preview:-1\" \/>\n<link rel=\"canonical\" href=\"https:\/\/www.indubombas.es\/index.php\/productos\/speck\/modelo-toemn-toema-toemi\/\" \/>\n<meta property=\"og:locale\" content=\"es_ES\" \/>\n<meta property=\"og:type\" content=\"article\" \/>\n<meta property=\"og:title\" content=\"Modelo TOEMN, TOEMA, TOEMI\" \/>\n<meta property=\"og:description\" content=\"Heat transfer pumps with magnetic coupling \u00a0 Fluidos Modelo en fundici\u00f3n esferoidal: Aceite t\u00e9rmico -40 \u2013 +350 \u00b0C Modelo en acero inoxidable: Aceite t\u00e9rmico -100 \u2013 +250 \u00b0C Motor -\/- Materiales Acero inoxidable Fundici\u00f3n esferoidal &nbsp; Conexi\u00f3n aspiraci\u00f3n DN 50 \u2013 DN 150 Conexi\u00f3n impulsi\u00f3n DN 32 \u2013 DN 125 Junta Separador \/ Accionamiento magn\u00e9tico [&hellip;]\" \/>\n<meta property=\"og:url\" content=\"https:\/\/www.indubombas.es\/index.php\/productos\/speck\/modelo-toemn-toema-toemi\/\" \/>\n<meta property=\"og:site_name\" content=\"InduBombas\" \/>\n<meta property=\"article:modified_time\" content=\"2017-04-11T08:28:56+00:00\" \/>\n<meta property=\"og:image\" content=\"http:\/\/www.indubombas.es\/wp-content\/uploads\/2017\/04\/csm_TOE-MN-100-200_dc24fc7af5.png\" \/>\n<meta name=\"twitter:card\" content=\"summary_large_image\" \/>\n<meta name=\"twitter:label1\" content=\"Tiempo de lectura\" \/>\n\t<meta name=\"twitter:data1\" content=\"1 minuto\" \/>\n<script type=\"application\/ld+json\" class=\"yoast-schema-graph\">{\"@context\":\"https:\/\/schema.org\",\"@graph\":[{\"@type\":\"WebPage\",\"@id\":\"https:\/\/www.indubombas.es\/index.php\/productos\/speck\/modelo-toemn-toema-toemi\/\",\"url\":\"https:\/\/www.indubombas.es\/index.php\/productos\/speck\/modelo-toemn-toema-toemi\/\",\"name\":\"Modelo TOEMN, TOEMA, TOEMI\",\"isPartOf\":{\"@id\":\"https:\/\/www.indubombas.es\/#website\"},\"primaryImageOfPage\":{\"@id\":\"https:\/\/www.indubombas.es\/index.php\/productos\/speck\/modelo-toemn-toema-toemi\/#primaryimage\"},\"image\":{\"@id\":\"https:\/\/www.indubombas.es\/index.php\/productos\/speck\/modelo-toemn-toema-toemi\/#primaryimage\"},\"thumbnailUrl\":\"http:\/\/www.indubombas.es\/wp-content\/uploads\/2017\/04\/csm_TOE-MN-100-200_dc24fc7af5.png\",\"datePublished\":\"2017-04-05T09:06:39+00:00\",\"dateModified\":\"2017-04-11T08:28:56+00:00\",\"breadcrumb\":{\"@id\":\"https:\/\/www.indubombas.es\/index.php\/productos\/speck\/modelo-toemn-toema-toemi\/#breadcrumb\"},\"inLanguage\":\"es\",\"potentialAction\":[{\"@type\":\"ReadAction\",\"target\":[\"https:\/\/www.indubombas.es\/index.php\/productos\/speck\/modelo-toemn-toema-toemi\/\"]}]},{\"@type\":\"ImageObject\",\"inLanguage\":\"es\",\"@id\":\"https:\/\/www.indubombas.es\/index.php\/productos\/speck\/modelo-toemn-toema-toemi\/#primaryimage\",\"url\":\"http:\/\/www.indubombas.es\/wp-content\/uploads\/2017\/04\/csm_TOE-MN-100-200_dc24fc7af5.png\",\"contentUrl\":\"http:\/\/www.indubombas.es\/wp-content\/uploads\/2017\/04\/csm_TOE-MN-100-200_dc24fc7af5.png\"},{\"@type\":\"BreadcrumbList\",\"@id\":\"https:\/\/www.indubombas.es\/index.php\/productos\/speck\/modelo-toemn-toema-toemi\/#breadcrumb\",\"itemListElement\":[{\"@type\":\"ListItem\",\"position\":1,\"name\":\"Portada\",\"item\":\"https:\/\/www.indubombas.es\/\"},{\"@type\":\"ListItem\",\"position\":2,\"name\":\"Productos\",\"item\":\"https:\/\/www.indubombas.es\/index.php\/productos\/\"},{\"@type\":\"ListItem\",\"position\":3,\"name\":\"SPECK\",\"item\":\"https:\/\/www.indubombas.es\/index.php\/productos\/speck\/\"},{\"@type\":\"ListItem\",\"position\":4,\"name\":\"Modelo TOEMN, TOEMA, TOEMI\"}]},{\"@type\":\"WebSite\",\"@id\":\"https:\/\/www.indubombas.es\/#website\",\"url\":\"https:\/\/www.indubombas.es\/\",\"name\":\"InduBombas\",\"description\":\"\",\"publisher\":{\"@id\":\"https:\/\/www.indubombas.es\/#organization\"},\"potentialAction\":[{\"@type\":\"SearchAction\",\"target\":{\"@type\":\"EntryPoint\",\"urlTemplate\":\"https:\/\/www.indubombas.es\/?s={search_term_string}\"},\"query-input\":{\"@type\":\"PropertyValueSpecification\",\"valueRequired\":true,\"valueName\":\"search_term_string\"}}],\"inLanguage\":\"es\"},{\"@type\":\"Organization\",\"@id\":\"https:\/\/www.indubombas.es\/#organization\",\"name\":\"Indubombas\",\"url\":\"https:\/\/www.indubombas.es\/\",\"logo\":{\"@type\":\"ImageObject\",\"inLanguage\":\"es\",\"@id\":\"https:\/\/www.indubombas.es\/#\/schema\/logo\/image\/\",\"url\":\"http:\/\/www.indubombas.es\/wp-content\/uploads\/2017\/03\/cropped-Logo-INDUBOMBAS-1.jpg\",\"contentUrl\":\"http:\/\/www.indubombas.es\/wp-content\/uploads\/2017\/03\/cropped-Logo-INDUBOMBAS-1.jpg\",\"width\":2667,\"height\":1181,\"caption\":\"Indubombas\"},\"image\":{\"@id\":\"https:\/\/www.indubombas.es\/#\/schema\/logo\/image\/\"}}]}<\/script>\n<!-- \/ Yoast SEO plugin. -->","yoast_head_json":{"title":"Modelo TOEMN, TOEMA, TOEMI","robots":{"index":"index","follow":"follow","max-snippet":"max-snippet:-1","max-image-preview":"max-image-preview:large","max-video-preview":"max-video-preview:-1"},"canonical":"https:\/\/www.indubombas.es\/index.php\/productos\/speck\/modelo-toemn-toema-toemi\/","og_locale":"es_ES","og_type":"article","og_title":"Modelo TOEMN, TOEMA, TOEMI","og_description":"Heat transfer pumps with magnetic coupling \u00a0 Fluidos Modelo en fundici\u00f3n esferoidal: Aceite t\u00e9rmico -40 \u2013 +350 \u00b0C Modelo en acero inoxidable: Aceite t\u00e9rmico -100 \u2013 +250 \u00b0C Motor -\/- Materiales Acero inoxidable Fundici\u00f3n esferoidal &nbsp; Conexi\u00f3n aspiraci\u00f3n DN 50 \u2013 DN 150 Conexi\u00f3n impulsi\u00f3n DN 32 \u2013 DN 125 Junta Separador \/ Accionamiento magn\u00e9tico [&hellip;]","og_url":"https:\/\/www.indubombas.es\/index.php\/productos\/speck\/modelo-toemn-toema-toemi\/","og_site_name":"InduBombas","article_modified_time":"2017-04-11T08:28:56+00:00","og_image":[{"url":"http:\/\/www.indubombas.es\/wp-content\/uploads\/2017\/04\/csm_TOE-MN-100-200_dc24fc7af5.png","type":"","width":"","height":""}],"twitter_card":"summary_large_image","twitter_misc":{"Tiempo de lectura":"1 minuto"},"schema":{"@context":"https:\/\/schema.org","@graph":[{"@type":"WebPage","@id":"https:\/\/www.indubombas.es\/index.php\/productos\/speck\/modelo-toemn-toema-toemi\/","url":"https:\/\/www.indubombas.es\/index.php\/productos\/speck\/modelo-toemn-toema-toemi\/","name":"Modelo TOEMN, TOEMA, TOEMI","isPartOf":{"@id":"https:\/\/www.indubombas.es\/#website"},"primaryImageOfPage":{"@id":"https:\/\/www.indubombas.es\/index.php\/productos\/speck\/modelo-toemn-toema-toemi\/#primaryimage"},"image":{"@id":"https:\/\/www.indubombas.es\/index.php\/productos\/speck\/modelo-toemn-toema-toemi\/#primaryimage"},"thumbnailUrl":"http:\/\/www.indubombas.es\/wp-content\/uploads\/2017\/04\/csm_TOE-MN-100-200_dc24fc7af5.png","datePublished":"2017-04-05T09:06:39+00:00","dateModified":"2017-04-11T08:28:56+00:00","breadcrumb":{"@id":"https:\/\/www.indubombas.es\/index.php\/productos\/speck\/modelo-toemn-toema-toemi\/#breadcrumb"},"inLanguage":"es","potentialAction":[{"@type":"ReadAction","target":["https:\/\/www.indubombas.es\/index.php\/productos\/speck\/modelo-toemn-toema-toemi\/"]}]},{"@type":"ImageObject","inLanguage":"es","@id":"https:\/\/www.indubombas.es\/index.php\/productos\/speck\/modelo-toemn-toema-toemi\/#primaryimage","url":"http:\/\/www.indubombas.es\/wp-content\/uploads\/2017\/04\/csm_TOE-MN-100-200_dc24fc7af5.png","contentUrl":"http:\/\/www.indubombas.es\/wp-content\/uploads\/2017\/04\/csm_TOE-MN-100-200_dc24fc7af5.png"},{"@type":"BreadcrumbList","@id":"https:\/\/www.indubombas.es\/index.php\/productos\/speck\/modelo-toemn-toema-toemi\/#breadcrumb","itemListElement":[{"@type":"ListItem","position":1,"name":"Portada","item":"https:\/\/www.indubombas.es\/"},{"@type":"ListItem","position":2,"name":"Productos","item":"https:\/\/www.indubombas.es\/index.php\/productos\/"},{"@type":"ListItem","position":3,"name":"SPECK","item":"https:\/\/www.indubombas.es\/index.php\/productos\/speck\/"},{"@type":"ListItem","position":4,"name":"Modelo TOEMN, TOEMA, TOEMI"}]},{"@type":"WebSite","@id":"https:\/\/www.indubombas.es\/#website","url":"https:\/\/www.indubombas.es\/","name":"InduBombas","description":"","publisher":{"@id":"https:\/\/www.indubombas.es\/#organization"},"potentialAction":[{"@type":"SearchAction","target":{"@type":"EntryPoint","urlTemplate":"https:\/\/www.indubombas.es\/?s={search_term_string}"},"query-input":{"@type":"PropertyValueSpecification","valueRequired":true,"valueName":"search_term_string"}}],"inLanguage":"es"},{"@type":"Organization","@id":"https:\/\/www.indubombas.es\/#organization","name":"Indubombas","url":"https:\/\/www.indubombas.es\/","logo":{"@type":"ImageObject","inLanguage":"es","@id":"https:\/\/www.indubombas.es\/#\/schema\/logo\/image\/","url":"http:\/\/www.indubombas.es\/wp-content\/uploads\/2017\/03\/cropped-Logo-INDUBOMBAS-1.jpg","contentUrl":"http:\/\/www.indubombas.es\/wp-content\/uploads\/2017\/03\/cropped-Logo-INDUBOMBAS-1.jpg","width":2667,"height":1181,"caption":"Indubombas"},"image":{"@id":"https:\/\/www.indubombas.es\/#\/schema\/logo\/image\/"}}]}},"_links":{"self":[{"href":"https:\/\/www.indubombas.es\/index.php\/wp-json\/wp\/v2\/pages\/426","targetHints":{"allow":["GET"]}}],"collection":[{"href":"https:\/\/www.indubombas.es\/index.php\/wp-json\/wp\/v2\/pages"}],"about":[{"href":"https:\/\/www.indubombas.es\/index.php\/wp-json\/wp\/v2\/types\/page"}],"author":[{"embeddable":true,"href":"https:\/\/www.indubombas.es\/index.php\/wp-json\/wp\/v2\/users\/1"}],"replies":[{"embeddable":true,"href":"https:\/\/www.indubombas.es\/index.php\/wp-json\/wp\/v2\/comments?post=426"}],"version-history":[{"count":12,"href":"https:\/\/www.indubombas.es\/index.php\/wp-json\/wp\/v2\/pages\/426\/revisions"}],"predecessor-version":[{"id":640,"href":"https:\/\/www.indubombas.es\/index.php\/wp-json\/wp\/v2\/pages\/426\/revisions\/640"}],"up":[{"embeddable":true,"href":"https:\/\/www.indubombas.es\/index.php\/wp-json\/wp\/v2\/pages\/169"}],"wp:attachment":[{"href":"https:\/\/www.indubombas.es\/index.php\/wp-json\/wp\/v2\/media?parent=426"}],"curies":[{"name":"wp","href":"https:\/\/api.w.org\/{rel}","templated":true}]}}