{"id":584,"date":"2017-04-11T07:12:32","date_gmt":"2017-04-11T07:12:32","guid":{"rendered":"http:\/\/www.indubombas.es\/?page_id=584"},"modified":"2017-04-11T16:07:48","modified_gmt":"2017-04-11T16:07:48","slug":"v-series-los-multitalentos","status":"publish","type":"page","link":"https:\/\/www.indubombas.es\/index.php\/productos\/speck\/bombas-de-vacio-de-anillo-liquido\/v-series-los-multitalentos\/","title":{"rendered":"V Series \u2013 Los multitalentos"},"content":{"rendered":"<p>&nbsp;<\/p>\n<table class=\" aligncenter\" style=\"width: 904px; height: 1043px;\">\n<tbody>\n<tr style=\"height: 188px;\">\n<td style=\"width: 420px; height: 188px;\"><span style=\"font-family: arial,helvetica,sans-serif;\"><img loading=\"lazy\" decoding=\"async\" class=\"alignnone wp-image-172 size-full\" src=\"https:\/\/www.indubombas.es\/wp-content\/uploads\/2017\/04\/V-55-e1491290940462.png\" alt=\"\" width=\"420\" height=\"315\" \/><\/span><\/td>\n<td style=\"width: 459px; height: 188px;\">\n<ul>\n<li><span style=\"font-family: arial,helvetica,sans-serif; font-size: 16px;\">Bombas monoetapa con v\u00e1lvulas de mariposa.<\/span><\/li>\n<li><span style=\"font-family: arial,helvetica,sans-serif; font-size: 16px;\">En formato monoblock, motores normalizados B35 excepto eje<\/span><\/li>\n<li><span style=\"font-family: arial,helvetica,sans-serif; font-size: 16px;\">Ejecuci\u00f3n interna con motores normalizados B5<\/span><\/li>\n<li><span style=\"font-family: arial,helvetica,sans-serif; font-size: 16px;\">Nivel de presi\u00f3n ac\u00fastica 65 \u2013 72 db(A)<\/span><\/li>\n<\/ul>\n<\/td>\n<\/tr>\n<tr style=\"height: 410px;\">\n<td style=\"width: 420px; height: 410px;\"><span style=\"font-family: arial,helvetica,sans-serif; font-size: 20px;\"><strong>Fluidos<\/strong><\/span><\/p>\n<ul>\n<li><span style=\"font-family: arial,helvetica,sans-serif; font-size: 16px;\">Gases secos o h\u00famedos<\/span><\/li>\n<li><span style=\"font-family: arial,helvetica,sans-serif; font-size: 16px;\">Medio de servicio 80 \u00b0C max.<\/span><\/li>\n<li><span style=\"font-family: arial,helvetica,sans-serif; font-size: 16px;\">Gas entrante (seco) 200 \u00b0C max.<\/span><\/li>\n<li><span style=\"font-family: arial,helvetica,sans-serif; font-size: 16px;\">Gas entrante (saturado) 100 \u00b0C max.<\/span><\/li>\n<\/ul>\n<p><span style=\"font-family: arial,helvetica,sans-serif; font-size: 20px;\"><strong>Motor<\/strong><\/span><\/p>\n<ul>\n<li><span style=\"font-family: arial,helvetica,sans-serif; font-size: 16px;\">0,4 \u2013 11,0 kW,1~Mot\/ 3~Mot<\/span><\/li>\n<\/ul>\n<p><span style=\"font-family: arial,helvetica,sans-serif; font-size: 20px;\"><strong>Materiales<\/strong><\/span><\/p>\n<ul>\n<li><span style=\"font-family: arial,helvetica,sans-serif; font-size: 16px;\">Acero inoxidable<\/span><\/li>\n<li><span style=\"font-family: arial,helvetica,sans-serif; font-size: 16px;\">Fundici\u00f3n gris<\/span><\/li>\n<li><span style=\"font-family: arial,helvetica,sans-serif; font-size: 16px;\">Metal no ferroso<\/span><\/li>\n<\/ul>\n<p><span style=\"font-family: arial,helvetica,sans-serif;\">\u00a0<\/span><\/td>\n<td style=\"width: 459px; height: 410px;\"><span style=\"font-family: arial,helvetica,sans-serif; font-size: 20px;\"><strong>Conexi\u00f3n aspiraci\u00f3n<\/strong><\/span><\/p>\n<ul>\n<li><span style=\"font-family: arial,helvetica,sans-serif; font-size: 16px;\">G 3\/8-DN 65<\/span><\/li>\n<\/ul>\n<p><span style=\"font-family: arial,helvetica,sans-serif; font-size: 20px;\"><strong>Conexi\u00f3n impulsi\u00f3n<\/strong><\/span><\/p>\n<ul>\n<li><span style=\"font-family: arial,helvetica,sans-serif; font-size: 16px;\">G 3\/8-DN 65<\/span><\/li>\n<\/ul>\n<p><span style=\"font-family: arial,helvetica,sans-serif; font-size: 20px;\"><strong>Junta<\/strong><\/span><\/p>\n<ul>\n<li><span style=\"font-family: arial,helvetica,sans-serif; font-size: 16px;\">Cierre mec\u00e1nico<\/span><\/li>\n<\/ul>\n<p><span style=\"font-family: arial,helvetica,sans-serif; font-size: 20px;\"><strong>Dimesiones (A\/Alt\/P)<\/strong><\/span><\/p>\n<p><span style=\"font-family: arial,helvetica,sans-serif;\">.<\/span><\/td>\n<\/tr>\n<tr style=\"height: 163.78px;\">\n<td style=\"width: 890px; height: 163.78px;\" colspan=\"2\">\n<h4><span style=\"font-family: arial,helvetica,sans-serif;\"><strong>\u00a0\u00a0<span style=\"font-size: 20px;\">Ventajas<\/span><\/strong><\/span><\/h4>\n<ul>\n<li><span style=\"font-family: arial,helvetica,sans-serif; font-size: 16px;\">Dise\u00f1o constructivo robusto y comprobado<\/span><\/li>\n<li><span style=\"font-family: arial,helvetica,sans-serif; font-size: 16px;\">Reducido gasto de inversi\u00f3n, gracias a la ejecuci\u00f3n en formato de bloque<\/span><\/li>\n<\/ul>\n<\/td>\n<\/tr>\n<\/tbody>\n<\/table>\n<p>&nbsp;<\/p>\n","protected":false},"excerpt":{"rendered":"<p>&nbsp; Bombas monoetapa con v\u00e1lvulas de mariposa. En formato monoblock, motores normalizados B35 excepto eje Ejecuci\u00f3n interna con motores normalizados B5 Nivel de presi\u00f3n ac\u00fastica 65 \u2013 72 db(A) Fluidos Gases secos o h\u00famedos Medio de servicio 80 \u00b0C max. Gas entrante (seco) 200 \u00b0C max. Gas entrante (saturado) 100 \u00b0C max. Motor 0,4 \u2013 [&hellip;]<\/p>\n","protected":false},"author":1,"featured_media":0,"parent":171,"menu_order":0,"comment_status":"closed","ping_status":"closed","template":"","meta":{"_acf_changed":false,"footnotes":""},"class_list":["post-584","page","type-page","status-publish","czr-hentry"],"acf":[],"yoast_head":"<!-- This site is optimized with the Yoast SEO plugin v27.0 - https:\/\/yoast.com\/product\/yoast-seo-wordpress\/ -->\n<title>V Series \u2013 Los multitalentos<\/title>\n<meta name=\"robots\" content=\"index, follow, max-snippet:-1, max-image-preview:large, max-video-preview:-1\" \/>\n<link rel=\"canonical\" href=\"https:\/\/www.indubombas.es\/index.php\/productos\/speck\/bombas-de-vacio-de-anillo-liquido\/v-series-los-multitalentos\/\" \/>\n<meta property=\"og:locale\" content=\"es_ES\" \/>\n<meta property=\"og:type\" content=\"article\" \/>\n<meta property=\"og:title\" content=\"V Series \u2013 Los multitalentos\" \/>\n<meta property=\"og:description\" content=\"&nbsp; Bombas monoetapa con v\u00e1lvulas de mariposa. En formato monoblock, motores normalizados B35 excepto eje Ejecuci\u00f3n interna con motores normalizados B5 Nivel de presi\u00f3n ac\u00fastica 65 \u2013 72 db(A) Fluidos Gases secos o h\u00famedos Medio de servicio 80 \u00b0C max. Gas entrante (seco) 200 \u00b0C max. Gas entrante (saturado) 100 \u00b0C max. Motor 0,4 \u2013 [&hellip;]\" \/>\n<meta property=\"og:url\" content=\"https:\/\/www.indubombas.es\/index.php\/productos\/speck\/bombas-de-vacio-de-anillo-liquido\/v-series-los-multitalentos\/\" \/>\n<meta property=\"og:site_name\" content=\"InduBombas\" \/>\n<meta property=\"article:modified_time\" content=\"2017-04-11T16:07:48+00:00\" \/>\n<meta property=\"og:image\" content=\"http:\/\/www.indubombas.es\/wp-content\/uploads\/2017\/04\/V-55-e1491290940462.png\" \/>\n<meta name=\"twitter:card\" content=\"summary_large_image\" \/>\n<meta name=\"twitter:label1\" content=\"Tiempo de lectura\" \/>\n\t<meta name=\"twitter:data1\" content=\"1 minuto\" \/>\n<script type=\"application\/ld+json\" class=\"yoast-schema-graph\">{\"@context\":\"https:\/\/schema.org\",\"@graph\":[{\"@type\":\"WebPage\",\"@id\":\"https:\/\/www.indubombas.es\/index.php\/productos\/speck\/bombas-de-vacio-de-anillo-liquido\/v-series-los-multitalentos\/\",\"url\":\"https:\/\/www.indubombas.es\/index.php\/productos\/speck\/bombas-de-vacio-de-anillo-liquido\/v-series-los-multitalentos\/\",\"name\":\"V Series \u2013 Los multitalentos\",\"isPartOf\":{\"@id\":\"https:\/\/www.indubombas.es\/#website\"},\"primaryImageOfPage\":{\"@id\":\"https:\/\/www.indubombas.es\/index.php\/productos\/speck\/bombas-de-vacio-de-anillo-liquido\/v-series-los-multitalentos\/#primaryimage\"},\"image\":{\"@id\":\"https:\/\/www.indubombas.es\/index.php\/productos\/speck\/bombas-de-vacio-de-anillo-liquido\/v-series-los-multitalentos\/#primaryimage\"},\"thumbnailUrl\":\"http:\/\/www.indubombas.es\/wp-content\/uploads\/2017\/04\/V-55-e1491290940462.png\",\"datePublished\":\"2017-04-11T07:12:32+00:00\",\"dateModified\":\"2017-04-11T16:07:48+00:00\",\"breadcrumb\":{\"@id\":\"https:\/\/www.indubombas.es\/index.php\/productos\/speck\/bombas-de-vacio-de-anillo-liquido\/v-series-los-multitalentos\/#breadcrumb\"},\"inLanguage\":\"es\",\"potentialAction\":[{\"@type\":\"ReadAction\",\"target\":[\"https:\/\/www.indubombas.es\/index.php\/productos\/speck\/bombas-de-vacio-de-anillo-liquido\/v-series-los-multitalentos\/\"]}]},{\"@type\":\"ImageObject\",\"inLanguage\":\"es\",\"@id\":\"https:\/\/www.indubombas.es\/index.php\/productos\/speck\/bombas-de-vacio-de-anillo-liquido\/v-series-los-multitalentos\/#primaryimage\",\"url\":\"http:\/\/www.indubombas.es\/wp-content\/uploads\/2017\/04\/V-55-e1491290940462.png\",\"contentUrl\":\"http:\/\/www.indubombas.es\/wp-content\/uploads\/2017\/04\/V-55-e1491290940462.png\"},{\"@type\":\"BreadcrumbList\",\"@id\":\"https:\/\/www.indubombas.es\/index.php\/productos\/speck\/bombas-de-vacio-de-anillo-liquido\/v-series-los-multitalentos\/#breadcrumb\",\"itemListElement\":[{\"@type\":\"ListItem\",\"position\":1,\"name\":\"Portada\",\"item\":\"https:\/\/www.indubombas.es\/\"},{\"@type\":\"ListItem\",\"position\":2,\"name\":\"Productos\",\"item\":\"https:\/\/www.indubombas.es\/index.php\/productos\/\"},{\"@type\":\"ListItem\",\"position\":3,\"name\":\"SPECK\",\"item\":\"https:\/\/www.indubombas.es\/index.php\/productos\/speck\/\"},{\"@type\":\"ListItem\",\"position\":4,\"name\":\"Bombas de vac\u00edo de anillo l\u00edquido\",\"item\":\"https:\/\/www.indubombas.es\/index.php\/productos\/speck\/bombas-de-vacio-de-anillo-liquido\/\"},{\"@type\":\"ListItem\",\"position\":5,\"name\":\"V Series \u2013 Los multitalentos\"}]},{\"@type\":\"WebSite\",\"@id\":\"https:\/\/www.indubombas.es\/#website\",\"url\":\"https:\/\/www.indubombas.es\/\",\"name\":\"InduBombas\",\"description\":\"\",\"publisher\":{\"@id\":\"https:\/\/www.indubombas.es\/#organization\"},\"potentialAction\":[{\"@type\":\"SearchAction\",\"target\":{\"@type\":\"EntryPoint\",\"urlTemplate\":\"https:\/\/www.indubombas.es\/?s={search_term_string}\"},\"query-input\":{\"@type\":\"PropertyValueSpecification\",\"valueRequired\":true,\"valueName\":\"search_term_string\"}}],\"inLanguage\":\"es\"},{\"@type\":\"Organization\",\"@id\":\"https:\/\/www.indubombas.es\/#organization\",\"name\":\"Indubombas\",\"url\":\"https:\/\/www.indubombas.es\/\",\"logo\":{\"@type\":\"ImageObject\",\"inLanguage\":\"es\",\"@id\":\"https:\/\/www.indubombas.es\/#\/schema\/logo\/image\/\",\"url\":\"http:\/\/www.indubombas.es\/wp-content\/uploads\/2017\/03\/cropped-Logo-INDUBOMBAS-1.jpg\",\"contentUrl\":\"http:\/\/www.indubombas.es\/wp-content\/uploads\/2017\/03\/cropped-Logo-INDUBOMBAS-1.jpg\",\"width\":2667,\"height\":1181,\"caption\":\"Indubombas\"},\"image\":{\"@id\":\"https:\/\/www.indubombas.es\/#\/schema\/logo\/image\/\"}}]}<\/script>\n<!-- \/ Yoast SEO plugin. -->","yoast_head_json":{"title":"V Series \u2013 Los multitalentos","robots":{"index":"index","follow":"follow","max-snippet":"max-snippet:-1","max-image-preview":"max-image-preview:large","max-video-preview":"max-video-preview:-1"},"canonical":"https:\/\/www.indubombas.es\/index.php\/productos\/speck\/bombas-de-vacio-de-anillo-liquido\/v-series-los-multitalentos\/","og_locale":"es_ES","og_type":"article","og_title":"V Series \u2013 Los multitalentos","og_description":"&nbsp; Bombas monoetapa con v\u00e1lvulas de mariposa. En formato monoblock, motores normalizados B35 excepto eje Ejecuci\u00f3n interna con motores normalizados B5 Nivel de presi\u00f3n ac\u00fastica 65 \u2013 72 db(A) Fluidos Gases secos o h\u00famedos Medio de servicio 80 \u00b0C max. Gas entrante (seco) 200 \u00b0C max. Gas entrante (saturado) 100 \u00b0C max. Motor 0,4 \u2013 [&hellip;]","og_url":"https:\/\/www.indubombas.es\/index.php\/productos\/speck\/bombas-de-vacio-de-anillo-liquido\/v-series-los-multitalentos\/","og_site_name":"InduBombas","article_modified_time":"2017-04-11T16:07:48+00:00","og_image":[{"url":"http:\/\/www.indubombas.es\/wp-content\/uploads\/2017\/04\/V-55-e1491290940462.png","type":"","width":"","height":""}],"twitter_card":"summary_large_image","twitter_misc":{"Tiempo de lectura":"1 minuto"},"schema":{"@context":"https:\/\/schema.org","@graph":[{"@type":"WebPage","@id":"https:\/\/www.indubombas.es\/index.php\/productos\/speck\/bombas-de-vacio-de-anillo-liquido\/v-series-los-multitalentos\/","url":"https:\/\/www.indubombas.es\/index.php\/productos\/speck\/bombas-de-vacio-de-anillo-liquido\/v-series-los-multitalentos\/","name":"V Series \u2013 Los multitalentos","isPartOf":{"@id":"https:\/\/www.indubombas.es\/#website"},"primaryImageOfPage":{"@id":"https:\/\/www.indubombas.es\/index.php\/productos\/speck\/bombas-de-vacio-de-anillo-liquido\/v-series-los-multitalentos\/#primaryimage"},"image":{"@id":"https:\/\/www.indubombas.es\/index.php\/productos\/speck\/bombas-de-vacio-de-anillo-liquido\/v-series-los-multitalentos\/#primaryimage"},"thumbnailUrl":"http:\/\/www.indubombas.es\/wp-content\/uploads\/2017\/04\/V-55-e1491290940462.png","datePublished":"2017-04-11T07:12:32+00:00","dateModified":"2017-04-11T16:07:48+00:00","breadcrumb":{"@id":"https:\/\/www.indubombas.es\/index.php\/productos\/speck\/bombas-de-vacio-de-anillo-liquido\/v-series-los-multitalentos\/#breadcrumb"},"inLanguage":"es","potentialAction":[{"@type":"ReadAction","target":["https:\/\/www.indubombas.es\/index.php\/productos\/speck\/bombas-de-vacio-de-anillo-liquido\/v-series-los-multitalentos\/"]}]},{"@type":"ImageObject","inLanguage":"es","@id":"https:\/\/www.indubombas.es\/index.php\/productos\/speck\/bombas-de-vacio-de-anillo-liquido\/v-series-los-multitalentos\/#primaryimage","url":"http:\/\/www.indubombas.es\/wp-content\/uploads\/2017\/04\/V-55-e1491290940462.png","contentUrl":"http:\/\/www.indubombas.es\/wp-content\/uploads\/2017\/04\/V-55-e1491290940462.png"},{"@type":"BreadcrumbList","@id":"https:\/\/www.indubombas.es\/index.php\/productos\/speck\/bombas-de-vacio-de-anillo-liquido\/v-series-los-multitalentos\/#breadcrumb","itemListElement":[{"@type":"ListItem","position":1,"name":"Portada","item":"https:\/\/www.indubombas.es\/"},{"@type":"ListItem","position":2,"name":"Productos","item":"https:\/\/www.indubombas.es\/index.php\/productos\/"},{"@type":"ListItem","position":3,"name":"SPECK","item":"https:\/\/www.indubombas.es\/index.php\/productos\/speck\/"},{"@type":"ListItem","position":4,"name":"Bombas de vac\u00edo de anillo l\u00edquido","item":"https:\/\/www.indubombas.es\/index.php\/productos\/speck\/bombas-de-vacio-de-anillo-liquido\/"},{"@type":"ListItem","position":5,"name":"V Series \u2013 Los multitalentos"}]},{"@type":"WebSite","@id":"https:\/\/www.indubombas.es\/#website","url":"https:\/\/www.indubombas.es\/","name":"InduBombas","description":"","publisher":{"@id":"https:\/\/www.indubombas.es\/#organization"},"potentialAction":[{"@type":"SearchAction","target":{"@type":"EntryPoint","urlTemplate":"https:\/\/www.indubombas.es\/?s={search_term_string}"},"query-input":{"@type":"PropertyValueSpecification","valueRequired":true,"valueName":"search_term_string"}}],"inLanguage":"es"},{"@type":"Organization","@id":"https:\/\/www.indubombas.es\/#organization","name":"Indubombas","url":"https:\/\/www.indubombas.es\/","logo":{"@type":"ImageObject","inLanguage":"es","@id":"https:\/\/www.indubombas.es\/#\/schema\/logo\/image\/","url":"http:\/\/www.indubombas.es\/wp-content\/uploads\/2017\/03\/cropped-Logo-INDUBOMBAS-1.jpg","contentUrl":"http:\/\/www.indubombas.es\/wp-content\/uploads\/2017\/03\/cropped-Logo-INDUBOMBAS-1.jpg","width":2667,"height":1181,"caption":"Indubombas"},"image":{"@id":"https:\/\/www.indubombas.es\/#\/schema\/logo\/image\/"}}]}},"_links":{"self":[{"href":"https:\/\/www.indubombas.es\/index.php\/wp-json\/wp\/v2\/pages\/584","targetHints":{"allow":["GET"]}}],"collection":[{"href":"https:\/\/www.indubombas.es\/index.php\/wp-json\/wp\/v2\/pages"}],"about":[{"href":"https:\/\/www.indubombas.es\/index.php\/wp-json\/wp\/v2\/types\/page"}],"author":[{"embeddable":true,"href":"https:\/\/www.indubombas.es\/index.php\/wp-json\/wp\/v2\/users\/1"}],"replies":[{"embeddable":true,"href":"https:\/\/www.indubombas.es\/index.php\/wp-json\/wp\/v2\/comments?post=584"}],"version-history":[{"count":9,"href":"https:\/\/www.indubombas.es\/index.php\/wp-json\/wp\/v2\/pages\/584\/revisions"}],"predecessor-version":[{"id":787,"href":"https:\/\/www.indubombas.es\/index.php\/wp-json\/wp\/v2\/pages\/584\/revisions\/787"}],"up":[{"embeddable":true,"href":"https:\/\/www.indubombas.es\/index.php\/wp-json\/wp\/v2\/pages\/171"}],"wp:attachment":[{"href":"https:\/\/www.indubombas.es\/index.php\/wp-json\/wp\/v2\/media?parent=584"}],"curies":[{"name":"wp","href":"https:\/\/api.w.org\/{rel}","templated":true}]}}