{"id":588,"date":"2017-04-11T07:16:53","date_gmt":"2017-04-11T07:16:53","guid":{"rendered":"http:\/\/www.indubombas.es\/?page_id=588"},"modified":"2017-04-11T16:02:20","modified_gmt":"2017-04-11T16:02:20","slug":"modelo-vh","status":"publish","type":"page","link":"https:\/\/www.indubombas.es\/index.php\/productos\/speck\/bombas-de-vacio-de-anillo-liquido\/modelo-vh\/","title":{"rendered":"Modelo VH"},"content":{"rendered":"<table class=\" aligncenter\" style=\"width: 805.53px; height: 1023px;\">\n<tbody>\n<tr style=\"height: 281px;\">\n<td style=\"width: 363px; height: 281px;\"><span style=\"font-family: arial, helvetica, sans-serif;\"><img loading=\"lazy\" decoding=\"async\" class=\"alignnone wp-image-211\" src=\"https:\/\/www.indubombas.es\/wp-content\/uploads\/2017\/04\/VH-500_01.png\" alt=\"\" width=\"420\" height=\"315\" srcset=\"https:\/\/www.indubombas.es\/wp-content\/uploads\/2017\/04\/VH-500_01.png 800w, https:\/\/www.indubombas.es\/wp-content\/uploads\/2017\/04\/VH-500_01-300x225.png 300w, https:\/\/www.indubombas.es\/wp-content\/uploads\/2017\/04\/VH-500_01-768x576.png 768w\" sizes=\"auto, (max-width: 420px) 100vw, 420px\" \/><\/span><\/td>\n<td style=\"width: 433.53px; height: 281px;\"><span style=\"font-family: arial, helvetica, sans-serif; font-size: 16px;\"><strong>Serie VH \u2013 Tecnolog\u00eda robusta y comprobada para vac\u00edo poco profundo<\/strong><\/span><\/p>\n<ul>\n<li><span style=\"font-family: arial, helvetica, sans-serif; font-size: 16px;\">Bombas de dos etapas con placa base y motores normalizados B3<\/span><\/li>\n<li><span style=\"font-family: arial, helvetica, sans-serif; font-size: 16px;\">Nivel de presi\u00f3n ac\u00fastica 66 &#8211; 79 db(A)<\/span><\/li>\n<\/ul>\n<\/td>\n<\/tr>\n<tr style=\"height: 448px;\">\n<td style=\"width: 363px; height: 448px;\"><span style=\"font-family: arial, helvetica, sans-serif; font-size: 20px;\"><strong>Fluidos<\/strong><\/span><\/p>\n<ul>\n<li><span style=\"font-family: arial, helvetica, sans-serif; font-size: 16px;\">Gases secos o h\u00famedos<\/span><\/li>\n<li><span style=\"font-family: arial, helvetica, sans-serif; font-size: 16px;\">Medio de servicio 100 \u00b0C max.<\/span><\/li>\n<li><span style=\"font-family: arial, helvetica, sans-serif; font-size: 16px;\">Gas entrante (seco) 200 \u00b0C max.<\/span><\/li>\n<li><span style=\"font-family: arial, helvetica, sans-serif; font-size: 16px;\">Gas entrante (saturado) 100 \u00b0C max.<\/span><\/li>\n<\/ul>\n<p><span style=\"font-family: arial, helvetica, sans-serif; font-size: 20px;\"><strong>Motor<\/strong><\/span><\/p>\n<ul>\n<li><span style=\"font-family: arial, helvetica, sans-serif; font-size: 16px;\">1,1 \u2013 75,0 kW,1~Mot\/ 3~Mot<\/span><\/li>\n<\/ul>\n<p><span style=\"font-family: arial, helvetica, sans-serif; font-size: 20px;\"><strong>Materiales<\/strong><\/span><\/p>\n<ul>\n<li><span style=\"font-family: arial, helvetica, sans-serif; font-size: 16px;\">Acero inoxidable<\/span><\/li>\n<li><span style=\"font-family: arial, helvetica, sans-serif; font-size: 16px;\">Fundici\u00f3n gris<\/span><\/li>\n<li><span style=\"font-family: arial, helvetica, sans-serif; font-size: 16px;\">Metal no ferroso<\/span><\/li>\n<\/ul>\n<p><span style=\"font-family: arial, helvetica, sans-serif;\">\u00a0<\/span><\/td>\n<td style=\"width: 433.53px; height: 448px;\"><span style=\"font-family: arial, helvetica, sans-serif; font-size: 20px;\"><strong>Conexi\u00f3n aspiraci\u00f3n<\/strong><\/span><\/p>\n<ul>\n<li><span style=\"font-family: arial, helvetica, sans-serif; font-size: 16px;\">G 1\u00a0 1\/4 \u2013 DN 100<\/span><\/li>\n<\/ul>\n<p><span style=\"font-family: arial, helvetica, sans-serif; font-size: 20px;\"><strong>Conexi\u00f3n impulsi\u00f3n<\/strong><\/span><\/p>\n<ul>\n<li><span style=\"font-family: arial, helvetica, sans-serif; font-size: 16px;\">G 1 1\/4 \u2013 DN 100<\/span><\/li>\n<\/ul>\n<p><span style=\"font-family: arial, helvetica, sans-serif; font-size: 20px;\"><strong>Junta<\/strong><\/span><\/p>\n<ul>\n<li><span style=\"font-family: arial, helvetica, sans-serif; font-size: 16px;\">Cierre mec\u00e1nico<\/span><\/li>\n<\/ul>\n<p><span style=\"font-family: arial, helvetica, sans-serif; font-size: 20px;\"><strong>Dimensiones (A\/Alt\/P)<\/strong><\/span><\/p>\n<p><span style=\"font-family: arial, helvetica, sans-serif;\">.<\/span><\/td>\n<\/tr>\n<tr style=\"height: 182px;\">\n<td style=\"width: 796.53px; height: 182px;\" colspan=\"2\"><span style=\"font-family: arial, helvetica, sans-serif;\">\u00a0\u00a0<span style=\"font-size: 20px;\"><strong>Ventajas<\/strong><\/span><\/span><\/p>\n<ul>\n<li><span style=\"font-family: arial, helvetica, sans-serif; font-size: 16px;\">Dise\u00f1o constructivo robusto y comprobado<\/span><\/li>\n<li><span style=\"font-family: arial, helvetica, sans-serif; font-size: 16px;\">Desarrollado para el funcionamiento continuo<\/span><\/li>\n<li><span style=\"font-family: arial, helvetica, sans-serif; font-size: 16px;\">Ejecuciones espec\u00edficas, libre configuraci\u00f3n de motor, acoplamiento, placa base, etc.<\/span><\/li>\n<li><span style=\"font-family: arial, helvetica, sans-serif; font-size: 16px;\">Ejecuciones espec\u00edficas, distintos materiales.<\/span><\/li>\n<\/ul>\n<\/td>\n<\/tr>\n<\/tbody>\n<\/table>\n","protected":false},"excerpt":{"rendered":"<p>Serie VH \u2013 Tecnolog\u00eda robusta y comprobada para vac\u00edo poco profundo Bombas de dos etapas con placa base y motores normalizados B3 Nivel de presi\u00f3n ac\u00fastica 66 &#8211; 79 db(A) Fluidos Gases secos o h\u00famedos Medio de servicio 100 \u00b0C max. Gas entrante (seco) 200 \u00b0C max. Gas entrante (saturado) 100 \u00b0C max. Motor 1,1 [&hellip;]<\/p>\n","protected":false},"author":1,"featured_media":0,"parent":171,"menu_order":0,"comment_status":"closed","ping_status":"closed","template":"","meta":{"_acf_changed":false,"footnotes":""},"class_list":["post-588","page","type-page","status-publish","czr-hentry"],"acf":[],"yoast_head":"<!-- This site is optimized with the Yoast SEO plugin v27.0 - https:\/\/yoast.com\/product\/yoast-seo-wordpress\/ -->\n<title>Modelo VH<\/title>\n<meta name=\"robots\" content=\"index, follow, max-snippet:-1, max-image-preview:large, max-video-preview:-1\" \/>\n<link rel=\"canonical\" href=\"https:\/\/www.indubombas.es\/index.php\/productos\/speck\/bombas-de-vacio-de-anillo-liquido\/modelo-vh\/\" \/>\n<meta property=\"og:locale\" content=\"es_ES\" \/>\n<meta property=\"og:type\" content=\"article\" \/>\n<meta property=\"og:title\" content=\"Modelo VH\" \/>\n<meta property=\"og:description\" content=\"Serie VH \u2013 Tecnolog\u00eda robusta y comprobada para vac\u00edo poco profundo Bombas de dos etapas con placa base y motores normalizados B3 Nivel de presi\u00f3n ac\u00fastica 66 &#8211; 79 db(A) Fluidos Gases secos o h\u00famedos Medio de servicio 100 \u00b0C max. Gas entrante (seco) 200 \u00b0C max. Gas entrante (saturado) 100 \u00b0C max. Motor 1,1 [&hellip;]\" \/>\n<meta property=\"og:url\" content=\"https:\/\/www.indubombas.es\/index.php\/productos\/speck\/bombas-de-vacio-de-anillo-liquido\/modelo-vh\/\" \/>\n<meta property=\"og:site_name\" content=\"InduBombas\" \/>\n<meta property=\"article:modified_time\" content=\"2017-04-11T16:02:20+00:00\" \/>\n<meta property=\"og:image\" content=\"http:\/\/www.indubombas.es\/wp-content\/uploads\/2017\/04\/VH-500_01.png\" \/>\n<meta name=\"twitter:card\" content=\"summary_large_image\" \/>\n<meta name=\"twitter:label1\" content=\"Tiempo de lectura\" \/>\n\t<meta name=\"twitter:data1\" content=\"1 minuto\" \/>\n<script type=\"application\/ld+json\" class=\"yoast-schema-graph\">{\"@context\":\"https:\/\/schema.org\",\"@graph\":[{\"@type\":\"WebPage\",\"@id\":\"https:\/\/www.indubombas.es\/index.php\/productos\/speck\/bombas-de-vacio-de-anillo-liquido\/modelo-vh\/\",\"url\":\"https:\/\/www.indubombas.es\/index.php\/productos\/speck\/bombas-de-vacio-de-anillo-liquido\/modelo-vh\/\",\"name\":\"Modelo VH\",\"isPartOf\":{\"@id\":\"https:\/\/www.indubombas.es\/#website\"},\"primaryImageOfPage\":{\"@id\":\"https:\/\/www.indubombas.es\/index.php\/productos\/speck\/bombas-de-vacio-de-anillo-liquido\/modelo-vh\/#primaryimage\"},\"image\":{\"@id\":\"https:\/\/www.indubombas.es\/index.php\/productos\/speck\/bombas-de-vacio-de-anillo-liquido\/modelo-vh\/#primaryimage\"},\"thumbnailUrl\":\"http:\/\/www.indubombas.es\/wp-content\/uploads\/2017\/04\/VH-500_01.png\",\"datePublished\":\"2017-04-11T07:16:53+00:00\",\"dateModified\":\"2017-04-11T16:02:20+00:00\",\"breadcrumb\":{\"@id\":\"https:\/\/www.indubombas.es\/index.php\/productos\/speck\/bombas-de-vacio-de-anillo-liquido\/modelo-vh\/#breadcrumb\"},\"inLanguage\":\"es\",\"potentialAction\":[{\"@type\":\"ReadAction\",\"target\":[\"https:\/\/www.indubombas.es\/index.php\/productos\/speck\/bombas-de-vacio-de-anillo-liquido\/modelo-vh\/\"]}]},{\"@type\":\"ImageObject\",\"inLanguage\":\"es\",\"@id\":\"https:\/\/www.indubombas.es\/index.php\/productos\/speck\/bombas-de-vacio-de-anillo-liquido\/modelo-vh\/#primaryimage\",\"url\":\"http:\/\/www.indubombas.es\/wp-content\/uploads\/2017\/04\/VH-500_01.png\",\"contentUrl\":\"http:\/\/www.indubombas.es\/wp-content\/uploads\/2017\/04\/VH-500_01.png\"},{\"@type\":\"BreadcrumbList\",\"@id\":\"https:\/\/www.indubombas.es\/index.php\/productos\/speck\/bombas-de-vacio-de-anillo-liquido\/modelo-vh\/#breadcrumb\",\"itemListElement\":[{\"@type\":\"ListItem\",\"position\":1,\"name\":\"Portada\",\"item\":\"https:\/\/www.indubombas.es\/\"},{\"@type\":\"ListItem\",\"position\":2,\"name\":\"Productos\",\"item\":\"https:\/\/www.indubombas.es\/index.php\/productos\/\"},{\"@type\":\"ListItem\",\"position\":3,\"name\":\"SPECK\",\"item\":\"https:\/\/www.indubombas.es\/index.php\/productos\/speck\/\"},{\"@type\":\"ListItem\",\"position\":4,\"name\":\"Bombas de vac\u00edo de anillo l\u00edquido\",\"item\":\"https:\/\/www.indubombas.es\/index.php\/productos\/speck\/bombas-de-vacio-de-anillo-liquido\/\"},{\"@type\":\"ListItem\",\"position\":5,\"name\":\"Modelo VH\"}]},{\"@type\":\"WebSite\",\"@id\":\"https:\/\/www.indubombas.es\/#website\",\"url\":\"https:\/\/www.indubombas.es\/\",\"name\":\"InduBombas\",\"description\":\"\",\"publisher\":{\"@id\":\"https:\/\/www.indubombas.es\/#organization\"},\"potentialAction\":[{\"@type\":\"SearchAction\",\"target\":{\"@type\":\"EntryPoint\",\"urlTemplate\":\"https:\/\/www.indubombas.es\/?s={search_term_string}\"},\"query-input\":{\"@type\":\"PropertyValueSpecification\",\"valueRequired\":true,\"valueName\":\"search_term_string\"}}],\"inLanguage\":\"es\"},{\"@type\":\"Organization\",\"@id\":\"https:\/\/www.indubombas.es\/#organization\",\"name\":\"Indubombas\",\"url\":\"https:\/\/www.indubombas.es\/\",\"logo\":{\"@type\":\"ImageObject\",\"inLanguage\":\"es\",\"@id\":\"https:\/\/www.indubombas.es\/#\/schema\/logo\/image\/\",\"url\":\"http:\/\/www.indubombas.es\/wp-content\/uploads\/2017\/03\/cropped-Logo-INDUBOMBAS-1.jpg\",\"contentUrl\":\"http:\/\/www.indubombas.es\/wp-content\/uploads\/2017\/03\/cropped-Logo-INDUBOMBAS-1.jpg\",\"width\":2667,\"height\":1181,\"caption\":\"Indubombas\"},\"image\":{\"@id\":\"https:\/\/www.indubombas.es\/#\/schema\/logo\/image\/\"}}]}<\/script>\n<!-- \/ Yoast SEO plugin. -->","yoast_head_json":{"title":"Modelo VH","robots":{"index":"index","follow":"follow","max-snippet":"max-snippet:-1","max-image-preview":"max-image-preview:large","max-video-preview":"max-video-preview:-1"},"canonical":"https:\/\/www.indubombas.es\/index.php\/productos\/speck\/bombas-de-vacio-de-anillo-liquido\/modelo-vh\/","og_locale":"es_ES","og_type":"article","og_title":"Modelo VH","og_description":"Serie VH \u2013 Tecnolog\u00eda robusta y comprobada para vac\u00edo poco profundo Bombas de dos etapas con placa base y motores normalizados B3 Nivel de presi\u00f3n ac\u00fastica 66 &#8211; 79 db(A) Fluidos Gases secos o h\u00famedos Medio de servicio 100 \u00b0C max. Gas entrante (seco) 200 \u00b0C max. Gas entrante (saturado) 100 \u00b0C max. Motor 1,1 [&hellip;]","og_url":"https:\/\/www.indubombas.es\/index.php\/productos\/speck\/bombas-de-vacio-de-anillo-liquido\/modelo-vh\/","og_site_name":"InduBombas","article_modified_time":"2017-04-11T16:02:20+00:00","og_image":[{"url":"http:\/\/www.indubombas.es\/wp-content\/uploads\/2017\/04\/VH-500_01.png","type":"","width":"","height":""}],"twitter_card":"summary_large_image","twitter_misc":{"Tiempo de lectura":"1 minuto"},"schema":{"@context":"https:\/\/schema.org","@graph":[{"@type":"WebPage","@id":"https:\/\/www.indubombas.es\/index.php\/productos\/speck\/bombas-de-vacio-de-anillo-liquido\/modelo-vh\/","url":"https:\/\/www.indubombas.es\/index.php\/productos\/speck\/bombas-de-vacio-de-anillo-liquido\/modelo-vh\/","name":"Modelo VH","isPartOf":{"@id":"https:\/\/www.indubombas.es\/#website"},"primaryImageOfPage":{"@id":"https:\/\/www.indubombas.es\/index.php\/productos\/speck\/bombas-de-vacio-de-anillo-liquido\/modelo-vh\/#primaryimage"},"image":{"@id":"https:\/\/www.indubombas.es\/index.php\/productos\/speck\/bombas-de-vacio-de-anillo-liquido\/modelo-vh\/#primaryimage"},"thumbnailUrl":"http:\/\/www.indubombas.es\/wp-content\/uploads\/2017\/04\/VH-500_01.png","datePublished":"2017-04-11T07:16:53+00:00","dateModified":"2017-04-11T16:02:20+00:00","breadcrumb":{"@id":"https:\/\/www.indubombas.es\/index.php\/productos\/speck\/bombas-de-vacio-de-anillo-liquido\/modelo-vh\/#breadcrumb"},"inLanguage":"es","potentialAction":[{"@type":"ReadAction","target":["https:\/\/www.indubombas.es\/index.php\/productos\/speck\/bombas-de-vacio-de-anillo-liquido\/modelo-vh\/"]}]},{"@type":"ImageObject","inLanguage":"es","@id":"https:\/\/www.indubombas.es\/index.php\/productos\/speck\/bombas-de-vacio-de-anillo-liquido\/modelo-vh\/#primaryimage","url":"http:\/\/www.indubombas.es\/wp-content\/uploads\/2017\/04\/VH-500_01.png","contentUrl":"http:\/\/www.indubombas.es\/wp-content\/uploads\/2017\/04\/VH-500_01.png"},{"@type":"BreadcrumbList","@id":"https:\/\/www.indubombas.es\/index.php\/productos\/speck\/bombas-de-vacio-de-anillo-liquido\/modelo-vh\/#breadcrumb","itemListElement":[{"@type":"ListItem","position":1,"name":"Portada","item":"https:\/\/www.indubombas.es\/"},{"@type":"ListItem","position":2,"name":"Productos","item":"https:\/\/www.indubombas.es\/index.php\/productos\/"},{"@type":"ListItem","position":3,"name":"SPECK","item":"https:\/\/www.indubombas.es\/index.php\/productos\/speck\/"},{"@type":"ListItem","position":4,"name":"Bombas de vac\u00edo de anillo l\u00edquido","item":"https:\/\/www.indubombas.es\/index.php\/productos\/speck\/bombas-de-vacio-de-anillo-liquido\/"},{"@type":"ListItem","position":5,"name":"Modelo VH"}]},{"@type":"WebSite","@id":"https:\/\/www.indubombas.es\/#website","url":"https:\/\/www.indubombas.es\/","name":"InduBombas","description":"","publisher":{"@id":"https:\/\/www.indubombas.es\/#organization"},"potentialAction":[{"@type":"SearchAction","target":{"@type":"EntryPoint","urlTemplate":"https:\/\/www.indubombas.es\/?s={search_term_string}"},"query-input":{"@type":"PropertyValueSpecification","valueRequired":true,"valueName":"search_term_string"}}],"inLanguage":"es"},{"@type":"Organization","@id":"https:\/\/www.indubombas.es\/#organization","name":"Indubombas","url":"https:\/\/www.indubombas.es\/","logo":{"@type":"ImageObject","inLanguage":"es","@id":"https:\/\/www.indubombas.es\/#\/schema\/logo\/image\/","url":"http:\/\/www.indubombas.es\/wp-content\/uploads\/2017\/03\/cropped-Logo-INDUBOMBAS-1.jpg","contentUrl":"http:\/\/www.indubombas.es\/wp-content\/uploads\/2017\/03\/cropped-Logo-INDUBOMBAS-1.jpg","width":2667,"height":1181,"caption":"Indubombas"},"image":{"@id":"https:\/\/www.indubombas.es\/#\/schema\/logo\/image\/"}}]}},"_links":{"self":[{"href":"https:\/\/www.indubombas.es\/index.php\/wp-json\/wp\/v2\/pages\/588","targetHints":{"allow":["GET"]}}],"collection":[{"href":"https:\/\/www.indubombas.es\/index.php\/wp-json\/wp\/v2\/pages"}],"about":[{"href":"https:\/\/www.indubombas.es\/index.php\/wp-json\/wp\/v2\/types\/page"}],"author":[{"embeddable":true,"href":"https:\/\/www.indubombas.es\/index.php\/wp-json\/wp\/v2\/users\/1"}],"replies":[{"embeddable":true,"href":"https:\/\/www.indubombas.es\/index.php\/wp-json\/wp\/v2\/comments?post=588"}],"version-history":[{"count":4,"href":"https:\/\/www.indubombas.es\/index.php\/wp-json\/wp\/v2\/pages\/588\/revisions"}],"predecessor-version":[{"id":784,"href":"https:\/\/www.indubombas.es\/index.php\/wp-json\/wp\/v2\/pages\/588\/revisions\/784"}],"up":[{"embeddable":true,"href":"https:\/\/www.indubombas.es\/index.php\/wp-json\/wp\/v2\/pages\/171"}],"wp:attachment":[{"href":"https:\/\/www.indubombas.es\/index.php\/wp-json\/wp\/v2\/media?parent=588"}],"curies":[{"name":"wp","href":"https:\/\/api.w.org\/{rel}","templated":true}]}}