{"id":602,"date":"2017-04-11T07:32:02","date_gmt":"2017-04-11T07:32:02","guid":{"rendered":"http:\/\/www.indubombas.es\/?page_id=602"},"modified":"2017-04-11T07:46:18","modified_gmt":"2017-04-11T07:46:18","slug":"modelo-askg","status":"publish","type":"page","link":"https:\/\/www.indubombas.es\/index.php\/productos\/speck\/bombas-canal-lateral\/modelo-askg\/","title":{"rendered":"Modelo ASKG"},"content":{"rendered":"<table class=\" aligncenter\" style=\"width: 892.93px;\">\n<tbody>\n<tr>\n<td style=\"width: 434px;\"><span style=\"font-size: 20px;\">\u00a0<img loading=\"lazy\" decoding=\"async\" class=\"alignnone wp-image-234\" src=\"https:\/\/www.indubombas.es\/wp-content\/uploads\/2017\/04\/ASKG.png\" alt=\"\" width=\"420\" height=\"304\" srcset=\"https:\/\/www.indubombas.es\/wp-content\/uploads\/2017\/04\/ASKG.png 618w, https:\/\/www.indubombas.es\/wp-content\/uploads\/2017\/04\/ASKG-300x217.png 300w\" sizes=\"auto, (max-width: 420px) 100vw, 420px\" \/><\/span><\/td>\n<td style=\"width: 449.93px;\">\n<h3><span style=\"font-size: 20px;\"><strong>Side channel pumps with NPSH suction stage<\/strong><\/span><\/h3>\n<ul>\n<li><span style=\"font-size: 16px;\">With mechanical seal or magnetic coupling<\/span><\/li>\n<li><span style=\"font-size: 16px;\">Multi-stage<\/span><\/li>\n<li><span style=\"font-size: 16px;\">Self-priming<\/span><\/li>\n<li><span style=\"font-size: 16px;\">Suitable for the delivery of gas shares<\/span><\/li>\n<li><span style=\"font-size: 16px;\">Nominal pressure PN 40<\/span><\/li>\n<\/ul>\n<\/td>\n<\/tr>\n<tr>\n<td style=\"width: 434px;\"><span style=\"font-size: 20px;\"><strong>Fluidos<\/strong><\/span><\/p>\n<ul>\n<li><span style=\"font-size: 16px;\">Agua 120 \u00b0C max.<\/span><\/li>\n<li><span style=\"font-size: 16px;\">Aceite: -100 \u2013 350 \u00b0C<\/span><\/li>\n<\/ul>\n<p><span style=\"font-size: 20px;\"><strong>Motor<\/strong><\/span><\/p>\n<ul>\n<li><span style=\"font-size: 16px;\">0,37 \u2013 55,0 kW, 3~Mot<\/span><\/li>\n<\/ul>\n<p><span style=\"font-size: 20px;\"><strong>Materiales<\/strong><\/span><\/p>\n<ul>\n<li><span style=\"font-size: 16px;\">Acero inoxidable<\/span><\/li>\n<li><span style=\"font-size: 16px;\">Bronce<\/span><\/li>\n<li><span style=\"font-size: 16px;\">Fundici\u00f3n esferoidal<\/span><\/li>\n<\/ul>\n<\/td>\n<td style=\"width: 449.93px;\"><span style=\"font-size: 20px;\"><strong>Conexi\u00f3n aspiraci\u00f3n<\/strong><\/span><\/p>\n<ul>\n<li><span style=\"font-size: 16px;\">DN 40 \u2013 DN 100<\/span><\/li>\n<\/ul>\n<p><span style=\"font-size: 20px;\"><strong>Conexi\u00f3n impuls\u00ed\u00f3n<\/strong><\/span><\/p>\n<ul>\n<li><span style=\"font-size: 16px;\">DN 20 \u2013 DN 65<\/span><\/li>\n<\/ul>\n<p><span style=\"font-size: 20px;\"><strong>Junta<\/strong><\/span><\/p>\n<ul>\n<li><span style=\"font-size: 16px;\">Separador \/ Accionamiento magn\u00e9tico<\/span><br \/>\n<span style=\"font-size: 16px;\"> Cierre mec\u00e1nico<\/span><\/li>\n<\/ul>\n<p><span style=\"color: #ffffff; font-size: 20px;\">.<\/span><\/td>\n<\/tr>\n<tr>\n<td style=\"width: 883.93px;\" colspan=\"2\"><span style=\"font-size: 20px;\"><strong><u>Ventajas<\/u><\/strong><\/span><\/p>\n<ul>\n<li><span style=\"font-size: 16px;\">Dise\u00f1o robusto<\/span><\/li>\n<li><span style=\"font-size: 16px;\">Larga duraci\u00f3n y reducido gasto de mantenimiento<\/span><\/li>\n<li><span style=\"font-size: 16px;\">Alta fiabilidad operacional<\/span><\/li>\n<li><span style=\"font-size: 16px;\">Ideal para el uso en condiciones adversas, aplicaciones industriales<\/span><\/li>\n<li><span style=\"font-size: 16px;\">Gracias al acoplamiento magn\u00e9tico, no se producen derrames ni requieren alg\u00fan tipo de mantenimiento<\/span><\/li>\n<li><span style=\"font-size: 16px;\">Bomba combinada para l\u00edquidos, ideal para el uso en condiciones adversas lado aspiraci\u00f3n<\/span><\/li>\n<li><span style=\"font-size: 16px;\">Altura lado entrada tambi\u00e9n inferior a 0,5 m<\/span><\/li>\n<li><span style=\"font-size: 16px;\">Transporte de l\u00edquidos cerca del punto de embullici\u00f3n<\/span><\/li>\n<li><span style=\"font-size: 16px;\">Buen comportamiento NPSH<\/span><\/li>\n<li><span style=\"font-size: 16px;\">Reducida carga din\u00e1mica (n = 1450 1\/min)<\/span><\/li>\n<\/ul>\n<\/td>\n<\/tr>\n<\/tbody>\n<\/table>\n","protected":false},"excerpt":{"rendered":"<p>\u00a0 Side channel pumps with NPSH suction stage With mechanical seal or magnetic coupling Multi-stage Self-priming Suitable for the delivery of gas shares Nominal pressure PN 40 Fluidos Agua 120 \u00b0C max. Aceite: -100 \u2013 350 \u00b0C Motor 0,37 \u2013 55,0 kW, 3~Mot Materiales Acero inoxidable Bronce Fundici\u00f3n esferoidal Conexi\u00f3n aspiraci\u00f3n DN 40 \u2013 DN [&hellip;]<\/p>\n","protected":false},"author":1,"featured_media":0,"parent":221,"menu_order":0,"comment_status":"closed","ping_status":"closed","template":"","meta":{"_acf_changed":false,"footnotes":""},"class_list":["post-602","page","type-page","status-publish","czr-hentry"],"acf":[],"yoast_head":"<!-- This site is optimized with the Yoast SEO plugin v27.0 - https:\/\/yoast.com\/product\/yoast-seo-wordpress\/ -->\n<title>Modelo ASKG<\/title>\n<meta name=\"robots\" content=\"index, follow, max-snippet:-1, max-image-preview:large, max-video-preview:-1\" \/>\n<link rel=\"canonical\" href=\"https:\/\/www.indubombas.es\/index.php\/productos\/speck\/bombas-canal-lateral\/modelo-askg\/\" \/>\n<meta property=\"og:locale\" content=\"es_ES\" \/>\n<meta property=\"og:type\" content=\"article\" \/>\n<meta property=\"og:title\" content=\"Modelo ASKG\" \/>\n<meta property=\"og:description\" content=\"\u00a0 Side channel pumps with NPSH suction stage With mechanical seal or magnetic coupling Multi-stage Self-priming Suitable for the delivery of gas shares Nominal pressure PN 40 Fluidos Agua 120 \u00b0C max. Aceite: -100 \u2013 350 \u00b0C Motor 0,37 \u2013 55,0 kW, 3~Mot Materiales Acero inoxidable Bronce Fundici\u00f3n esferoidal Conexi\u00f3n aspiraci\u00f3n DN 40 \u2013 DN [&hellip;]\" \/>\n<meta property=\"og:url\" content=\"https:\/\/www.indubombas.es\/index.php\/productos\/speck\/bombas-canal-lateral\/modelo-askg\/\" \/>\n<meta property=\"og:site_name\" content=\"InduBombas\" \/>\n<meta property=\"article:modified_time\" content=\"2017-04-11T07:46:18+00:00\" \/>\n<meta property=\"og:image\" content=\"http:\/\/www.indubombas.es\/wp-content\/uploads\/2017\/04\/ASKG.png\" \/>\n<meta name=\"twitter:card\" content=\"summary_large_image\" \/>\n<meta name=\"twitter:label1\" content=\"Tiempo de lectura\" \/>\n\t<meta name=\"twitter:data1\" content=\"1 minuto\" \/>\n<script type=\"application\/ld+json\" class=\"yoast-schema-graph\">{\"@context\":\"https:\/\/schema.org\",\"@graph\":[{\"@type\":\"WebPage\",\"@id\":\"https:\/\/www.indubombas.es\/index.php\/productos\/speck\/bombas-canal-lateral\/modelo-askg\/\",\"url\":\"https:\/\/www.indubombas.es\/index.php\/productos\/speck\/bombas-canal-lateral\/modelo-askg\/\",\"name\":\"Modelo ASKG\",\"isPartOf\":{\"@id\":\"https:\/\/www.indubombas.es\/#website\"},\"primaryImageOfPage\":{\"@id\":\"https:\/\/www.indubombas.es\/index.php\/productos\/speck\/bombas-canal-lateral\/modelo-askg\/#primaryimage\"},\"image\":{\"@id\":\"https:\/\/www.indubombas.es\/index.php\/productos\/speck\/bombas-canal-lateral\/modelo-askg\/#primaryimage\"},\"thumbnailUrl\":\"http:\/\/www.indubombas.es\/wp-content\/uploads\/2017\/04\/ASKG.png\",\"datePublished\":\"2017-04-11T07:32:02+00:00\",\"dateModified\":\"2017-04-11T07:46:18+00:00\",\"breadcrumb\":{\"@id\":\"https:\/\/www.indubombas.es\/index.php\/productos\/speck\/bombas-canal-lateral\/modelo-askg\/#breadcrumb\"},\"inLanguage\":\"es\",\"potentialAction\":[{\"@type\":\"ReadAction\",\"target\":[\"https:\/\/www.indubombas.es\/index.php\/productos\/speck\/bombas-canal-lateral\/modelo-askg\/\"]}]},{\"@type\":\"ImageObject\",\"inLanguage\":\"es\",\"@id\":\"https:\/\/www.indubombas.es\/index.php\/productos\/speck\/bombas-canal-lateral\/modelo-askg\/#primaryimage\",\"url\":\"http:\/\/www.indubombas.es\/wp-content\/uploads\/2017\/04\/ASKG.png\",\"contentUrl\":\"http:\/\/www.indubombas.es\/wp-content\/uploads\/2017\/04\/ASKG.png\"},{\"@type\":\"BreadcrumbList\",\"@id\":\"https:\/\/www.indubombas.es\/index.php\/productos\/speck\/bombas-canal-lateral\/modelo-askg\/#breadcrumb\",\"itemListElement\":[{\"@type\":\"ListItem\",\"position\":1,\"name\":\"Portada\",\"item\":\"https:\/\/www.indubombas.es\/\"},{\"@type\":\"ListItem\",\"position\":2,\"name\":\"Productos\",\"item\":\"https:\/\/www.indubombas.es\/index.php\/productos\/\"},{\"@type\":\"ListItem\",\"position\":3,\"name\":\"SPECK\",\"item\":\"https:\/\/www.indubombas.es\/index.php\/productos\/speck\/\"},{\"@type\":\"ListItem\",\"position\":4,\"name\":\"Bombas de canal lateral\",\"item\":\"https:\/\/www.indubombas.es\/index.php\/productos\/speck\/bombas-canal-lateral\/\"},{\"@type\":\"ListItem\",\"position\":5,\"name\":\"Modelo ASKG\"}]},{\"@type\":\"WebSite\",\"@id\":\"https:\/\/www.indubombas.es\/#website\",\"url\":\"https:\/\/www.indubombas.es\/\",\"name\":\"InduBombas\",\"description\":\"\",\"publisher\":{\"@id\":\"https:\/\/www.indubombas.es\/#organization\"},\"potentialAction\":[{\"@type\":\"SearchAction\",\"target\":{\"@type\":\"EntryPoint\",\"urlTemplate\":\"https:\/\/www.indubombas.es\/?s={search_term_string}\"},\"query-input\":{\"@type\":\"PropertyValueSpecification\",\"valueRequired\":true,\"valueName\":\"search_term_string\"}}],\"inLanguage\":\"es\"},{\"@type\":\"Organization\",\"@id\":\"https:\/\/www.indubombas.es\/#organization\",\"name\":\"Indubombas\",\"url\":\"https:\/\/www.indubombas.es\/\",\"logo\":{\"@type\":\"ImageObject\",\"inLanguage\":\"es\",\"@id\":\"https:\/\/www.indubombas.es\/#\/schema\/logo\/image\/\",\"url\":\"http:\/\/www.indubombas.es\/wp-content\/uploads\/2017\/03\/cropped-Logo-INDUBOMBAS-1.jpg\",\"contentUrl\":\"http:\/\/www.indubombas.es\/wp-content\/uploads\/2017\/03\/cropped-Logo-INDUBOMBAS-1.jpg\",\"width\":2667,\"height\":1181,\"caption\":\"Indubombas\"},\"image\":{\"@id\":\"https:\/\/www.indubombas.es\/#\/schema\/logo\/image\/\"}}]}<\/script>\n<!-- \/ Yoast SEO plugin. -->","yoast_head_json":{"title":"Modelo ASKG","robots":{"index":"index","follow":"follow","max-snippet":"max-snippet:-1","max-image-preview":"max-image-preview:large","max-video-preview":"max-video-preview:-1"},"canonical":"https:\/\/www.indubombas.es\/index.php\/productos\/speck\/bombas-canal-lateral\/modelo-askg\/","og_locale":"es_ES","og_type":"article","og_title":"Modelo ASKG","og_description":"\u00a0 Side channel pumps with NPSH suction stage With mechanical seal or magnetic coupling Multi-stage Self-priming Suitable for the delivery of gas shares Nominal pressure PN 40 Fluidos Agua 120 \u00b0C max. Aceite: -100 \u2013 350 \u00b0C Motor 0,37 \u2013 55,0 kW, 3~Mot Materiales Acero inoxidable Bronce Fundici\u00f3n esferoidal Conexi\u00f3n aspiraci\u00f3n DN 40 \u2013 DN [&hellip;]","og_url":"https:\/\/www.indubombas.es\/index.php\/productos\/speck\/bombas-canal-lateral\/modelo-askg\/","og_site_name":"InduBombas","article_modified_time":"2017-04-11T07:46:18+00:00","og_image":[{"url":"http:\/\/www.indubombas.es\/wp-content\/uploads\/2017\/04\/ASKG.png","type":"","width":"","height":""}],"twitter_card":"summary_large_image","twitter_misc":{"Tiempo de lectura":"1 minuto"},"schema":{"@context":"https:\/\/schema.org","@graph":[{"@type":"WebPage","@id":"https:\/\/www.indubombas.es\/index.php\/productos\/speck\/bombas-canal-lateral\/modelo-askg\/","url":"https:\/\/www.indubombas.es\/index.php\/productos\/speck\/bombas-canal-lateral\/modelo-askg\/","name":"Modelo ASKG","isPartOf":{"@id":"https:\/\/www.indubombas.es\/#website"},"primaryImageOfPage":{"@id":"https:\/\/www.indubombas.es\/index.php\/productos\/speck\/bombas-canal-lateral\/modelo-askg\/#primaryimage"},"image":{"@id":"https:\/\/www.indubombas.es\/index.php\/productos\/speck\/bombas-canal-lateral\/modelo-askg\/#primaryimage"},"thumbnailUrl":"http:\/\/www.indubombas.es\/wp-content\/uploads\/2017\/04\/ASKG.png","datePublished":"2017-04-11T07:32:02+00:00","dateModified":"2017-04-11T07:46:18+00:00","breadcrumb":{"@id":"https:\/\/www.indubombas.es\/index.php\/productos\/speck\/bombas-canal-lateral\/modelo-askg\/#breadcrumb"},"inLanguage":"es","potentialAction":[{"@type":"ReadAction","target":["https:\/\/www.indubombas.es\/index.php\/productos\/speck\/bombas-canal-lateral\/modelo-askg\/"]}]},{"@type":"ImageObject","inLanguage":"es","@id":"https:\/\/www.indubombas.es\/index.php\/productos\/speck\/bombas-canal-lateral\/modelo-askg\/#primaryimage","url":"http:\/\/www.indubombas.es\/wp-content\/uploads\/2017\/04\/ASKG.png","contentUrl":"http:\/\/www.indubombas.es\/wp-content\/uploads\/2017\/04\/ASKG.png"},{"@type":"BreadcrumbList","@id":"https:\/\/www.indubombas.es\/index.php\/productos\/speck\/bombas-canal-lateral\/modelo-askg\/#breadcrumb","itemListElement":[{"@type":"ListItem","position":1,"name":"Portada","item":"https:\/\/www.indubombas.es\/"},{"@type":"ListItem","position":2,"name":"Productos","item":"https:\/\/www.indubombas.es\/index.php\/productos\/"},{"@type":"ListItem","position":3,"name":"SPECK","item":"https:\/\/www.indubombas.es\/index.php\/productos\/speck\/"},{"@type":"ListItem","position":4,"name":"Bombas de canal lateral","item":"https:\/\/www.indubombas.es\/index.php\/productos\/speck\/bombas-canal-lateral\/"},{"@type":"ListItem","position":5,"name":"Modelo ASKG"}]},{"@type":"WebSite","@id":"https:\/\/www.indubombas.es\/#website","url":"https:\/\/www.indubombas.es\/","name":"InduBombas","description":"","publisher":{"@id":"https:\/\/www.indubombas.es\/#organization"},"potentialAction":[{"@type":"SearchAction","target":{"@type":"EntryPoint","urlTemplate":"https:\/\/www.indubombas.es\/?s={search_term_string}"},"query-input":{"@type":"PropertyValueSpecification","valueRequired":true,"valueName":"search_term_string"}}],"inLanguage":"es"},{"@type":"Organization","@id":"https:\/\/www.indubombas.es\/#organization","name":"Indubombas","url":"https:\/\/www.indubombas.es\/","logo":{"@type":"ImageObject","inLanguage":"es","@id":"https:\/\/www.indubombas.es\/#\/schema\/logo\/image\/","url":"http:\/\/www.indubombas.es\/wp-content\/uploads\/2017\/03\/cropped-Logo-INDUBOMBAS-1.jpg","contentUrl":"http:\/\/www.indubombas.es\/wp-content\/uploads\/2017\/03\/cropped-Logo-INDUBOMBAS-1.jpg","width":2667,"height":1181,"caption":"Indubombas"},"image":{"@id":"https:\/\/www.indubombas.es\/#\/schema\/logo\/image\/"}}]}},"_links":{"self":[{"href":"https:\/\/www.indubombas.es\/index.php\/wp-json\/wp\/v2\/pages\/602","targetHints":{"allow":["GET"]}}],"collection":[{"href":"https:\/\/www.indubombas.es\/index.php\/wp-json\/wp\/v2\/pages"}],"about":[{"href":"https:\/\/www.indubombas.es\/index.php\/wp-json\/wp\/v2\/types\/page"}],"author":[{"embeddable":true,"href":"https:\/\/www.indubombas.es\/index.php\/wp-json\/wp\/v2\/users\/1"}],"replies":[{"embeddable":true,"href":"https:\/\/www.indubombas.es\/index.php\/wp-json\/wp\/v2\/comments?post=602"}],"version-history":[{"count":5,"href":"https:\/\/www.indubombas.es\/index.php\/wp-json\/wp\/v2\/pages\/602\/revisions"}],"predecessor-version":[{"id":616,"href":"https:\/\/www.indubombas.es\/index.php\/wp-json\/wp\/v2\/pages\/602\/revisions\/616"}],"up":[{"embeddable":true,"href":"https:\/\/www.indubombas.es\/index.php\/wp-json\/wp\/v2\/pages\/221"}],"wp:attachment":[{"href":"https:\/\/www.indubombas.es\/index.php\/wp-json\/wp\/v2\/media?parent=602"}],"curies":[{"name":"wp","href":"https:\/\/api.w.org\/{rel}","templated":true}]}}