{"id":625,"date":"2017-04-11T08:10:28","date_gmt":"2017-04-11T08:10:28","guid":{"rendered":"http:\/\/www.indubombas.es\/?page_id=625"},"modified":"2017-04-11T08:45:02","modified_gmt":"2017-04-11T08:45:02","slug":"modelo-npy-2251-mk-toe","status":"publish","type":"page","link":"https:\/\/www.indubombas.es\/index.php\/productos\/speck\/impulsor-periferico-accionamiento-magnetico\/modelo-npy-2251-mk-toe\/","title":{"rendered":"Modelo NPY-2251-MK-TOE"},"content":{"rendered":"<table class=\" aligncenter\" style=\"width: 859px;\">\n<tbody>\n<tr>\n<td style=\"width: 835px;\" colspan=\"2\">\n<h3><span style=\"font-size: 20px; font-family: arial, helvetica, sans-serif;\"><strong>Ventajas<\/strong><\/span><\/h3>\n<ol>\n<li><span style=\"font-size: 16px; font-family: arial, helvetica, sans-serif;\">Bombas resistentes y fiables de gran calidad para el funcionamiento continuo<\/span><\/li>\n<li><span style=\"font-size: 16px; font-family: arial, helvetica, sans-serif;\">Herm\u00e9ticas y sin fugas, de poco mantenimiento y seguras durante el funcionamiento<\/span><\/li>\n<li><span style=\"font-size: 16px; font-family: arial, helvetica, sans-serif;\">Ejecuci\u00f3n de agua caliente HT dise\u00f1ada para altas presiones de sistema<\/span><\/li>\n<li><span style=\"font-size: 16px; font-family: arial, helvetica, sans-serif;\">Ejecuci\u00f3n de aceite t\u00e9rmico TOE resistente a ligera ebullici\u00f3n en el fluido de alimentaci\u00f3n<\/span><\/li>\n<\/ol>\n<h3><span style=\"font-size: 20px; font-family: arial, helvetica, sans-serif;\"><strong>Construcci\u00f3n<\/strong><\/span><\/h3>\n<ol start=\"5\">\n<li><span style=\"font-size: 16px; font-family: arial, helvetica, sans-serif;\">Eje de la bomba de cer\u00e1mica, cojinetes de deslizamiento de SiC<\/span><\/li>\n<li><span style=\"font-size: 16px; font-family: arial, helvetica, sans-serif;\">Posici\u00f3n de conexi\u00f3n top\/top, con roscas y bridas SAE<\/span><\/li>\n<li><span style=\"font-size: 16px; font-family: arial, helvetica, sans-serif;\">De aspiraci\u00f3n normal<\/span><\/li>\n<li><span style=\"font-size: 16px; font-family: arial, helvetica, sans-serif;\">Accionamientos magn\u00e9ticos de gran calidad<\/span><\/li>\n<li><span style=\"font-size: 16px; font-family: arial, helvetica, sans-serif;\">Ejecuciones de acero inoxidable y fundici\u00f3n esferoidal<\/span><\/li>\n<\/ol>\n<h3><span style=\"font-size: 20px; font-family: arial, helvetica, sans-serif;\"><strong>Gama de potencia<\/strong><\/span><\/h3>\n<ol start=\"10\">\n<li><span style=\"font-size: 16px; font-family: arial, helvetica, sans-serif;\">Hm\u00e1x 48 \u2013 90 m (50 Hz)<\/span><\/li>\n<li><span style=\"font-size: 16px; font-family: arial, helvetica, sans-serif;\">Qm\u00e1x 27 \u2013 200 l\/min (50 Hz)<\/span><\/li>\n<li><span style=\"font-size: 16px; font-family: arial, helvetica, sans-serif;\">Tm\u00e1x<\/span><br \/>\n<span style=\"font-size: 16px; font-family: arial, helvetica, sans-serif;\"> Agua hasta 220 \u00b0C<\/span><br \/>\n<span style=\"font-size: 16px; font-family: arial, helvetica, sans-serif;\"> Aceite hasta 400 \u00b0C<\/span><br \/>\n<span style=\"font-size: 16px; font-family: arial, helvetica, sans-serif;\"> Consultar otros fluidos<\/span><\/li>\n<li><span style=\"font-size: 16px; font-family: arial, helvetica, sans-serif;\">ATEX II 2GD IIC cb TX<\/span><\/li>\n<\/ol>\n<\/td>\n<\/tr>\n<tr>\n<td style=\"width: 835px;\" colspan=\"2\">\n<h2><span style=\"font-size: 20px; font-family: arial, helvetica, sans-serif;\">\u00a0<strong>Modelo NPY-2251-MK-TOE<\/strong><\/span><\/h2>\n<\/td>\n<\/tr>\n<tr>\n<td style=\"width: 409.167px;\"><span style=\"font-size: 20px; font-family: arial, helvetica, sans-serif;\"><img loading=\"lazy\" decoding=\"async\" class=\"size-full wp-image-305 aligncenter\" src=\"https:\/\/www.indubombas.es\/wp-content\/uploads\/2017\/04\/NPY-2251-mk.png\" alt=\"\" width=\"618\" height=\"447\" srcset=\"https:\/\/www.indubombas.es\/wp-content\/uploads\/2017\/04\/NPY-2251-mk.png 618w, https:\/\/www.indubombas.es\/wp-content\/uploads\/2017\/04\/NPY-2251-mk-300x217.png 300w\" sizes=\"auto, (max-width: 618px) 100vw, 618px\" \/><\/span><\/td>\n<td style=\"width: 425.833px;\"><span style=\"font-size: 20px; font-family: arial, helvetica, sans-serif;\"><strong>Bombas de fluidos t\u00e9rmicos (agua caliente) con accionamiento magn\u00e9tico<\/strong><\/span><\/td>\n<\/tr>\n<tr>\n<td style=\"width: 409.167px;\"><span style=\"font-size: 20px; font-family: arial, helvetica, sans-serif;\"><strong>Fluidos<\/strong><\/span><\/p>\n<ul>\n<li><span style=\"font-size: 16px; font-family: arial, helvetica, sans-serif;\">Aceite 350 \u00b0 C max.<\/span><\/li>\n<\/ul>\n<p><span style=\"font-size: 20px; font-family: arial, helvetica, sans-serif;\"><strong>Motor<\/strong><\/span><\/p>\n<ul>\n<li><span style=\"font-size: 16px; font-family: arial, helvetica, sans-serif;\">0,5 \/ 0,55 kW, 3~Mot<\/span><\/li>\n<\/ul>\n<p><span style=\"font-size: 20px; font-family: arial, helvetica, sans-serif;\"><strong>Materiales<\/strong><\/span><\/p>\n<ul>\n<li><span style=\"font-size: 16px; font-family: arial, helvetica, sans-serif;\">Acero inoxidable<\/span><\/li>\n<\/ul>\n<p>&nbsp;<\/p>\n<p>&nbsp;<\/p>\n<p>&nbsp;<\/td>\n<td style=\"width: 425.833px;\"><span style=\"font-size: 20px; font-family: arial, helvetica, sans-serif;\"><strong>Conexi\u00f3n aspiraci\u00f3n<\/strong><\/span><\/p>\n<ul>\n<li><span style=\"font-size: 16px; font-family: arial, helvetica, sans-serif;\">G 1\/2; SAE 1\/2<\/span><\/li>\n<\/ul>\n<p><span style=\"font-size: 20px; font-family: arial, helvetica, sans-serif;\"><strong>Conexi\u00f3n impulsi\u00f3n<\/strong><\/span><\/p>\n<ul>\n<li><span style=\"font-size: 16px; font-family: arial, helvetica, sans-serif;\">G 1\/2; SAE 1\/2<\/span><\/li>\n<\/ul>\n<p><span style=\"font-size: 20px; font-family: arial, helvetica, sans-serif;\"><strong>Junta<\/strong><\/span><\/p>\n<ul>\n<li><span style=\"font-size: 16px; font-family: arial, helvetica, sans-serif;\">Separador \/ Accionamiento magn\u00e9tico<\/span><\/li>\n<\/ul>\n<p><span style=\"font-size: 20px; font-family: arial, helvetica, sans-serif;\"><strong>Dimensiones (A\/Alt\/P)<\/strong><\/span><\/p>\n<ul>\n<li><span style=\"font-size: 16px; font-family: arial, helvetica, sans-serif;\">-\/-<\/span><\/li>\n<\/ul>\n<\/td>\n<\/tr>\n<tr>\n<td style=\"width: 835px;\" colspan=\"2\"><span style=\"font-size: 16px; font-family: arial, helvetica, sans-serif;\">\u00a0<span style=\"font-size: 20px;\"><strong><u>Ventajas<\/u><\/strong><\/span><\/span><\/p>\n<ul>\n<li><span style=\"font-size: 16px; font-family: arial, helvetica, sans-serif;\">Admiten inclusiones de gas<\/span><\/li>\n<li><span style=\"font-size: 16px; font-family: arial, helvetica, sans-serif;\">Alta curva caracter\u00edstica<\/span><\/li>\n<li><span style=\"font-size: 16px; font-family: arial, helvetica, sans-serif;\">Altas presiones, con dise\u00f1o compacto<\/span><\/li>\n<li><span style=\"font-size: 16px; font-family: arial, helvetica, sans-serif;\">Gracias al accionamiento magn\u00e9tico, no se producen derrames ni requieren alg\u00fan tipo de mantenimiento<\/span><\/li>\n<li><span style=\"font-size: 16px; font-family: arial, helvetica, sans-serif;\">Cambio del sentido de marcha (derecha-izquierda)<\/span><\/li>\n<\/ul>\n<\/td>\n<\/tr>\n<\/tbody>\n<\/table>\n","protected":false},"excerpt":{"rendered":"<p>Ventajas Bombas resistentes y fiables de gran calidad para el funcionamiento continuo Herm\u00e9ticas y sin fugas, de poco mantenimiento y seguras durante el funcionamiento Ejecuci\u00f3n de agua caliente HT dise\u00f1ada para altas presiones de sistema Ejecuci\u00f3n de aceite t\u00e9rmico TOE resistente a ligera ebullici\u00f3n en el fluido de alimentaci\u00f3n Construcci\u00f3n Eje de la bomba de [&hellip;]<\/p>\n","protected":false},"author":1,"featured_media":0,"parent":282,"menu_order":0,"comment_status":"closed","ping_status":"closed","template":"","meta":{"_acf_changed":false,"footnotes":""},"class_list":["post-625","page","type-page","status-publish","czr-hentry"],"acf":[],"yoast_head":"<!-- This site is optimized with the Yoast SEO plugin v27.0 - https:\/\/yoast.com\/product\/yoast-seo-wordpress\/ -->\n<title>Modelo NPY-2251-MK-TOE<\/title>\n<meta name=\"robots\" content=\"index, follow, max-snippet:-1, max-image-preview:large, max-video-preview:-1\" \/>\n<link rel=\"canonical\" href=\"https:\/\/www.indubombas.es\/index.php\/productos\/speck\/impulsor-periferico-accionamiento-magnetico\/modelo-npy-2251-mk-toe\/\" \/>\n<meta property=\"og:locale\" content=\"es_ES\" \/>\n<meta property=\"og:type\" content=\"article\" \/>\n<meta property=\"og:title\" content=\"Modelo NPY-2251-MK-TOE\" \/>\n<meta property=\"og:description\" content=\"Ventajas Bombas resistentes y fiables de gran calidad para el funcionamiento continuo Herm\u00e9ticas y sin fugas, de poco mantenimiento y seguras durante el funcionamiento Ejecuci\u00f3n de agua caliente HT dise\u00f1ada para altas presiones de sistema Ejecuci\u00f3n de aceite t\u00e9rmico TOE resistente a ligera ebullici\u00f3n en el fluido de alimentaci\u00f3n Construcci\u00f3n Eje de la bomba de [&hellip;]\" \/>\n<meta property=\"og:url\" content=\"https:\/\/www.indubombas.es\/index.php\/productos\/speck\/impulsor-periferico-accionamiento-magnetico\/modelo-npy-2251-mk-toe\/\" \/>\n<meta property=\"og:site_name\" content=\"InduBombas\" \/>\n<meta property=\"article:modified_time\" content=\"2017-04-11T08:45:02+00:00\" \/>\n<meta property=\"og:image\" content=\"http:\/\/www.indubombas.es\/wp-content\/uploads\/2017\/04\/NPY-2251-mk.png\" \/>\n<meta name=\"twitter:card\" content=\"summary_large_image\" \/>\n<meta name=\"twitter:label1\" content=\"Tiempo de lectura\" \/>\n\t<meta name=\"twitter:data1\" content=\"1 minuto\" \/>\n<script type=\"application\/ld+json\" class=\"yoast-schema-graph\">{\"@context\":\"https:\/\/schema.org\",\"@graph\":[{\"@type\":\"WebPage\",\"@id\":\"https:\/\/www.indubombas.es\/index.php\/productos\/speck\/impulsor-periferico-accionamiento-magnetico\/modelo-npy-2251-mk-toe\/\",\"url\":\"https:\/\/www.indubombas.es\/index.php\/productos\/speck\/impulsor-periferico-accionamiento-magnetico\/modelo-npy-2251-mk-toe\/\",\"name\":\"Modelo NPY-2251-MK-TOE\",\"isPartOf\":{\"@id\":\"https:\/\/www.indubombas.es\/#website\"},\"primaryImageOfPage\":{\"@id\":\"https:\/\/www.indubombas.es\/index.php\/productos\/speck\/impulsor-periferico-accionamiento-magnetico\/modelo-npy-2251-mk-toe\/#primaryimage\"},\"image\":{\"@id\":\"https:\/\/www.indubombas.es\/index.php\/productos\/speck\/impulsor-periferico-accionamiento-magnetico\/modelo-npy-2251-mk-toe\/#primaryimage\"},\"thumbnailUrl\":\"http:\/\/www.indubombas.es\/wp-content\/uploads\/2017\/04\/NPY-2251-mk.png\",\"datePublished\":\"2017-04-11T08:10:28+00:00\",\"dateModified\":\"2017-04-11T08:45:02+00:00\",\"breadcrumb\":{\"@id\":\"https:\/\/www.indubombas.es\/index.php\/productos\/speck\/impulsor-periferico-accionamiento-magnetico\/modelo-npy-2251-mk-toe\/#breadcrumb\"},\"inLanguage\":\"es\",\"potentialAction\":[{\"@type\":\"ReadAction\",\"target\":[\"https:\/\/www.indubombas.es\/index.php\/productos\/speck\/impulsor-periferico-accionamiento-magnetico\/modelo-npy-2251-mk-toe\/\"]}]},{\"@type\":\"ImageObject\",\"inLanguage\":\"es\",\"@id\":\"https:\/\/www.indubombas.es\/index.php\/productos\/speck\/impulsor-periferico-accionamiento-magnetico\/modelo-npy-2251-mk-toe\/#primaryimage\",\"url\":\"http:\/\/www.indubombas.es\/wp-content\/uploads\/2017\/04\/NPY-2251-mk.png\",\"contentUrl\":\"http:\/\/www.indubombas.es\/wp-content\/uploads\/2017\/04\/NPY-2251-mk.png\"},{\"@type\":\"BreadcrumbList\",\"@id\":\"https:\/\/www.indubombas.es\/index.php\/productos\/speck\/impulsor-periferico-accionamiento-magnetico\/modelo-npy-2251-mk-toe\/#breadcrumb\",\"itemListElement\":[{\"@type\":\"ListItem\",\"position\":1,\"name\":\"Portada\",\"item\":\"https:\/\/www.indubombas.es\/\"},{\"@type\":\"ListItem\",\"position\":2,\"name\":\"Productos\",\"item\":\"https:\/\/www.indubombas.es\/index.php\/productos\/\"},{\"@type\":\"ListItem\",\"position\":3,\"name\":\"SPECK\",\"item\":\"https:\/\/www.indubombas.es\/index.php\/productos\/speck\/\"},{\"@type\":\"ListItem\",\"position\":4,\"name\":\"Bombas de fluidos t\u00e9rmicos con accionamiento magn\u00e9tico\",\"item\":\"https:\/\/www.indubombas.es\/index.php\/productos\/speck\/impulsor-periferico-accionamiento-magnetico\/\"},{\"@type\":\"ListItem\",\"position\":5,\"name\":\"Modelo NPY-2251-MK-TOE\"}]},{\"@type\":\"WebSite\",\"@id\":\"https:\/\/www.indubombas.es\/#website\",\"url\":\"https:\/\/www.indubombas.es\/\",\"name\":\"InduBombas\",\"description\":\"\",\"publisher\":{\"@id\":\"https:\/\/www.indubombas.es\/#organization\"},\"potentialAction\":[{\"@type\":\"SearchAction\",\"target\":{\"@type\":\"EntryPoint\",\"urlTemplate\":\"https:\/\/www.indubombas.es\/?s={search_term_string}\"},\"query-input\":{\"@type\":\"PropertyValueSpecification\",\"valueRequired\":true,\"valueName\":\"search_term_string\"}}],\"inLanguage\":\"es\"},{\"@type\":\"Organization\",\"@id\":\"https:\/\/www.indubombas.es\/#organization\",\"name\":\"Indubombas\",\"url\":\"https:\/\/www.indubombas.es\/\",\"logo\":{\"@type\":\"ImageObject\",\"inLanguage\":\"es\",\"@id\":\"https:\/\/www.indubombas.es\/#\/schema\/logo\/image\/\",\"url\":\"http:\/\/www.indubombas.es\/wp-content\/uploads\/2017\/03\/cropped-Logo-INDUBOMBAS-1.jpg\",\"contentUrl\":\"http:\/\/www.indubombas.es\/wp-content\/uploads\/2017\/03\/cropped-Logo-INDUBOMBAS-1.jpg\",\"width\":2667,\"height\":1181,\"caption\":\"Indubombas\"},\"image\":{\"@id\":\"https:\/\/www.indubombas.es\/#\/schema\/logo\/image\/\"}}]}<\/script>\n<!-- \/ Yoast SEO plugin. -->","yoast_head_json":{"title":"Modelo NPY-2251-MK-TOE","robots":{"index":"index","follow":"follow","max-snippet":"max-snippet:-1","max-image-preview":"max-image-preview:large","max-video-preview":"max-video-preview:-1"},"canonical":"https:\/\/www.indubombas.es\/index.php\/productos\/speck\/impulsor-periferico-accionamiento-magnetico\/modelo-npy-2251-mk-toe\/","og_locale":"es_ES","og_type":"article","og_title":"Modelo NPY-2251-MK-TOE","og_description":"Ventajas Bombas resistentes y fiables de gran calidad para el funcionamiento continuo Herm\u00e9ticas y sin fugas, de poco mantenimiento y seguras durante el funcionamiento Ejecuci\u00f3n de agua caliente HT dise\u00f1ada para altas presiones de sistema Ejecuci\u00f3n de aceite t\u00e9rmico TOE resistente a ligera ebullici\u00f3n en el fluido de alimentaci\u00f3n Construcci\u00f3n Eje de la bomba de [&hellip;]","og_url":"https:\/\/www.indubombas.es\/index.php\/productos\/speck\/impulsor-periferico-accionamiento-magnetico\/modelo-npy-2251-mk-toe\/","og_site_name":"InduBombas","article_modified_time":"2017-04-11T08:45:02+00:00","og_image":[{"url":"http:\/\/www.indubombas.es\/wp-content\/uploads\/2017\/04\/NPY-2251-mk.png","type":"","width":"","height":""}],"twitter_card":"summary_large_image","twitter_misc":{"Tiempo de lectura":"1 minuto"},"schema":{"@context":"https:\/\/schema.org","@graph":[{"@type":"WebPage","@id":"https:\/\/www.indubombas.es\/index.php\/productos\/speck\/impulsor-periferico-accionamiento-magnetico\/modelo-npy-2251-mk-toe\/","url":"https:\/\/www.indubombas.es\/index.php\/productos\/speck\/impulsor-periferico-accionamiento-magnetico\/modelo-npy-2251-mk-toe\/","name":"Modelo NPY-2251-MK-TOE","isPartOf":{"@id":"https:\/\/www.indubombas.es\/#website"},"primaryImageOfPage":{"@id":"https:\/\/www.indubombas.es\/index.php\/productos\/speck\/impulsor-periferico-accionamiento-magnetico\/modelo-npy-2251-mk-toe\/#primaryimage"},"image":{"@id":"https:\/\/www.indubombas.es\/index.php\/productos\/speck\/impulsor-periferico-accionamiento-magnetico\/modelo-npy-2251-mk-toe\/#primaryimage"},"thumbnailUrl":"http:\/\/www.indubombas.es\/wp-content\/uploads\/2017\/04\/NPY-2251-mk.png","datePublished":"2017-04-11T08:10:28+00:00","dateModified":"2017-04-11T08:45:02+00:00","breadcrumb":{"@id":"https:\/\/www.indubombas.es\/index.php\/productos\/speck\/impulsor-periferico-accionamiento-magnetico\/modelo-npy-2251-mk-toe\/#breadcrumb"},"inLanguage":"es","potentialAction":[{"@type":"ReadAction","target":["https:\/\/www.indubombas.es\/index.php\/productos\/speck\/impulsor-periferico-accionamiento-magnetico\/modelo-npy-2251-mk-toe\/"]}]},{"@type":"ImageObject","inLanguage":"es","@id":"https:\/\/www.indubombas.es\/index.php\/productos\/speck\/impulsor-periferico-accionamiento-magnetico\/modelo-npy-2251-mk-toe\/#primaryimage","url":"http:\/\/www.indubombas.es\/wp-content\/uploads\/2017\/04\/NPY-2251-mk.png","contentUrl":"http:\/\/www.indubombas.es\/wp-content\/uploads\/2017\/04\/NPY-2251-mk.png"},{"@type":"BreadcrumbList","@id":"https:\/\/www.indubombas.es\/index.php\/productos\/speck\/impulsor-periferico-accionamiento-magnetico\/modelo-npy-2251-mk-toe\/#breadcrumb","itemListElement":[{"@type":"ListItem","position":1,"name":"Portada","item":"https:\/\/www.indubombas.es\/"},{"@type":"ListItem","position":2,"name":"Productos","item":"https:\/\/www.indubombas.es\/index.php\/productos\/"},{"@type":"ListItem","position":3,"name":"SPECK","item":"https:\/\/www.indubombas.es\/index.php\/productos\/speck\/"},{"@type":"ListItem","position":4,"name":"Bombas de fluidos t\u00e9rmicos con accionamiento magn\u00e9tico","item":"https:\/\/www.indubombas.es\/index.php\/productos\/speck\/impulsor-periferico-accionamiento-magnetico\/"},{"@type":"ListItem","position":5,"name":"Modelo NPY-2251-MK-TOE"}]},{"@type":"WebSite","@id":"https:\/\/www.indubombas.es\/#website","url":"https:\/\/www.indubombas.es\/","name":"InduBombas","description":"","publisher":{"@id":"https:\/\/www.indubombas.es\/#organization"},"potentialAction":[{"@type":"SearchAction","target":{"@type":"EntryPoint","urlTemplate":"https:\/\/www.indubombas.es\/?s={search_term_string}"},"query-input":{"@type":"PropertyValueSpecification","valueRequired":true,"valueName":"search_term_string"}}],"inLanguage":"es"},{"@type":"Organization","@id":"https:\/\/www.indubombas.es\/#organization","name":"Indubombas","url":"https:\/\/www.indubombas.es\/","logo":{"@type":"ImageObject","inLanguage":"es","@id":"https:\/\/www.indubombas.es\/#\/schema\/logo\/image\/","url":"http:\/\/www.indubombas.es\/wp-content\/uploads\/2017\/03\/cropped-Logo-INDUBOMBAS-1.jpg","contentUrl":"http:\/\/www.indubombas.es\/wp-content\/uploads\/2017\/03\/cropped-Logo-INDUBOMBAS-1.jpg","width":2667,"height":1181,"caption":"Indubombas"},"image":{"@id":"https:\/\/www.indubombas.es\/#\/schema\/logo\/image\/"}}]}},"_links":{"self":[{"href":"https:\/\/www.indubombas.es\/index.php\/wp-json\/wp\/v2\/pages\/625","targetHints":{"allow":["GET"]}}],"collection":[{"href":"https:\/\/www.indubombas.es\/index.php\/wp-json\/wp\/v2\/pages"}],"about":[{"href":"https:\/\/www.indubombas.es\/index.php\/wp-json\/wp\/v2\/types\/page"}],"author":[{"embeddable":true,"href":"https:\/\/www.indubombas.es\/index.php\/wp-json\/wp\/v2\/users\/1"}],"replies":[{"embeddable":true,"href":"https:\/\/www.indubombas.es\/index.php\/wp-json\/wp\/v2\/comments?post=625"}],"version-history":[{"count":5,"href":"https:\/\/www.indubombas.es\/index.php\/wp-json\/wp\/v2\/pages\/625\/revisions"}],"predecessor-version":[{"id":661,"href":"https:\/\/www.indubombas.es\/index.php\/wp-json\/wp\/v2\/pages\/625\/revisions\/661"}],"up":[{"embeddable":true,"href":"https:\/\/www.indubombas.es\/index.php\/wp-json\/wp\/v2\/pages\/282"}],"wp:attachment":[{"href":"https:\/\/www.indubombas.es\/index.php\/wp-json\/wp\/v2\/media?parent=625"}],"curies":[{"name":"wp","href":"https:\/\/api.w.org\/{rel}","templated":true}]}}