{"id":669,"date":"2017-04-11T08:56:36","date_gmt":"2017-04-11T08:56:36","guid":{"rendered":"http:\/\/www.indubombas.es\/?page_id=669"},"modified":"2017-04-11T08:59:58","modified_gmt":"2017-04-11T08:59:58","slug":"modelo-t-401","status":"publish","type":"page","link":"https:\/\/www.indubombas.es\/index.php\/productos\/speck\/bombas-verticales\/modelo-t-401\/","title":{"rendered":"Modelo T-401"},"content":{"rendered":"<table class=\" aligncenter\" style=\"width: 955px;\">\n<tbody>\n<tr style=\"height: 28px;\">\n<td style=\"height: 28px; width: 363px;\">\n<h2><span style=\"font-family: arial, helvetica, sans-serif; font-size: 20px;\"><img loading=\"lazy\" decoding=\"async\" class=\"alignnone wp-image-320\" src=\"https:\/\/www.indubombas.es\/wp-content\/uploads\/2017\/04\/T-401_01_.png\" alt=\"\" width=\"420\" height=\"304\" srcset=\"https:\/\/www.indubombas.es\/wp-content\/uploads\/2017\/04\/T-401_01_.png 618w, https:\/\/www.indubombas.es\/wp-content\/uploads\/2017\/04\/T-401_01_-300x217.png 300w\" sizes=\"auto, (max-width: 420px) 100vw, 420px\" \/><\/span><\/h2>\n<\/td>\n<td style=\"height: 28px; width: 572px;\">\n<h2><span style=\"font-family: arial, helvetica, sans-serif; font-size: 20px;\"><strong>Bombas sumergibles sin junta\u00a0\u00a0\u00a0<\/strong><\/span><\/h2>\n<ul>\n<li><span style=\"font-family: arial, helvetica, sans-serif; font-size: 16px;\">Monoetapa<\/span><\/li>\n<li><span style=\"font-family: arial, helvetica, sans-serif; font-size: 16px;\">Profundidad de inmersi\u00f3n de 110, 200 mm<\/span><\/li>\n<li><span style=\"font-family: arial, helvetica, sans-serif; font-size: 16px;\">Caja de bornes: bajo demanda, opuesto, arriba, a la izquierda o a la derecha de conexi\u00f3n de presi\u00f3n<\/span><\/li>\n<\/ul>\n<\/td>\n<\/tr>\n<tr style=\"height: 28px;\">\n<td style=\"height: 28px; width: 363px;\"><span style=\"font-family: arial, helvetica, sans-serif; font-size: 20px;\"><strong>Fluidos<\/strong><\/span><\/p>\n<ul>\n<li><span style=\"font-family: arial, helvetica, sans-serif; font-size: 16px;\">Agua 90 \u00b0C<\/span><\/li>\n<li><span style=\"font-family: arial, helvetica, sans-serif; font-size: 16px;\">Aceite 150 \u00b0C max.<\/span><\/li>\n<li><span style=\"font-family: arial, helvetica, sans-serif; font-size: 16px;\">Aceite 200 \u00b0C max. sobre demanda<\/span><\/li>\n<\/ul>\n<p><span style=\"font-family: arial, helvetica, sans-serif; font-size: 20px;\"><strong>Motor<\/strong><\/span><\/p>\n<ul>\n<li><span style=\"font-family: arial, helvetica, sans-serif; font-size: 20px;\">0,5 \u2013 1,0 kW, 1~\/3~ Mot<\/span><\/li>\n<\/ul>\n<p><span style=\"font-family: arial, helvetica, sans-serif; font-size: 20px;\"><strong>Materiales<\/strong><\/span><\/p>\n<ul>\n<li><span style=\"font-family: arial, helvetica, sans-serif; font-size: 16px;\">Acero inoxidable<\/span><\/li>\n<\/ul>\n<\/td>\n<td style=\"height: 28px; width: 572px;\"><span style=\"font-family: arial, helvetica, sans-serif; font-size: 20px;\">\u00a0<strong>Conexi\u00f3n aspiraci\u00f3n<\/strong><\/span><\/p>\n<ul>\n<li><span style=\"font-family: arial, helvetica, sans-serif; font-size: 16px;\">-\/-<\/span><\/li>\n<\/ul>\n<p><span style=\"font-family: arial, helvetica, sans-serif; font-size: 20px;\"><strong>Conexi\u00f3n impulsi\u00f3n<\/strong><\/span><\/p>\n<ul>\n<li><span style=\"font-family: arial, helvetica, sans-serif; font-size: 16px;\">G 3\/4<\/span><\/li>\n<\/ul>\n<p><span style=\"font-family: arial, helvetica, sans-serif; font-size: 20px;\"><strong>Junta<\/strong><\/span><\/p>\n<ul>\n<li><span style=\"font-family: arial, helvetica, sans-serif; font-size: 16px;\">Sin cierre<\/span><\/li>\n<\/ul>\n<p><span style=\"font-family: arial, helvetica, sans-serif; font-size: 20px;\"><strong>Dimensiones (A\/Alt\/P)<\/strong><\/span><\/p>\n<ul>\n<li><span style=\"font-family: arial, helvetica, sans-serif; font-size: 16px;\">-\/-<\/span><\/li>\n<\/ul>\n<\/td>\n<\/tr>\n<tr style=\"height: 28px;\">\n<td style=\"height: 28px; width: 935px;\" colspan=\"2\"><span style=\"font-family: arial, helvetica, sans-serif; font-size: 20px;\"><strong><u>Ventajas<\/u><\/strong><\/span><\/p>\n<ul>\n<li><span style=\"font-family: arial, helvetica, sans-serif; font-size: 16px;\">Escaso mantenimento<\/span><\/li>\n<li><span style=\"font-family: arial, helvetica, sans-serif; font-size: 16px;\">F\u00e1cil montaje<\/span><\/li>\n<li><span style=\"font-family: arial, helvetica, sans-serif; font-size: 16px;\">Soluci\u00f3n econ\u00f3mica<\/span><\/li>\n<\/ul>\n<\/td>\n<\/tr>\n<\/tbody>\n<\/table>\n","protected":false},"excerpt":{"rendered":"<p>Bombas sumergibles sin junta\u00a0\u00a0\u00a0 Monoetapa Profundidad de inmersi\u00f3n de 110, 200 mm Caja de bornes: bajo demanda, opuesto, arriba, a la izquierda o a la derecha de conexi\u00f3n de presi\u00f3n Fluidos Agua 90 \u00b0C Aceite 150 \u00b0C max. Aceite 200 \u00b0C max. sobre demanda Motor 0,5 \u2013 1,0 kW, 1~\/3~ Mot Materiales Acero inoxidable \u00a0Conexi\u00f3n [&hellip;]<\/p>\n","protected":false},"author":1,"featured_media":0,"parent":317,"menu_order":0,"comment_status":"closed","ping_status":"closed","template":"","meta":{"_acf_changed":false,"footnotes":""},"class_list":["post-669","page","type-page","status-publish","czr-hentry"],"acf":[],"yoast_head":"<!-- This site is optimized with the Yoast SEO plugin v27.0 - https:\/\/yoast.com\/product\/yoast-seo-wordpress\/ -->\n<title>Modelo T-401<\/title>\n<meta name=\"robots\" content=\"index, follow, max-snippet:-1, max-image-preview:large, max-video-preview:-1\" \/>\n<link rel=\"canonical\" href=\"https:\/\/www.indubombas.es\/index.php\/productos\/speck\/bombas-verticales\/modelo-t-401\/\" \/>\n<meta property=\"og:locale\" content=\"es_ES\" \/>\n<meta property=\"og:type\" content=\"article\" \/>\n<meta property=\"og:title\" content=\"Modelo T-401\" \/>\n<meta property=\"og:description\" content=\"Bombas sumergibles sin junta\u00a0\u00a0\u00a0 Monoetapa Profundidad de inmersi\u00f3n de 110, 200 mm Caja de bornes: bajo demanda, opuesto, arriba, a la izquierda o a la derecha de conexi\u00f3n de presi\u00f3n Fluidos Agua 90 \u00b0C Aceite 150 \u00b0C max. Aceite 200 \u00b0C max. sobre demanda Motor 0,5 \u2013 1,0 kW, 1~\/3~ Mot Materiales Acero inoxidable \u00a0Conexi\u00f3n [&hellip;]\" \/>\n<meta property=\"og:url\" content=\"https:\/\/www.indubombas.es\/index.php\/productos\/speck\/bombas-verticales\/modelo-t-401\/\" \/>\n<meta property=\"og:site_name\" content=\"InduBombas\" \/>\n<meta property=\"article:modified_time\" content=\"2017-04-11T08:59:58+00:00\" \/>\n<meta property=\"og:image\" content=\"http:\/\/www.indubombas.es\/wp-content\/uploads\/2017\/04\/T-401_01_.png\" \/>\n<meta name=\"twitter:card\" content=\"summary_large_image\" \/>\n<script type=\"application\/ld+json\" class=\"yoast-schema-graph\">{\"@context\":\"https:\/\/schema.org\",\"@graph\":[{\"@type\":\"WebPage\",\"@id\":\"https:\/\/www.indubombas.es\/index.php\/productos\/speck\/bombas-verticales\/modelo-t-401\/\",\"url\":\"https:\/\/www.indubombas.es\/index.php\/productos\/speck\/bombas-verticales\/modelo-t-401\/\",\"name\":\"Modelo T-401\",\"isPartOf\":{\"@id\":\"https:\/\/www.indubombas.es\/#website\"},\"primaryImageOfPage\":{\"@id\":\"https:\/\/www.indubombas.es\/index.php\/productos\/speck\/bombas-verticales\/modelo-t-401\/#primaryimage\"},\"image\":{\"@id\":\"https:\/\/www.indubombas.es\/index.php\/productos\/speck\/bombas-verticales\/modelo-t-401\/#primaryimage\"},\"thumbnailUrl\":\"http:\/\/www.indubombas.es\/wp-content\/uploads\/2017\/04\/T-401_01_.png\",\"datePublished\":\"2017-04-11T08:56:36+00:00\",\"dateModified\":\"2017-04-11T08:59:58+00:00\",\"breadcrumb\":{\"@id\":\"https:\/\/www.indubombas.es\/index.php\/productos\/speck\/bombas-verticales\/modelo-t-401\/#breadcrumb\"},\"inLanguage\":\"es\",\"potentialAction\":[{\"@type\":\"ReadAction\",\"target\":[\"https:\/\/www.indubombas.es\/index.php\/productos\/speck\/bombas-verticales\/modelo-t-401\/\"]}]},{\"@type\":\"ImageObject\",\"inLanguage\":\"es\",\"@id\":\"https:\/\/www.indubombas.es\/index.php\/productos\/speck\/bombas-verticales\/modelo-t-401\/#primaryimage\",\"url\":\"http:\/\/www.indubombas.es\/wp-content\/uploads\/2017\/04\/T-401_01_.png\",\"contentUrl\":\"http:\/\/www.indubombas.es\/wp-content\/uploads\/2017\/04\/T-401_01_.png\"},{\"@type\":\"BreadcrumbList\",\"@id\":\"https:\/\/www.indubombas.es\/index.php\/productos\/speck\/bombas-verticales\/modelo-t-401\/#breadcrumb\",\"itemListElement\":[{\"@type\":\"ListItem\",\"position\":1,\"name\":\"Portada\",\"item\":\"https:\/\/www.indubombas.es\/\"},{\"@type\":\"ListItem\",\"position\":2,\"name\":\"Productos\",\"item\":\"https:\/\/www.indubombas.es\/index.php\/productos\/\"},{\"@type\":\"ListItem\",\"position\":3,\"name\":\"SPECK\",\"item\":\"https:\/\/www.indubombas.es\/index.php\/productos\/speck\/\"},{\"@type\":\"ListItem\",\"position\":4,\"name\":\"Bombas Verticales\",\"item\":\"https:\/\/www.indubombas.es\/index.php\/productos\/speck\/bombas-verticales\/\"},{\"@type\":\"ListItem\",\"position\":5,\"name\":\"Modelo T-401\"}]},{\"@type\":\"WebSite\",\"@id\":\"https:\/\/www.indubombas.es\/#website\",\"url\":\"https:\/\/www.indubombas.es\/\",\"name\":\"InduBombas\",\"description\":\"\",\"publisher\":{\"@id\":\"https:\/\/www.indubombas.es\/#organization\"},\"potentialAction\":[{\"@type\":\"SearchAction\",\"target\":{\"@type\":\"EntryPoint\",\"urlTemplate\":\"https:\/\/www.indubombas.es\/?s={search_term_string}\"},\"query-input\":{\"@type\":\"PropertyValueSpecification\",\"valueRequired\":true,\"valueName\":\"search_term_string\"}}],\"inLanguage\":\"es\"},{\"@type\":\"Organization\",\"@id\":\"https:\/\/www.indubombas.es\/#organization\",\"name\":\"Indubombas\",\"url\":\"https:\/\/www.indubombas.es\/\",\"logo\":{\"@type\":\"ImageObject\",\"inLanguage\":\"es\",\"@id\":\"https:\/\/www.indubombas.es\/#\/schema\/logo\/image\/\",\"url\":\"http:\/\/www.indubombas.es\/wp-content\/uploads\/2017\/03\/cropped-Logo-INDUBOMBAS-1.jpg\",\"contentUrl\":\"http:\/\/www.indubombas.es\/wp-content\/uploads\/2017\/03\/cropped-Logo-INDUBOMBAS-1.jpg\",\"width\":2667,\"height\":1181,\"caption\":\"Indubombas\"},\"image\":{\"@id\":\"https:\/\/www.indubombas.es\/#\/schema\/logo\/image\/\"}}]}<\/script>\n<!-- \/ Yoast SEO plugin. -->","yoast_head_json":{"title":"Modelo T-401","robots":{"index":"index","follow":"follow","max-snippet":"max-snippet:-1","max-image-preview":"max-image-preview:large","max-video-preview":"max-video-preview:-1"},"canonical":"https:\/\/www.indubombas.es\/index.php\/productos\/speck\/bombas-verticales\/modelo-t-401\/","og_locale":"es_ES","og_type":"article","og_title":"Modelo T-401","og_description":"Bombas sumergibles sin junta\u00a0\u00a0\u00a0 Monoetapa Profundidad de inmersi\u00f3n de 110, 200 mm Caja de bornes: bajo demanda, opuesto, arriba, a la izquierda o a la derecha de conexi\u00f3n de presi\u00f3n Fluidos Agua 90 \u00b0C Aceite 150 \u00b0C max. Aceite 200 \u00b0C max. sobre demanda Motor 0,5 \u2013 1,0 kW, 1~\/3~ Mot Materiales Acero inoxidable \u00a0Conexi\u00f3n [&hellip;]","og_url":"https:\/\/www.indubombas.es\/index.php\/productos\/speck\/bombas-verticales\/modelo-t-401\/","og_site_name":"InduBombas","article_modified_time":"2017-04-11T08:59:58+00:00","og_image":[{"url":"http:\/\/www.indubombas.es\/wp-content\/uploads\/2017\/04\/T-401_01_.png","type":"","width":"","height":""}],"twitter_card":"summary_large_image","schema":{"@context":"https:\/\/schema.org","@graph":[{"@type":"WebPage","@id":"https:\/\/www.indubombas.es\/index.php\/productos\/speck\/bombas-verticales\/modelo-t-401\/","url":"https:\/\/www.indubombas.es\/index.php\/productos\/speck\/bombas-verticales\/modelo-t-401\/","name":"Modelo T-401","isPartOf":{"@id":"https:\/\/www.indubombas.es\/#website"},"primaryImageOfPage":{"@id":"https:\/\/www.indubombas.es\/index.php\/productos\/speck\/bombas-verticales\/modelo-t-401\/#primaryimage"},"image":{"@id":"https:\/\/www.indubombas.es\/index.php\/productos\/speck\/bombas-verticales\/modelo-t-401\/#primaryimage"},"thumbnailUrl":"http:\/\/www.indubombas.es\/wp-content\/uploads\/2017\/04\/T-401_01_.png","datePublished":"2017-04-11T08:56:36+00:00","dateModified":"2017-04-11T08:59:58+00:00","breadcrumb":{"@id":"https:\/\/www.indubombas.es\/index.php\/productos\/speck\/bombas-verticales\/modelo-t-401\/#breadcrumb"},"inLanguage":"es","potentialAction":[{"@type":"ReadAction","target":["https:\/\/www.indubombas.es\/index.php\/productos\/speck\/bombas-verticales\/modelo-t-401\/"]}]},{"@type":"ImageObject","inLanguage":"es","@id":"https:\/\/www.indubombas.es\/index.php\/productos\/speck\/bombas-verticales\/modelo-t-401\/#primaryimage","url":"http:\/\/www.indubombas.es\/wp-content\/uploads\/2017\/04\/T-401_01_.png","contentUrl":"http:\/\/www.indubombas.es\/wp-content\/uploads\/2017\/04\/T-401_01_.png"},{"@type":"BreadcrumbList","@id":"https:\/\/www.indubombas.es\/index.php\/productos\/speck\/bombas-verticales\/modelo-t-401\/#breadcrumb","itemListElement":[{"@type":"ListItem","position":1,"name":"Portada","item":"https:\/\/www.indubombas.es\/"},{"@type":"ListItem","position":2,"name":"Productos","item":"https:\/\/www.indubombas.es\/index.php\/productos\/"},{"@type":"ListItem","position":3,"name":"SPECK","item":"https:\/\/www.indubombas.es\/index.php\/productos\/speck\/"},{"@type":"ListItem","position":4,"name":"Bombas Verticales","item":"https:\/\/www.indubombas.es\/index.php\/productos\/speck\/bombas-verticales\/"},{"@type":"ListItem","position":5,"name":"Modelo T-401"}]},{"@type":"WebSite","@id":"https:\/\/www.indubombas.es\/#website","url":"https:\/\/www.indubombas.es\/","name":"InduBombas","description":"","publisher":{"@id":"https:\/\/www.indubombas.es\/#organization"},"potentialAction":[{"@type":"SearchAction","target":{"@type":"EntryPoint","urlTemplate":"https:\/\/www.indubombas.es\/?s={search_term_string}"},"query-input":{"@type":"PropertyValueSpecification","valueRequired":true,"valueName":"search_term_string"}}],"inLanguage":"es"},{"@type":"Organization","@id":"https:\/\/www.indubombas.es\/#organization","name":"Indubombas","url":"https:\/\/www.indubombas.es\/","logo":{"@type":"ImageObject","inLanguage":"es","@id":"https:\/\/www.indubombas.es\/#\/schema\/logo\/image\/","url":"http:\/\/www.indubombas.es\/wp-content\/uploads\/2017\/03\/cropped-Logo-INDUBOMBAS-1.jpg","contentUrl":"http:\/\/www.indubombas.es\/wp-content\/uploads\/2017\/03\/cropped-Logo-INDUBOMBAS-1.jpg","width":2667,"height":1181,"caption":"Indubombas"},"image":{"@id":"https:\/\/www.indubombas.es\/#\/schema\/logo\/image\/"}}]}},"_links":{"self":[{"href":"https:\/\/www.indubombas.es\/index.php\/wp-json\/wp\/v2\/pages\/669","targetHints":{"allow":["GET"]}}],"collection":[{"href":"https:\/\/www.indubombas.es\/index.php\/wp-json\/wp\/v2\/pages"}],"about":[{"href":"https:\/\/www.indubombas.es\/index.php\/wp-json\/wp\/v2\/types\/page"}],"author":[{"embeddable":true,"href":"https:\/\/www.indubombas.es\/index.php\/wp-json\/wp\/v2\/users\/1"}],"replies":[{"embeddable":true,"href":"https:\/\/www.indubombas.es\/index.php\/wp-json\/wp\/v2\/comments?post=669"}],"version-history":[{"count":2,"href":"https:\/\/www.indubombas.es\/index.php\/wp-json\/wp\/v2\/pages\/669\/revisions"}],"predecessor-version":[{"id":673,"href":"https:\/\/www.indubombas.es\/index.php\/wp-json\/wp\/v2\/pages\/669\/revisions\/673"}],"up":[{"embeddable":true,"href":"https:\/\/www.indubombas.es\/index.php\/wp-json\/wp\/v2\/pages\/317"}],"wp:attachment":[{"href":"https:\/\/www.indubombas.es\/index.php\/wp-json\/wp\/v2\/media?parent=669"}],"curies":[{"name":"wp","href":"https:\/\/api.w.org\/{rel}","templated":true}]}}