{"id":681,"date":"2017-04-11T10:14:42","date_gmt":"2017-04-11T10:14:42","guid":{"rendered":"http:\/\/www.indubombas.es\/?page_id=681"},"modified":"2017-04-11T10:49:50","modified_gmt":"2017-04-11T10:49:50","slug":"bombas-de-impulsor-periferico-3","status":"publish","type":"page","link":"https:\/\/www.indubombas.es\/index.php\/productos\/speck\/bombas-de-impulsor-periferico-3\/","title":{"rendered":"Bombas de impulsor perif\u00e9rico"},"content":{"rendered":"<table class=\" aligncenter\" style=\"width: 929px;\">\n<tbody>\n<tr>\n<td style=\"width: 462.167px;\">\n<h3><span style=\"font-size: 20px;\"><a title=\"Bombas monobloc con cierre mec\u00e1nico\" href=\"https:\/\/www.indubombas.es\/index.php\/productos\/speck\/bombas-de-impulsor-periferico\/\"><span style=\"font-family: arial, helvetica, sans-serif;\">Bombas monobloc con cierre mec\u00e1nico<\/span><\/a><\/span><\/h3>\n<\/td>\n<td style=\"width: 450.833px;\">\n<h3><span style=\"font-size: 20px;\"><a href=\"https:\/\/www.indubombas.es\/index.php\/productos\/speck\/bombas-de-impulsor-periferico-2\/\">Bombas monobloc con accionamiento magn\u00e9tico<\/a><\/span><\/h3>\n<\/td>\n<\/tr>\n<tr>\n<td style=\"width: 462.167px;\"><a href=\"https:\/\/www.indubombas.es\/index.php\/productos\/speck\/bombas-de-impulsor-periferico\/\"><img loading=\"lazy\" decoding=\"async\" class=\"aligncenter wp-image-331\" src=\"https:\/\/www.indubombas.es\/wp-content\/uploads\/2017\/04\/impulsorpereferico.jpg\" alt=\"\" width=\"318\" height=\"239\" srcset=\"https:\/\/www.indubombas.es\/wp-content\/uploads\/2017\/04\/impulsorpereferico.jpg 400w, https:\/\/www.indubombas.es\/wp-content\/uploads\/2017\/04\/impulsorpereferico-300x225.jpg 300w\" sizes=\"auto, (max-width: 318px) 100vw, 318px\" \/><\/a><\/td>\n<td style=\"width: 450.833px;\"><a href=\"https:\/\/www.indubombas.es\/index.php\/productos\/speck\/bombas-de-impulsor-periferico-2\/\"><img loading=\"lazy\" decoding=\"async\" class=\"aligncenter wp-image-342\" src=\"https:\/\/www.indubombas.es\/wp-content\/uploads\/2017\/04\/impulsorpereferico-magnetico.jpg\" alt=\"\" width=\"326\" height=\"245\" srcset=\"https:\/\/www.indubombas.es\/wp-content\/uploads\/2017\/04\/impulsorpereferico-magnetico.jpg 400w, https:\/\/www.indubombas.es\/wp-content\/uploads\/2017\/04\/impulsorpereferico-magnetico-300x225.jpg 300w\" sizes=\"auto, (max-width: 326px) 100vw, 326px\" \/><\/a><\/td>\n<\/tr>\n<\/tbody>\n<\/table>\n","protected":false},"excerpt":{"rendered":"<p>Bombas monobloc con cierre mec\u00e1nico Bombas monobloc con accionamiento magn\u00e9tico<\/p>\n","protected":false},"author":1,"featured_media":0,"parent":169,"menu_order":0,"comment_status":"closed","ping_status":"closed","template":"","meta":{"_acf_changed":false,"footnotes":""},"class_list":["post-681","page","type-page","status-publish","czr-hentry"],"acf":[],"yoast_head":"<!-- This site is optimized with the Yoast SEO plugin v27.0 - https:\/\/yoast.com\/product\/yoast-seo-wordpress\/ -->\n<title>Bombas de impulsor perif\u00e9rico<\/title>\n<meta name=\"robots\" content=\"index, follow, max-snippet:-1, max-image-preview:large, max-video-preview:-1\" \/>\n<link rel=\"canonical\" href=\"https:\/\/www.indubombas.es\/index.php\/productos\/speck\/bombas-de-impulsor-periferico-3\/\" \/>\n<meta property=\"og:locale\" content=\"es_ES\" \/>\n<meta property=\"og:type\" content=\"article\" \/>\n<meta property=\"og:title\" content=\"Bombas de impulsor perif\u00e9rico\" \/>\n<meta property=\"og:description\" content=\"Bombas monobloc con cierre mec\u00e1nico Bombas monobloc con accionamiento magn\u00e9tico\" \/>\n<meta property=\"og:url\" content=\"https:\/\/www.indubombas.es\/index.php\/productos\/speck\/bombas-de-impulsor-periferico-3\/\" \/>\n<meta property=\"og:site_name\" content=\"InduBombas\" \/>\n<meta property=\"article:modified_time\" content=\"2017-04-11T10:49:50+00:00\" \/>\n<meta property=\"og:image\" content=\"http:\/\/www.indubombas.es\/wp-content\/uploads\/2017\/04\/impulsorpereferico.jpg\" \/>\n<meta name=\"twitter:card\" content=\"summary_large_image\" \/>\n<script type=\"application\/ld+json\" class=\"yoast-schema-graph\">{\"@context\":\"https:\/\/schema.org\",\"@graph\":[{\"@type\":\"WebPage\",\"@id\":\"https:\/\/www.indubombas.es\/index.php\/productos\/speck\/bombas-de-impulsor-periferico-3\/\",\"url\":\"https:\/\/www.indubombas.es\/index.php\/productos\/speck\/bombas-de-impulsor-periferico-3\/\",\"name\":\"Bombas de impulsor perif\u00e9rico\",\"isPartOf\":{\"@id\":\"https:\/\/www.indubombas.es\/#website\"},\"primaryImageOfPage\":{\"@id\":\"https:\/\/www.indubombas.es\/index.php\/productos\/speck\/bombas-de-impulsor-periferico-3\/#primaryimage\"},\"image\":{\"@id\":\"https:\/\/www.indubombas.es\/index.php\/productos\/speck\/bombas-de-impulsor-periferico-3\/#primaryimage\"},\"thumbnailUrl\":\"http:\/\/www.indubombas.es\/wp-content\/uploads\/2017\/04\/impulsorpereferico.jpg\",\"datePublished\":\"2017-04-11T10:14:42+00:00\",\"dateModified\":\"2017-04-11T10:49:50+00:00\",\"breadcrumb\":{\"@id\":\"https:\/\/www.indubombas.es\/index.php\/productos\/speck\/bombas-de-impulsor-periferico-3\/#breadcrumb\"},\"inLanguage\":\"es\",\"potentialAction\":[{\"@type\":\"ReadAction\",\"target\":[\"https:\/\/www.indubombas.es\/index.php\/productos\/speck\/bombas-de-impulsor-periferico-3\/\"]}]},{\"@type\":\"ImageObject\",\"inLanguage\":\"es\",\"@id\":\"https:\/\/www.indubombas.es\/index.php\/productos\/speck\/bombas-de-impulsor-periferico-3\/#primaryimage\",\"url\":\"http:\/\/www.indubombas.es\/wp-content\/uploads\/2017\/04\/impulsorpereferico.jpg\",\"contentUrl\":\"http:\/\/www.indubombas.es\/wp-content\/uploads\/2017\/04\/impulsorpereferico.jpg\"},{\"@type\":\"BreadcrumbList\",\"@id\":\"https:\/\/www.indubombas.es\/index.php\/productos\/speck\/bombas-de-impulsor-periferico-3\/#breadcrumb\",\"itemListElement\":[{\"@type\":\"ListItem\",\"position\":1,\"name\":\"Portada\",\"item\":\"https:\/\/www.indubombas.es\/\"},{\"@type\":\"ListItem\",\"position\":2,\"name\":\"Productos\",\"item\":\"https:\/\/www.indubombas.es\/index.php\/productos\/\"},{\"@type\":\"ListItem\",\"position\":3,\"name\":\"SPECK\",\"item\":\"https:\/\/www.indubombas.es\/index.php\/productos\/speck\/\"},{\"@type\":\"ListItem\",\"position\":4,\"name\":\"Bombas de impulsor perif\u00e9rico\"}]},{\"@type\":\"WebSite\",\"@id\":\"https:\/\/www.indubombas.es\/#website\",\"url\":\"https:\/\/www.indubombas.es\/\",\"name\":\"InduBombas\",\"description\":\"\",\"publisher\":{\"@id\":\"https:\/\/www.indubombas.es\/#organization\"},\"potentialAction\":[{\"@type\":\"SearchAction\",\"target\":{\"@type\":\"EntryPoint\",\"urlTemplate\":\"https:\/\/www.indubombas.es\/?s={search_term_string}\"},\"query-input\":{\"@type\":\"PropertyValueSpecification\",\"valueRequired\":true,\"valueName\":\"search_term_string\"}}],\"inLanguage\":\"es\"},{\"@type\":\"Organization\",\"@id\":\"https:\/\/www.indubombas.es\/#organization\",\"name\":\"Indubombas\",\"url\":\"https:\/\/www.indubombas.es\/\",\"logo\":{\"@type\":\"ImageObject\",\"inLanguage\":\"es\",\"@id\":\"https:\/\/www.indubombas.es\/#\/schema\/logo\/image\/\",\"url\":\"http:\/\/www.indubombas.es\/wp-content\/uploads\/2017\/03\/cropped-Logo-INDUBOMBAS-1.jpg\",\"contentUrl\":\"http:\/\/www.indubombas.es\/wp-content\/uploads\/2017\/03\/cropped-Logo-INDUBOMBAS-1.jpg\",\"width\":2667,\"height\":1181,\"caption\":\"Indubombas\"},\"image\":{\"@id\":\"https:\/\/www.indubombas.es\/#\/schema\/logo\/image\/\"}}]}<\/script>\n<!-- \/ Yoast SEO plugin. -->","yoast_head_json":{"title":"Bombas de impulsor perif\u00e9rico","robots":{"index":"index","follow":"follow","max-snippet":"max-snippet:-1","max-image-preview":"max-image-preview:large","max-video-preview":"max-video-preview:-1"},"canonical":"https:\/\/www.indubombas.es\/index.php\/productos\/speck\/bombas-de-impulsor-periferico-3\/","og_locale":"es_ES","og_type":"article","og_title":"Bombas de impulsor perif\u00e9rico","og_description":"Bombas monobloc con cierre mec\u00e1nico Bombas monobloc con accionamiento magn\u00e9tico","og_url":"https:\/\/www.indubombas.es\/index.php\/productos\/speck\/bombas-de-impulsor-periferico-3\/","og_site_name":"InduBombas","article_modified_time":"2017-04-11T10:49:50+00:00","og_image":[{"url":"http:\/\/www.indubombas.es\/wp-content\/uploads\/2017\/04\/impulsorpereferico.jpg","type":"","width":"","height":""}],"twitter_card":"summary_large_image","schema":{"@context":"https:\/\/schema.org","@graph":[{"@type":"WebPage","@id":"https:\/\/www.indubombas.es\/index.php\/productos\/speck\/bombas-de-impulsor-periferico-3\/","url":"https:\/\/www.indubombas.es\/index.php\/productos\/speck\/bombas-de-impulsor-periferico-3\/","name":"Bombas de impulsor perif\u00e9rico","isPartOf":{"@id":"https:\/\/www.indubombas.es\/#website"},"primaryImageOfPage":{"@id":"https:\/\/www.indubombas.es\/index.php\/productos\/speck\/bombas-de-impulsor-periferico-3\/#primaryimage"},"image":{"@id":"https:\/\/www.indubombas.es\/index.php\/productos\/speck\/bombas-de-impulsor-periferico-3\/#primaryimage"},"thumbnailUrl":"http:\/\/www.indubombas.es\/wp-content\/uploads\/2017\/04\/impulsorpereferico.jpg","datePublished":"2017-04-11T10:14:42+00:00","dateModified":"2017-04-11T10:49:50+00:00","breadcrumb":{"@id":"https:\/\/www.indubombas.es\/index.php\/productos\/speck\/bombas-de-impulsor-periferico-3\/#breadcrumb"},"inLanguage":"es","potentialAction":[{"@type":"ReadAction","target":["https:\/\/www.indubombas.es\/index.php\/productos\/speck\/bombas-de-impulsor-periferico-3\/"]}]},{"@type":"ImageObject","inLanguage":"es","@id":"https:\/\/www.indubombas.es\/index.php\/productos\/speck\/bombas-de-impulsor-periferico-3\/#primaryimage","url":"http:\/\/www.indubombas.es\/wp-content\/uploads\/2017\/04\/impulsorpereferico.jpg","contentUrl":"http:\/\/www.indubombas.es\/wp-content\/uploads\/2017\/04\/impulsorpereferico.jpg"},{"@type":"BreadcrumbList","@id":"https:\/\/www.indubombas.es\/index.php\/productos\/speck\/bombas-de-impulsor-periferico-3\/#breadcrumb","itemListElement":[{"@type":"ListItem","position":1,"name":"Portada","item":"https:\/\/www.indubombas.es\/"},{"@type":"ListItem","position":2,"name":"Productos","item":"https:\/\/www.indubombas.es\/index.php\/productos\/"},{"@type":"ListItem","position":3,"name":"SPECK","item":"https:\/\/www.indubombas.es\/index.php\/productos\/speck\/"},{"@type":"ListItem","position":4,"name":"Bombas de impulsor perif\u00e9rico"}]},{"@type":"WebSite","@id":"https:\/\/www.indubombas.es\/#website","url":"https:\/\/www.indubombas.es\/","name":"InduBombas","description":"","publisher":{"@id":"https:\/\/www.indubombas.es\/#organization"},"potentialAction":[{"@type":"SearchAction","target":{"@type":"EntryPoint","urlTemplate":"https:\/\/www.indubombas.es\/?s={search_term_string}"},"query-input":{"@type":"PropertyValueSpecification","valueRequired":true,"valueName":"search_term_string"}}],"inLanguage":"es"},{"@type":"Organization","@id":"https:\/\/www.indubombas.es\/#organization","name":"Indubombas","url":"https:\/\/www.indubombas.es\/","logo":{"@type":"ImageObject","inLanguage":"es","@id":"https:\/\/www.indubombas.es\/#\/schema\/logo\/image\/","url":"http:\/\/www.indubombas.es\/wp-content\/uploads\/2017\/03\/cropped-Logo-INDUBOMBAS-1.jpg","contentUrl":"http:\/\/www.indubombas.es\/wp-content\/uploads\/2017\/03\/cropped-Logo-INDUBOMBAS-1.jpg","width":2667,"height":1181,"caption":"Indubombas"},"image":{"@id":"https:\/\/www.indubombas.es\/#\/schema\/logo\/image\/"}}]}},"_links":{"self":[{"href":"https:\/\/www.indubombas.es\/index.php\/wp-json\/wp\/v2\/pages\/681","targetHints":{"allow":["GET"]}}],"collection":[{"href":"https:\/\/www.indubombas.es\/index.php\/wp-json\/wp\/v2\/pages"}],"about":[{"href":"https:\/\/www.indubombas.es\/index.php\/wp-json\/wp\/v2\/types\/page"}],"author":[{"embeddable":true,"href":"https:\/\/www.indubombas.es\/index.php\/wp-json\/wp\/v2\/users\/1"}],"replies":[{"embeddable":true,"href":"https:\/\/www.indubombas.es\/index.php\/wp-json\/wp\/v2\/comments?post=681"}],"version-history":[{"count":4,"href":"https:\/\/www.indubombas.es\/index.php\/wp-json\/wp\/v2\/pages\/681\/revisions"}],"predecessor-version":[{"id":689,"href":"https:\/\/www.indubombas.es\/index.php\/wp-json\/wp\/v2\/pages\/681\/revisions\/689"}],"up":[{"embeddable":true,"href":"https:\/\/www.indubombas.es\/index.php\/wp-json\/wp\/v2\/pages\/169"}],"wp:attachment":[{"href":"https:\/\/www.indubombas.es\/index.php\/wp-json\/wp\/v2\/media?parent=681"}],"curies":[{"name":"wp","href":"https:\/\/api.w.org\/{rel}","templated":true}]}}